{"id":64497,"date":"2024-03-22T13:23:21","date_gmt":"2024-03-22T12:23:21","guid":{"rendered":"https:\/\/abinox-chr-clim.com\/index.php\/product\/plat-en-ardoise-olympia-pour-plateau-cm061-280x180mm-lot-de-2\/"},"modified":"2026-04-29T10:17:36","modified_gmt":"2026-04-29T08:17:36","slug":"plat-en-ardoise-olympia-pour-plateau-cm061-280x180mm-lot-de-2","status":"publish","type":"product","link":"https:\/\/abinox-chr-clim.com\/index.php\/product\/plat-en-ardoise-olympia-pour-plateau-cm061-280x180mm-lot-de-2\/","title":{"rendered":"Plat en ardoise Olympia pour plateau CM061 280x180mm (Lot de 2)"},"content":{"rendered":"<p>Bords lisses. Adapt\u00e9 \u00e0 la planche en bois CM061. Construction en ardoise naturelle \u00e9l\u00e9gante. Lavage \u00e0 la main uniquement. Style raffin\u00e9. Solide et r\u00e9sistant. Design \u00e9l\u00e9gant et \u00e9lanc\u00e9. Nettoyer avec un d\u00e9tergent doux. \u00c9vitez l&rsquo;immersion dans l&rsquo;eau.Bords lisses.<\/p>\n<p>Caract\u00e9ristiques :<br \/>Lot : 2.<br \/> Dimensions : 280(L) x 180(P) mm.<br \/> Mati\u00e8re : Soie<\/p>\n","protected":false},"excerpt":{"rendered":"<p>Plat en ardoise Olympia pour plateau CM061 280x180mm (Lot de 2)<\/p>\n","protected":false},"featured_media":84632,"comment_status":"closed","ping_status":"closed","template":"","meta":[],"product_brand":[],"product_cat":[1024,1023,1297,1029],"product_tag":[],"class_list":{"0":"post-64497","1":"product","2":"type-product","3":"status-publish","4":"has-post-thumbnail","6":"product_cat-accessoires-de-table","7":"product_cat-art-de-la-table","8":"product_cat-non-palettisable","9":"product_cat-presentation","10":"product_shipping_class-free-shipping","12":"first","13":"instock","14":"featured","15":"taxable","16":"shipping-taxable","17":"purchasable","18":"product-type-simple"},"_links":{"self":[{"href":"https:\/\/abinox-chr-clim.com\/index.php\/wp-json\/wp\/v2\/product\/64497","targetHints":{"allow":["GET"]}}],"collection":[{"href":"https:\/\/abinox-chr-clim.com\/index.php\/wp-json\/wp\/v2\/product"}],"about":[{"href":"https:\/\/abinox-chr-clim.com\/index.php\/wp-json\/wp\/v2\/types\/product"}],"replies":[{"embeddable":true,"href":"https:\/\/abinox-chr-clim.com\/index.php\/wp-json\/wp\/v2\/comments?post=64497"}],"wp:featuredmedia":[{"embeddable":true,"href":"https:\/\/abinox-chr-clim.com\/index.php\/wp-json\/wp\/v2\/media\/84632"}],"wp:attachment":[{"href":"https:\/\/abinox-chr-clim.com\/index.php\/wp-json\/wp\/v2\/media?parent=64497"}],"wp:term":[{"taxonomy":"product_brand","embeddable":true,"href":"https:\/\/abinox-chr-clim.com\/index.php\/wp-json\/wp\/v2\/product_brand?post=64497"},{"taxonomy":"product_cat","embeddable":true,"href":"https:\/\/abinox-chr-clim.com\/index.php\/wp-json\/wp\/v2\/product_cat?post=64497"},{"taxonomy":"product_tag","embeddable":true,"href":"https:\/\/abinox-chr-clim.com\/index.php\/wp-json\/wp\/v2\/product_tag?post=64497"}],"curies":[{"name":"wp","href":"https:\/\/api.w.org\/{rel}","templated":true}]}}