{"id":64492,"date":"2024-03-22T13:23:20","date_gmt":"2024-03-22T12:23:20","guid":{"rendered":"https:\/\/abinox-chr-clim.com\/index.php\/product\/support-a-tacos-en-acier-inoxydable-olympia\/"},"modified":"2026-04-14T09:44:57","modified_gmt":"2026-04-14T07:44:57","slug":"support-a-tacos-en-acier-inoxydable-olympia","status":"publish","type":"product","link":"https:\/\/abinox-chr-clim.com\/index.php\/product\/support-a-tacos-en-acier-inoxydable-olympia\/","title":{"rendered":"Support \u00e0 tacos en acier inoxydable Olympia"},"content":{"rendered":"<p>Support \u00e0 tacos r\u00e9versible en acier inoxydable pouvant accueillir deux tacos ou fajitas pr\u00eats \u00e0 emporter.<br \/>Evite que le contenu des tacos se d\u00e9verse sur la table. Contient 2 tacos. Peut \u00eatre plac\u00e9 au four avec les tacos. Compatible lave-vaisselle. Evite que le contenu des tacos se d\u00e9verse sur la table.<\/p>\n<p>Caract\u00e9ristiques :<br \/> Dimensions : 55(H) x 135(L) x 115(P)mm.<br \/> Mati\u00e8re : Inox<\/p>\n","protected":false},"excerpt":{"rendered":"<p>Support \u00e0 tacos en acier inoxydable Olympia<\/p>\n","protected":false},"featured_media":84265,"comment_status":"closed","ping_status":"closed","template":"","meta":[],"product_brand":[],"product_cat":[1024,1023,1297,1029],"product_tag":[],"class_list":{"0":"post-64492","1":"product","2":"type-product","3":"status-publish","4":"has-post-thumbnail","6":"product_cat-accessoires-de-table","7":"product_cat-art-de-la-table","8":"product_cat-non-palettisable","9":"product_cat-presentation","10":"product_shipping_class-free-shipping","12":"first","13":"instock","14":"featured","15":"taxable","16":"shipping-taxable","17":"purchasable","18":"product-type-simple"},"_links":{"self":[{"href":"https:\/\/abinox-chr-clim.com\/index.php\/wp-json\/wp\/v2\/product\/64492","targetHints":{"allow":["GET"]}}],"collection":[{"href":"https:\/\/abinox-chr-clim.com\/index.php\/wp-json\/wp\/v2\/product"}],"about":[{"href":"https:\/\/abinox-chr-clim.com\/index.php\/wp-json\/wp\/v2\/types\/product"}],"replies":[{"embeddable":true,"href":"https:\/\/abinox-chr-clim.com\/index.php\/wp-json\/wp\/v2\/comments?post=64492"}],"wp:featuredmedia":[{"embeddable":true,"href":"https:\/\/abinox-chr-clim.com\/index.php\/wp-json\/wp\/v2\/media\/84265"}],"wp:attachment":[{"href":"https:\/\/abinox-chr-clim.com\/index.php\/wp-json\/wp\/v2\/media?parent=64492"}],"wp:term":[{"taxonomy":"product_brand","embeddable":true,"href":"https:\/\/abinox-chr-clim.com\/index.php\/wp-json\/wp\/v2\/product_brand?post=64492"},{"taxonomy":"product_cat","embeddable":true,"href":"https:\/\/abinox-chr-clim.com\/index.php\/wp-json\/wp\/v2\/product_cat?post=64492"},{"taxonomy":"product_tag","embeddable":true,"href":"https:\/\/abinox-chr-clim.com\/index.php\/wp-json\/wp\/v2\/product_tag?post=64492"}],"curies":[{"name":"wp","href":"https:\/\/api.w.org\/{rel}","templated":true}]}}