{"id":64491,"date":"2024-03-22T13:23:19","date_gmt":"2024-03-22T12:23:19","guid":{"rendered":"https:\/\/abinox-chr-clim.com\/index.php\/product\/double-distributeur-de-cereales-aps\/"},"modified":"2026-04-14T08:40:56","modified_gmt":"2026-04-14T06:40:56","slug":"double-distributeur-de-cereales-aps","status":"publish","type":"product","link":"https:\/\/abinox-chr-clim.com\/index.php\/product\/double-distributeur-de-cereales-aps\/","title":{"rendered":"Double distributeur de c\u00e9r\u00e9ales APS"},"content":{"rendered":"<p>Conception \u00e0 double r\u00e9servoir pour servir simultan\u00e9ment deux types de c\u00e9r\u00e9ales pour le petit-d\u00e9jeuner. Le m\u00e9canisme de robinet fournit des portions mesur\u00e9es. Moins de bols trop remplis signifie moins de gaspillage et plus de profits. Les r\u00e9servoirs en plastique transparent permettent de voir le contenu pour une identification rapide. Les larges ouvertures permettent de remplir rapidement et facilement les r\u00e9servoirs de c\u00e9r\u00e9ales. Le couvercle en acier inoxydable et la base chrom\u00e9e sont faciles \u00e0 nettoyer. Le corps en plastique lavable au lave-vaisselle permet de gagner encore plus de temps lors du nettoyage. Convient pour des bols jusqu&rsquo;\u00e0 10 cm de hauteur. Parfait pour les buffets de petit-d\u00e9jeuner et l&rsquo;utilisation en self-service.Conception \u00e0 double r\u00e9servoir pour servir simultan\u00e9ment deux types de c\u00e9r\u00e9ales pour le petit-d\u00e9jeuner.<\/p>\n<p>Caract\u00e9ristiques :<br \/> Capacit\u00e9 : 2x 4,5L.<br \/> Dimensions : 540(H) x 354(L) x 215(P) mm.<br \/> Mati\u00e8re : Plastique et inox<\/p>\n","protected":false},"excerpt":{"rendered":"<p>Double distributeur de c\u00e9r\u00e9ales APS<\/p>\n","protected":false},"featured_media":82686,"comment_status":"closed","ping_status":"closed","template":"","meta":[],"product_brand":[],"product_cat":[1024,1023,1297,1029],"product_tag":[],"class_list":{"0":"post-64491","1":"product","2":"type-product","3":"status-publish","4":"has-post-thumbnail","6":"product_cat-accessoires-de-table","7":"product_cat-art-de-la-table","8":"product_cat-non-palettisable","9":"product_cat-presentation","10":"product_shipping_class-free-shipping","12":"first","13":"instock","14":"featured","15":"taxable","16":"shipping-taxable","17":"purchasable","18":"product-type-simple"},"_links":{"self":[{"href":"https:\/\/abinox-chr-clim.com\/index.php\/wp-json\/wp\/v2\/product\/64491","targetHints":{"allow":["GET"]}}],"collection":[{"href":"https:\/\/abinox-chr-clim.com\/index.php\/wp-json\/wp\/v2\/product"}],"about":[{"href":"https:\/\/abinox-chr-clim.com\/index.php\/wp-json\/wp\/v2\/types\/product"}],"replies":[{"embeddable":true,"href":"https:\/\/abinox-chr-clim.com\/index.php\/wp-json\/wp\/v2\/comments?post=64491"}],"wp:featuredmedia":[{"embeddable":true,"href":"https:\/\/abinox-chr-clim.com\/index.php\/wp-json\/wp\/v2\/media\/82686"}],"wp:attachment":[{"href":"https:\/\/abinox-chr-clim.com\/index.php\/wp-json\/wp\/v2\/media?parent=64491"}],"wp:term":[{"taxonomy":"product_brand","embeddable":true,"href":"https:\/\/abinox-chr-clim.com\/index.php\/wp-json\/wp\/v2\/product_brand?post=64491"},{"taxonomy":"product_cat","embeddable":true,"href":"https:\/\/abinox-chr-clim.com\/index.php\/wp-json\/wp\/v2\/product_cat?post=64491"},{"taxonomy":"product_tag","embeddable":true,"href":"https:\/\/abinox-chr-clim.com\/index.php\/wp-json\/wp\/v2\/product_tag?post=64491"}],"curies":[{"name":"wp","href":"https:\/\/api.w.org\/{rel}","templated":true}]}}