{"id":64487,"date":"2024-03-22T13:23:18","date_gmt":"2024-03-22T12:23:18","guid":{"rendered":"https:\/\/abinox-chr-clim.com\/index.php\/product\/plat-de-service-en-fonte-rond-avec-support-bois-olympia\/"},"modified":"2026-04-14T08:36:09","modified_gmt":"2026-04-14T06:36:09","slug":"plat-de-service-en-fonte-rond-avec-support-bois-olympia","status":"publish","type":"product","link":"https:\/\/abinox-chr-clim.com\/index.php\/product\/plat-de-service-en-fonte-rond-avec-support-bois-olympia\/","title":{"rendered":"Plat de service en fonte rond avec support bois Olympia"},"content":{"rendered":"<p>Plat en fonte massive avec support en bois fonc\u00e9 et poign\u00e9e amovible pour servir des plats gr\u00e9sillants sur table.<br \/>Avec poign\u00e9e amovible. Antiadh\u00e9sif si correctement culott\u00e9. Avec poign\u00e9e amovible.<\/p>\n<p>Caract\u00e9ristiques :<br \/> Capacit\u00e9 : 0,67L.<br \/> Dimensions : 220(\u00d8)mm.<br \/> Mati\u00e8re : Fonte<\/p>\n","protected":false},"excerpt":{"rendered":"<p>Plat de service en fonte rond avec support bois Olympia<\/p>\n","protected":false},"featured_media":80987,"comment_status":"closed","ping_status":"closed","template":"","meta":[],"product_brand":[],"product_cat":[1024,1023,1297,1029],"product_tag":[],"class_list":{"0":"post-64487","1":"product","2":"type-product","3":"status-publish","4":"has-post-thumbnail","6":"product_cat-accessoires-de-table","7":"product_cat-art-de-la-table","8":"product_cat-non-palettisable","9":"product_cat-presentation","10":"product_shipping_class-free-shipping","12":"first","13":"outofstock","14":"featured","15":"taxable","16":"shipping-taxable","17":"purchasable","18":"product-type-simple"},"_links":{"self":[{"href":"https:\/\/abinox-chr-clim.com\/index.php\/wp-json\/wp\/v2\/product\/64487","targetHints":{"allow":["GET"]}}],"collection":[{"href":"https:\/\/abinox-chr-clim.com\/index.php\/wp-json\/wp\/v2\/product"}],"about":[{"href":"https:\/\/abinox-chr-clim.com\/index.php\/wp-json\/wp\/v2\/types\/product"}],"replies":[{"embeddable":true,"href":"https:\/\/abinox-chr-clim.com\/index.php\/wp-json\/wp\/v2\/comments?post=64487"}],"wp:featuredmedia":[{"embeddable":true,"href":"https:\/\/abinox-chr-clim.com\/index.php\/wp-json\/wp\/v2\/media\/80987"}],"wp:attachment":[{"href":"https:\/\/abinox-chr-clim.com\/index.php\/wp-json\/wp\/v2\/media?parent=64487"}],"wp:term":[{"taxonomy":"product_brand","embeddable":true,"href":"https:\/\/abinox-chr-clim.com\/index.php\/wp-json\/wp\/v2\/product_brand?post=64487"},{"taxonomy":"product_cat","embeddable":true,"href":"https:\/\/abinox-chr-clim.com\/index.php\/wp-json\/wp\/v2\/product_cat?post=64487"},{"taxonomy":"product_tag","embeddable":true,"href":"https:\/\/abinox-chr-clim.com\/index.php\/wp-json\/wp\/v2\/product_tag?post=64487"}],"curies":[{"name":"wp","href":"https:\/\/api.w.org\/{rel}","templated":true}]}}