{"id":64484,"date":"2024-03-22T13:23:18","date_gmt":"2024-03-22T12:23:18","guid":{"rendered":"https:\/\/abinox-chr-clim.com\/index.php\/product\/chevalets-de-table-en-acier-inoxydable-olympia-reserve-lot-de-10\/"},"modified":"2026-04-02T09:06:09","modified_gmt":"2026-04-02T07:06:09","slug":"chevalets-de-table-en-acier-inoxydable-olympia-reserve-lot-de-10","status":"publish","type":"product","link":"https:\/\/abinox-chr-clim.com\/index.php\/product\/chevalets-de-table-en-acier-inoxydable-olympia-reserve-lot-de-10\/","title":{"rendered":"Chevalets de table en acier inoxydable Olympia r\u00e9serv\u00e9 (Lot de 10)"},"content":{"rendered":"<p>Caract\u00e9ristiques :<br \/>Lot : 10.<br \/> Dimensions : 35(H) x 51(L) x 38(P)mm.<br \/> Mati\u00e8re : Acier inoxydable<\/p>\n","protected":false},"excerpt":{"rendered":"<p>Chevalets de table en acier inoxydable Olympia r\u00e9serv\u00e9 (Lot de 10)<\/p>\n","protected":false},"featured_media":98148,"comment_status":"closed","ping_status":"closed","template":"","meta":[],"product_brand":[],"product_cat":[1024,1023,1297,1028],"product_tag":[],"class_list":{"0":"post-64484","1":"product","2":"type-product","3":"status-publish","4":"has-post-thumbnail","6":"product_cat-accessoires-de-table","7":"product_cat-art-de-la-table","8":"product_cat-non-palettisable","9":"product_cat-numeros-de-table","10":"product_shipping_class-free-shipping","12":"first","13":"outofstock","14":"featured","15":"taxable","16":"shipping-taxable","17":"purchasable","18":"product-type-simple"},"_links":{"self":[{"href":"https:\/\/abinox-chr-clim.com\/index.php\/wp-json\/wp\/v2\/product\/64484","targetHints":{"allow":["GET"]}}],"collection":[{"href":"https:\/\/abinox-chr-clim.com\/index.php\/wp-json\/wp\/v2\/product"}],"about":[{"href":"https:\/\/abinox-chr-clim.com\/index.php\/wp-json\/wp\/v2\/types\/product"}],"replies":[{"embeddable":true,"href":"https:\/\/abinox-chr-clim.com\/index.php\/wp-json\/wp\/v2\/comments?post=64484"}],"wp:featuredmedia":[{"embeddable":true,"href":"https:\/\/abinox-chr-clim.com\/index.php\/wp-json\/wp\/v2\/media\/98148"}],"wp:attachment":[{"href":"https:\/\/abinox-chr-clim.com\/index.php\/wp-json\/wp\/v2\/media?parent=64484"}],"wp:term":[{"taxonomy":"product_brand","embeddable":true,"href":"https:\/\/abinox-chr-clim.com\/index.php\/wp-json\/wp\/v2\/product_brand?post=64484"},{"taxonomy":"product_cat","embeddable":true,"href":"https:\/\/abinox-chr-clim.com\/index.php\/wp-json\/wp\/v2\/product_cat?post=64484"},{"taxonomy":"product_tag","embeddable":true,"href":"https:\/\/abinox-chr-clim.com\/index.php\/wp-json\/wp\/v2\/product_tag?post=64484"}],"curies":[{"name":"wp","href":"https:\/\/api.w.org\/{rel}","templated":true}]}}