{"id":64476,"date":"2024-03-22T13:23:13","date_gmt":"2024-03-22T12:23:13","guid":{"rendered":"https:\/\/abinox-chr-clim.com\/index.php\/product\/chevalets-de-table-en-plastique-olympia-reserved-lot-de-10\/"},"modified":"2026-04-14T09:15:04","modified_gmt":"2026-04-14T07:15:04","slug":"chevalets-de-table-en-plastique-olympia-reserved-lot-de-10","status":"publish","type":"product","link":"https:\/\/abinox-chr-clim.com\/index.php\/product\/chevalets-de-table-en-plastique-olympia-reserved-lot-de-10\/","title":{"rendered":"Chevalets de table en plastique Olympia \u00ab\u00a0Reserved\u00a0\u00bb (lot de 10)"},"content":{"rendered":"<p>Lot de 10. Texte en Anglais.<br \/>Fabriqu\u00e9 en plastique blanc durable et r\u00e9sistant. Conception pyramidale autoportante classique. Autres signal\u00e9tiques de table disponibles. Id\u00e9al pour les restaurants. Police \u00e9l\u00e9gante.  Fabriqu\u00e9 en plastique blanc durable et r\u00e9sistant.<\/p>\n<p>Caract\u00e9ristiques :<br \/>Lot : 10.<br \/> Dimensions : 45(H) x 120(L) x 36(P)mm.<br \/> Mati\u00e8re : Plastique<\/p>\n","protected":false},"excerpt":{"rendered":"<p>Chevalets de table en plastique Olympia \u00ab\u00a0Reserved\u00a0\u00bb (lot de 10)<\/p>\n","protected":false},"featured_media":104823,"comment_status":"closed","ping_status":"closed","template":"","meta":[],"product_brand":[],"product_cat":[1024,1023,1297,1028],"product_tag":[],"class_list":{"0":"post-64476","1":"product","2":"type-product","3":"status-publish","4":"has-post-thumbnail","6":"product_cat-accessoires-de-table","7":"product_cat-art-de-la-table","8":"product_cat-non-palettisable","9":"product_cat-numeros-de-table","10":"product_shipping_class-free-shipping","12":"first","13":"instock","14":"featured","15":"taxable","16":"shipping-taxable","17":"purchasable","18":"product-type-simple"},"_links":{"self":[{"href":"https:\/\/abinox-chr-clim.com\/index.php\/wp-json\/wp\/v2\/product\/64476","targetHints":{"allow":["GET"]}}],"collection":[{"href":"https:\/\/abinox-chr-clim.com\/index.php\/wp-json\/wp\/v2\/product"}],"about":[{"href":"https:\/\/abinox-chr-clim.com\/index.php\/wp-json\/wp\/v2\/types\/product"}],"replies":[{"embeddable":true,"href":"https:\/\/abinox-chr-clim.com\/index.php\/wp-json\/wp\/v2\/comments?post=64476"}],"wp:featuredmedia":[{"embeddable":true,"href":"https:\/\/abinox-chr-clim.com\/index.php\/wp-json\/wp\/v2\/media\/104823"}],"wp:attachment":[{"href":"https:\/\/abinox-chr-clim.com\/index.php\/wp-json\/wp\/v2\/media?parent=64476"}],"wp:term":[{"taxonomy":"product_brand","embeddable":true,"href":"https:\/\/abinox-chr-clim.com\/index.php\/wp-json\/wp\/v2\/product_brand?post=64476"},{"taxonomy":"product_cat","embeddable":true,"href":"https:\/\/abinox-chr-clim.com\/index.php\/wp-json\/wp\/v2\/product_cat?post=64476"},{"taxonomy":"product_tag","embeddable":true,"href":"https:\/\/abinox-chr-clim.com\/index.php\/wp-json\/wp\/v2\/product_tag?post=64476"}],"curies":[{"name":"wp","href":"https:\/\/api.w.org\/{rel}","templated":true}]}}