{"id":64472,"date":"2024-03-22T13:23:12","date_gmt":"2024-03-22T12:23:12","guid":{"rendered":"https:\/\/abinox-chr-clim.com\/index.php\/product\/numeros-de-table-en-bois-olympia-1-a-10\/"},"modified":"2026-04-11T09:28:19","modified_gmt":"2026-04-11T07:28:19","slug":"numeros-de-table-en-bois-olympia-1-a-10","status":"publish","type":"product","link":"https:\/\/abinox-chr-clim.com\/index.php\/product\/numeros-de-table-en-bois-olympia-1-a-10\/","title":{"rendered":"Num\u00e9ros de table en bois Olympia 1 \u00e0 10"},"content":{"rendered":"<p>Organisez votre salle gr\u00e2ce \u00e0 ces num\u00e9ros de table en bois. Dimensions (mm): 55(H) x 35(L) x 35(P).<br \/>En acacia. Num\u00e9ros 1-10. En acacia.<\/p>\n<p>Caract\u00e9ristiques :<br \/> Dimensions : 55(H) x 35(L) x 35(P)mm.<br \/> Mati\u00e8re : Bois.<br \/> Couleur : Bois d&rsquo;acacia.<\/p>\n","protected":false},"excerpt":{"rendered":"<p>Num\u00e9ros de table en bois Olympia 1 \u00e0 10<\/p>\n","protected":false},"featured_media":84503,"comment_status":"closed","ping_status":"closed","template":"","meta":[],"product_brand":[],"product_cat":[1024,1023,1297,1028],"product_tag":[],"class_list":{"0":"post-64472","1":"product","2":"type-product","3":"status-publish","4":"has-post-thumbnail","6":"product_cat-accessoires-de-table","7":"product_cat-art-de-la-table","8":"product_cat-non-palettisable","9":"product_cat-numeros-de-table","10":"product_shipping_class-free-shipping","12":"first","13":"instock","14":"featured","15":"taxable","16":"shipping-taxable","17":"purchasable","18":"product-type-simple"},"_links":{"self":[{"href":"https:\/\/abinox-chr-clim.com\/index.php\/wp-json\/wp\/v2\/product\/64472","targetHints":{"allow":["GET"]}}],"collection":[{"href":"https:\/\/abinox-chr-clim.com\/index.php\/wp-json\/wp\/v2\/product"}],"about":[{"href":"https:\/\/abinox-chr-clim.com\/index.php\/wp-json\/wp\/v2\/types\/product"}],"replies":[{"embeddable":true,"href":"https:\/\/abinox-chr-clim.com\/index.php\/wp-json\/wp\/v2\/comments?post=64472"}],"wp:featuredmedia":[{"embeddable":true,"href":"https:\/\/abinox-chr-clim.com\/index.php\/wp-json\/wp\/v2\/media\/84503"}],"wp:attachment":[{"href":"https:\/\/abinox-chr-clim.com\/index.php\/wp-json\/wp\/v2\/media?parent=64472"}],"wp:term":[{"taxonomy":"product_brand","embeddable":true,"href":"https:\/\/abinox-chr-clim.com\/index.php\/wp-json\/wp\/v2\/product_brand?post=64472"},{"taxonomy":"product_cat","embeddable":true,"href":"https:\/\/abinox-chr-clim.com\/index.php\/wp-json\/wp\/v2\/product_cat?post=64472"},{"taxonomy":"product_tag","embeddable":true,"href":"https:\/\/abinox-chr-clim.com\/index.php\/wp-json\/wp\/v2\/product_tag?post=64472"}],"curies":[{"name":"wp","href":"https:\/\/api.w.org\/{rel}","templated":true}]}}