{"id":64468,"date":"2024-03-22T13:23:12","date_gmt":"2024-03-22T12:23:12","guid":{"rendered":"https:\/\/abinox-chr-clim.com\/index.php\/product\/menagere-2-pieces-huile-et-vinaigre-paris-comas\/"},"modified":"2026-04-14T10:05:18","modified_gmt":"2026-04-14T08:05:18","slug":"menagere-2-pieces-huile-et-vinaigre-paris-comas","status":"publish","type":"product","link":"https:\/\/abinox-chr-clim.com\/index.php\/product\/menagere-2-pieces-huile-et-vinaigre-paris-comas\/","title":{"rendered":"M\u00e9nag\u00e8re 2 pi\u00e8ces huile et vinaigre Paris Comas"},"content":{"rendered":"<p>M\u00e9nag\u00e8re 2 pi\u00e8ces, support en acier inoxydable avec base en plastique noir. Huilier et vinaigrier en verre avec couvercles en acier inoxydable.<br \/>Comprenant huilier et vinaigrier en verre. 2 pi\u00e8ces. Support inox avec base en plastique noir. Comprenant huilier et vinaigrier en verre.<\/p>\n","protected":false},"excerpt":{"rendered":"<p>M\u00e9nag\u00e8re 2 pi\u00e8ces huile et vinaigre Paris Comas<\/p>\n","protected":false},"featured_media":96403,"comment_status":"closed","ping_status":"closed","template":"","meta":[],"product_brand":[],"product_cat":[1024,1023,1027,1297],"product_tag":[],"class_list":{"0":"post-64468","1":"product","2":"type-product","3":"status-publish","4":"has-post-thumbnail","6":"product_cat-accessoires-de-table","7":"product_cat-art-de-la-table","8":"product_cat-huile-et-vinaigre","9":"product_cat-non-palettisable","10":"product_shipping_class-free-shipping","12":"first","13":"instock","14":"featured","15":"taxable","16":"shipping-taxable","17":"purchasable","18":"product-type-simple"},"_links":{"self":[{"href":"https:\/\/abinox-chr-clim.com\/index.php\/wp-json\/wp\/v2\/product\/64468","targetHints":{"allow":["GET"]}}],"collection":[{"href":"https:\/\/abinox-chr-clim.com\/index.php\/wp-json\/wp\/v2\/product"}],"about":[{"href":"https:\/\/abinox-chr-clim.com\/index.php\/wp-json\/wp\/v2\/types\/product"}],"replies":[{"embeddable":true,"href":"https:\/\/abinox-chr-clim.com\/index.php\/wp-json\/wp\/v2\/comments?post=64468"}],"wp:featuredmedia":[{"embeddable":true,"href":"https:\/\/abinox-chr-clim.com\/index.php\/wp-json\/wp\/v2\/media\/96403"}],"wp:attachment":[{"href":"https:\/\/abinox-chr-clim.com\/index.php\/wp-json\/wp\/v2\/media?parent=64468"}],"wp:term":[{"taxonomy":"product_brand","embeddable":true,"href":"https:\/\/abinox-chr-clim.com\/index.php\/wp-json\/wp\/v2\/product_brand?post=64468"},{"taxonomy":"product_cat","embeddable":true,"href":"https:\/\/abinox-chr-clim.com\/index.php\/wp-json\/wp\/v2\/product_cat?post=64468"},{"taxonomy":"product_tag","embeddable":true,"href":"https:\/\/abinox-chr-clim.com\/index.php\/wp-json\/wp\/v2\/product_tag?post=64468"}],"curies":[{"name":"wp","href":"https:\/\/api.w.org\/{rel}","templated":true}]}}