{"id":64467,"date":"2024-03-22T13:23:11","date_gmt":"2024-03-22T12:23:11","guid":{"rendered":"https:\/\/abinox-chr-clim.com\/index.php\/product\/filtres-en-papier-pour-filtre-a-huile-monture-metallique-vogue\/"},"modified":"2026-04-14T09:53:02","modified_gmt":"2026-04-14T07:53:02","slug":"filtres-en-papier-pour-filtre-a-huile-monture-metallique-vogue","status":"publish","type":"product","link":"https:\/\/abinox-chr-clim.com\/index.php\/product\/filtres-en-papier-pour-filtre-a-huile-monture-metallique-vogue\/","title":{"rendered":"Filtres en papier pour filtre \u00e0 huile monture m\u00e9tallique Vogue"},"content":{"rendered":"<p>Monture en m\u00e9tal chrom\u00e9.<br \/>Compatible avec CN956. Permet de filtrer l&rsquo;huile efficacement. Compatible avec CN956.<\/p>\n<p>Caract\u00e9ristiques :<br \/>Lot : 50.<br \/> Dimensions : 250(\u00d8) mm.<br \/> Mati\u00e8re : Papier.<br \/> Couleur : Blanc.<\/p>\n","protected":false},"excerpt":{"rendered":"<p>Filtres en papier pour filtre \u00e0 huile monture m\u00e9tallique Vogue<\/p>\n","protected":false},"featured_media":85227,"comment_status":"closed","ping_status":"closed","template":"","meta":[],"product_brand":[],"product_cat":[1024,1023,1027,1297],"product_tag":[],"class_list":{"0":"post-64467","1":"product","2":"type-product","3":"status-publish","4":"has-post-thumbnail","6":"product_cat-accessoires-de-table","7":"product_cat-art-de-la-table","8":"product_cat-huile-et-vinaigre","9":"product_cat-non-palettisable","10":"product_shipping_class-free-shipping","12":"first","13":"instock","14":"featured","15":"taxable","16":"shipping-taxable","17":"purchasable","18":"product-type-simple"},"_links":{"self":[{"href":"https:\/\/abinox-chr-clim.com\/index.php\/wp-json\/wp\/v2\/product\/64467","targetHints":{"allow":["GET"]}}],"collection":[{"href":"https:\/\/abinox-chr-clim.com\/index.php\/wp-json\/wp\/v2\/product"}],"about":[{"href":"https:\/\/abinox-chr-clim.com\/index.php\/wp-json\/wp\/v2\/types\/product"}],"replies":[{"embeddable":true,"href":"https:\/\/abinox-chr-clim.com\/index.php\/wp-json\/wp\/v2\/comments?post=64467"}],"wp:featuredmedia":[{"embeddable":true,"href":"https:\/\/abinox-chr-clim.com\/index.php\/wp-json\/wp\/v2\/media\/85227"}],"wp:attachment":[{"href":"https:\/\/abinox-chr-clim.com\/index.php\/wp-json\/wp\/v2\/media?parent=64467"}],"wp:term":[{"taxonomy":"product_brand","embeddable":true,"href":"https:\/\/abinox-chr-clim.com\/index.php\/wp-json\/wp\/v2\/product_brand?post=64467"},{"taxonomy":"product_cat","embeddable":true,"href":"https:\/\/abinox-chr-clim.com\/index.php\/wp-json\/wp\/v2\/product_cat?post=64467"},{"taxonomy":"product_tag","embeddable":true,"href":"https:\/\/abinox-chr-clim.com\/index.php\/wp-json\/wp\/v2\/product_tag?post=64467"}],"curies":[{"name":"wp","href":"https:\/\/api.w.org\/{rel}","templated":true}]}}