{"id":64464,"date":"2024-03-22T13:23:11","date_gmt":"2024-03-22T12:23:11","guid":{"rendered":"https:\/\/abinox-chr-clim.com\/index.php\/product\/caisse-de-presentation-avec-ardoise-olympia-gn1-1\/"},"modified":"2026-04-02T09:27:52","modified_gmt":"2026-04-02T07:27:52","slug":"caisse-de-presentation-avec-ardoise-olympia-gn1-1","status":"publish","type":"product","link":"https:\/\/abinox-chr-clim.com\/index.php\/product\/caisse-de-presentation-avec-ardoise-olympia-gn1-1\/","title":{"rendered":"Caisse de pr\u00e9sentation avec ardoise Olympia GN1\/1"},"content":{"rendered":"<p>Id\u00e9al pour pr\u00e9senter pains et fruits. Acacia. Ardoise sur le c\u00f4t\u00e9. Utiliser des feutres craie. Id\u00e9al pour pr\u00e9senter pains et fruits.<\/p>\n<p>Caract\u00e9ristiques :<br \/> Dimensions : 120(H) x 527(L) x 325(P) mm.<br \/> Mati\u00e8re : Bois<\/p>\n","protected":false},"excerpt":{"rendered":"<p>Caisse de pr\u00e9sentation avec ardoise Olympia GN1\/1<\/p>\n","protected":false},"featured_media":105089,"comment_status":"closed","ping_status":"closed","template":"","meta":[],"product_brand":[],"product_cat":[1024,1023,1027,1297],"product_tag":[],"class_list":{"0":"post-64464","1":"product","2":"type-product","3":"status-publish","4":"has-post-thumbnail","6":"product_cat-accessoires-de-table","7":"product_cat-art-de-la-table","8":"product_cat-huile-et-vinaigre","9":"product_cat-non-palettisable","10":"product_shipping_class-free-shipping","12":"first","13":"instock","14":"featured","15":"taxable","16":"shipping-taxable","17":"purchasable","18":"product-type-simple"},"_links":{"self":[{"href":"https:\/\/abinox-chr-clim.com\/index.php\/wp-json\/wp\/v2\/product\/64464","targetHints":{"allow":["GET"]}}],"collection":[{"href":"https:\/\/abinox-chr-clim.com\/index.php\/wp-json\/wp\/v2\/product"}],"about":[{"href":"https:\/\/abinox-chr-clim.com\/index.php\/wp-json\/wp\/v2\/types\/product"}],"replies":[{"embeddable":true,"href":"https:\/\/abinox-chr-clim.com\/index.php\/wp-json\/wp\/v2\/comments?post=64464"}],"wp:featuredmedia":[{"embeddable":true,"href":"https:\/\/abinox-chr-clim.com\/index.php\/wp-json\/wp\/v2\/media\/105089"}],"wp:attachment":[{"href":"https:\/\/abinox-chr-clim.com\/index.php\/wp-json\/wp\/v2\/media?parent=64464"}],"wp:term":[{"taxonomy":"product_brand","embeddable":true,"href":"https:\/\/abinox-chr-clim.com\/index.php\/wp-json\/wp\/v2\/product_brand?post=64464"},{"taxonomy":"product_cat","embeddable":true,"href":"https:\/\/abinox-chr-clim.com\/index.php\/wp-json\/wp\/v2\/product_cat?post=64464"},{"taxonomy":"product_tag","embeddable":true,"href":"https:\/\/abinox-chr-clim.com\/index.php\/wp-json\/wp\/v2\/product_tag?post=64464"}],"curies":[{"name":"wp","href":"https:\/\/api.w.org\/{rel}","templated":true}]}}