{"id":64461,"date":"2024-03-22T13:23:10","date_gmt":"2024-03-22T12:23:10","guid":{"rendered":"https:\/\/abinox-chr-clim.com\/index.php\/product\/ensemble-huilier-ou-vinaigrier-avec-support-aps\/"},"modified":"2026-04-24T08:49:00","modified_gmt":"2026-04-24T06:49:00","slug":"ensemble-huilier-ou-vinaigrier-avec-support-aps","status":"publish","type":"product","link":"https:\/\/abinox-chr-clim.com\/index.php\/product\/ensemble-huilier-ou-vinaigrier-avec-support-aps\/","title":{"rendered":"Ensemble huilier ou vinaigrier avec support APS"},"content":{"rendered":"<p>Support en acier inoxydable avec socle en plastique noir et une bouteille d&rsquo;huile et de vinaigre en verre dot\u00e9es de bouchons en acier inoxydable. Bouteilles suppl\u00e9mentaires vendues s\u00e9par\u00e9ment.<\/p>\n<p>Caract\u00e9ristiques :<br \/> Dimensions : 215(H) x 115(L) x 54(P) mm.<br \/> Mati\u00e8re : Inox et verre.<br \/> Couleur : Argent.<\/p>\n","protected":false},"excerpt":{"rendered":"<p>Ensemble huilier ou vinaigrier avec support APS<\/p>\n","protected":false},"featured_media":82709,"comment_status":"closed","ping_status":"closed","template":"","meta":[],"product_brand":[],"product_cat":[1024,1023,1027,1297],"product_tag":[],"class_list":{"0":"post-64461","1":"product","2":"type-product","3":"status-publish","4":"has-post-thumbnail","6":"product_cat-accessoires-de-table","7":"product_cat-art-de-la-table","8":"product_cat-huile-et-vinaigre","9":"product_cat-non-palettisable","10":"product_shipping_class-free-shipping","12":"first","13":"instock","14":"featured","15":"taxable","16":"shipping-taxable","17":"purchasable","18":"product-type-simple"},"_links":{"self":[{"href":"https:\/\/abinox-chr-clim.com\/index.php\/wp-json\/wp\/v2\/product\/64461","targetHints":{"allow":["GET"]}}],"collection":[{"href":"https:\/\/abinox-chr-clim.com\/index.php\/wp-json\/wp\/v2\/product"}],"about":[{"href":"https:\/\/abinox-chr-clim.com\/index.php\/wp-json\/wp\/v2\/types\/product"}],"replies":[{"embeddable":true,"href":"https:\/\/abinox-chr-clim.com\/index.php\/wp-json\/wp\/v2\/comments?post=64461"}],"wp:featuredmedia":[{"embeddable":true,"href":"https:\/\/abinox-chr-clim.com\/index.php\/wp-json\/wp\/v2\/media\/82709"}],"wp:attachment":[{"href":"https:\/\/abinox-chr-clim.com\/index.php\/wp-json\/wp\/v2\/media?parent=64461"}],"wp:term":[{"taxonomy":"product_brand","embeddable":true,"href":"https:\/\/abinox-chr-clim.com\/index.php\/wp-json\/wp\/v2\/product_brand?post=64461"},{"taxonomy":"product_cat","embeddable":true,"href":"https:\/\/abinox-chr-clim.com\/index.php\/wp-json\/wp\/v2\/product_cat?post=64461"},{"taxonomy":"product_tag","embeddable":true,"href":"https:\/\/abinox-chr-clim.com\/index.php\/wp-json\/wp\/v2\/product_tag?post=64461"}],"curies":[{"name":"wp","href":"https:\/\/api.w.org\/{rel}","templated":true}]}}