{"id":64460,"date":"2024-03-22T13:23:10","date_gmt":"2024-03-22T12:23:10","guid":{"rendered":"https:\/\/abinox-chr-clim.com\/index.php\/product\/menagere-sel-poivre-aps\/"},"modified":"2026-04-24T08:48:59","modified_gmt":"2026-04-24T06:48:59","slug":"menagere-sel-poivre-aps","status":"publish","type":"product","link":"https:\/\/abinox-chr-clim.com\/index.php\/product\/menagere-sel-poivre-aps\/","title":{"rendered":"M\u00e9nag\u00e8re sel poivre APS"},"content":{"rendered":"<p>Support en acier inoxydable avec socle en plastique noir et une sali\u00e8re et poivri\u00e8re en verre dot\u00e9es de bouchons en acier inoxydable. Sali\u00e8re et poivri\u00e8re suppl\u00e9mentaires vendues s\u00e9par\u00e9ment.<\/p>\n<p>Caract\u00e9ristiques :<br \/> Dimensions : 130(H) x 40(L) x 80(P) mm.<br \/> Mati\u00e8re : Verre et acier inoxydable.<br \/> Couleur : Noir.<\/p>\n","protected":false},"excerpt":{"rendered":"<p>M\u00e9nag\u00e8re sel poivre APS<\/p>\n","protected":false},"featured_media":82701,"comment_status":"closed","ping_status":"closed","template":"","meta":[],"product_brand":[],"product_cat":[1024,1023,1027,1297],"product_tag":[],"class_list":{"0":"post-64460","1":"product","2":"type-product","3":"status-publish","4":"has-post-thumbnail","6":"product_cat-accessoires-de-table","7":"product_cat-art-de-la-table","8":"product_cat-huile-et-vinaigre","9":"product_cat-non-palettisable","10":"product_shipping_class-free-shipping","12":"first","13":"instock","14":"featured","15":"taxable","16":"shipping-taxable","17":"purchasable","18":"product-type-simple"},"_links":{"self":[{"href":"https:\/\/abinox-chr-clim.com\/index.php\/wp-json\/wp\/v2\/product\/64460","targetHints":{"allow":["GET"]}}],"collection":[{"href":"https:\/\/abinox-chr-clim.com\/index.php\/wp-json\/wp\/v2\/product"}],"about":[{"href":"https:\/\/abinox-chr-clim.com\/index.php\/wp-json\/wp\/v2\/types\/product"}],"replies":[{"embeddable":true,"href":"https:\/\/abinox-chr-clim.com\/index.php\/wp-json\/wp\/v2\/comments?post=64460"}],"wp:featuredmedia":[{"embeddable":true,"href":"https:\/\/abinox-chr-clim.com\/index.php\/wp-json\/wp\/v2\/media\/82701"}],"wp:attachment":[{"href":"https:\/\/abinox-chr-clim.com\/index.php\/wp-json\/wp\/v2\/media?parent=64460"}],"wp:term":[{"taxonomy":"product_brand","embeddable":true,"href":"https:\/\/abinox-chr-clim.com\/index.php\/wp-json\/wp\/v2\/product_brand?post=64460"},{"taxonomy":"product_cat","embeddable":true,"href":"https:\/\/abinox-chr-clim.com\/index.php\/wp-json\/wp\/v2\/product_cat?post=64460"},{"taxonomy":"product_tag","embeddable":true,"href":"https:\/\/abinox-chr-clim.com\/index.php\/wp-json\/wp\/v2\/product_tag?post=64460"}],"curies":[{"name":"wp","href":"https:\/\/api.w.org\/{rel}","templated":true}]}}