{"id":64454,"date":"2024-03-22T13:23:08","date_gmt":"2024-03-22T12:23:08","guid":{"rendered":"https:\/\/abinox-chr-clim.com\/index.php\/product\/crochets-de-table-pour-sac-chelsea-lot-de-10\/"},"modified":"2026-04-15T10:01:41","modified_gmt":"2026-04-15T08:01:41","slug":"crochets-de-table-pour-sac-chelsea-lot-de-10","status":"publish","type":"product","link":"https:\/\/abinox-chr-clim.com\/index.php\/product\/crochets-de-table-pour-sac-chelsea-lot-de-10\/","title":{"rendered":"Crochets de table pour sac Chelsea (lot de 10)"},"content":{"rendered":"<p>Crochet en nylon moul\u00e9 par injection. Fixation permanente \u00e0\u00a0 l&rsquo;aide de coussinets adh\u00e9sifs double face ou de vis (inclus). Permet de retirer les sacs du sol en toute s\u00e9curit\u00e9.Recommand\u00e9 par la police pour pr\u00e9venir le vol de sacs \u00e0\u00a0 main. Crochet en nylon moul\u00e9 par injection.<\/p>\n<p>Caract\u00e9ristiques :<br \/>Lot : 10.<br \/> Dimensions : 92(H) x 40(L) x 39(P)mm.<br \/> Mati\u00e8re : Plastique<\/p>\n","protected":false},"excerpt":{"rendered":"<p>Crochets de table pour sac Chelsea (lot de 10)<\/p>\n","protected":false},"featured_media":101845,"comment_status":"closed","ping_status":"closed","template":"","meta":[],"product_brand":[],"product_cat":[1024,1023,1026,1297],"product_tag":[],"class_list":{"0":"post-64454","1":"product","2":"type-product","3":"status-publish","4":"has-post-thumbnail","6":"product_cat-accessoires-de-table","7":"product_cat-art-de-la-table","8":"product_cat-divers-art-de-la-table","9":"product_cat-non-palettisable","10":"product_shipping_class-free-shipping","12":"first","13":"instock","14":"featured","15":"taxable","16":"shipping-taxable","17":"purchasable","18":"product-type-simple"},"_links":{"self":[{"href":"https:\/\/abinox-chr-clim.com\/index.php\/wp-json\/wp\/v2\/product\/64454","targetHints":{"allow":["GET"]}}],"collection":[{"href":"https:\/\/abinox-chr-clim.com\/index.php\/wp-json\/wp\/v2\/product"}],"about":[{"href":"https:\/\/abinox-chr-clim.com\/index.php\/wp-json\/wp\/v2\/types\/product"}],"replies":[{"embeddable":true,"href":"https:\/\/abinox-chr-clim.com\/index.php\/wp-json\/wp\/v2\/comments?post=64454"}],"wp:featuredmedia":[{"embeddable":true,"href":"https:\/\/abinox-chr-clim.com\/index.php\/wp-json\/wp\/v2\/media\/101845"}],"wp:attachment":[{"href":"https:\/\/abinox-chr-clim.com\/index.php\/wp-json\/wp\/v2\/media?parent=64454"}],"wp:term":[{"taxonomy":"product_brand","embeddable":true,"href":"https:\/\/abinox-chr-clim.com\/index.php\/wp-json\/wp\/v2\/product_brand?post=64454"},{"taxonomy":"product_cat","embeddable":true,"href":"https:\/\/abinox-chr-clim.com\/index.php\/wp-json\/wp\/v2\/product_cat?post=64454"},{"taxonomy":"product_tag","embeddable":true,"href":"https:\/\/abinox-chr-clim.com\/index.php\/wp-json\/wp\/v2\/product_tag?post=64454"}],"curies":[{"name":"wp","href":"https:\/\/api.w.org\/{rel}","templated":true}]}}