{"id":64450,"date":"2024-03-22T13:23:06","date_gmt":"2024-03-22T12:23:06","guid":{"rendered":"https:\/\/abinox-chr-clim.com\/index.php\/product\/petit-cendrier-empilable-en-verre-olympia-lot-de-24\/"},"modified":"2026-04-14T08:45:32","modified_gmt":"2026-04-14T06:45:32","slug":"petit-cendrier-empilable-en-verre-olympia-lot-de-24","status":"publish","type":"product","link":"https:\/\/abinox-chr-clim.com\/index.php\/product\/petit-cendrier-empilable-en-verre-olympia-lot-de-24\/","title":{"rendered":"Petit cendrier empilable en verre Olympia (lot de 24)"},"content":{"rendered":"<p>107(\u00d8)mm. La conception en verre permet en toute s\u00e9curit\u00e9 de r\u00e9cup\u00e9rer les cendres chaudes et les m\u00e9gots de cigarettes. Quatre cavit\u00e9s pouvant contenir les cigarettes allum\u00e9es. Fourni par lot de 24 rendant ces cendriers parfaits pour une utilisation en terrasse. Verre transparent pour une utilisation discr\u00e8te sur les tables.  107(\u00d8)mm.<\/p>\n<p>Caract\u00e9ristiques :<br \/>Lot : 24.<br \/> Mati\u00e8re : Verre<\/p>\n","protected":false},"excerpt":{"rendered":"<p>Petit cendrier empilable en verre Olympia (lot de 24)<\/p>\n","protected":false},"featured_media":87999,"comment_status":"closed","ping_status":"closed","template":"","meta":[],"product_brand":[],"product_cat":[1024,1023,1026,1297],"product_tag":[],"class_list":{"0":"post-64450","1":"product","2":"type-product","3":"status-publish","4":"has-post-thumbnail","6":"product_cat-accessoires-de-table","7":"product_cat-art-de-la-table","8":"product_cat-divers-art-de-la-table","9":"product_cat-non-palettisable","10":"product_shipping_class-free-shipping","12":"first","13":"instock","14":"featured","15":"taxable","16":"shipping-taxable","17":"purchasable","18":"product-type-simple"},"_links":{"self":[{"href":"https:\/\/abinox-chr-clim.com\/index.php\/wp-json\/wp\/v2\/product\/64450","targetHints":{"allow":["GET"]}}],"collection":[{"href":"https:\/\/abinox-chr-clim.com\/index.php\/wp-json\/wp\/v2\/product"}],"about":[{"href":"https:\/\/abinox-chr-clim.com\/index.php\/wp-json\/wp\/v2\/types\/product"}],"replies":[{"embeddable":true,"href":"https:\/\/abinox-chr-clim.com\/index.php\/wp-json\/wp\/v2\/comments?post=64450"}],"wp:featuredmedia":[{"embeddable":true,"href":"https:\/\/abinox-chr-clim.com\/index.php\/wp-json\/wp\/v2\/media\/87999"}],"wp:attachment":[{"href":"https:\/\/abinox-chr-clim.com\/index.php\/wp-json\/wp\/v2\/media?parent=64450"}],"wp:term":[{"taxonomy":"product_brand","embeddable":true,"href":"https:\/\/abinox-chr-clim.com\/index.php\/wp-json\/wp\/v2\/product_brand?post=64450"},{"taxonomy":"product_cat","embeddable":true,"href":"https:\/\/abinox-chr-clim.com\/index.php\/wp-json\/wp\/v2\/product_cat?post=64450"},{"taxonomy":"product_tag","embeddable":true,"href":"https:\/\/abinox-chr-clim.com\/index.php\/wp-json\/wp\/v2\/product_tag?post=64450"}],"curies":[{"name":"wp","href":"https:\/\/api.w.org\/{rel}","templated":true}]}}