{"id":64440,"date":"2024-03-22T13:23:04","date_gmt":"2024-03-22T12:23:04","guid":{"rendered":"https:\/\/abinox-chr-clim.com\/index.php\/product\/bougies-bistro-bolsius-177mm-ivoire-lot-de-45\/"},"modified":"2026-04-02T09:03:53","modified_gmt":"2026-04-02T07:03:53","slug":"bougies-bistro-bolsius-177mm-ivoire-lot-de-45","status":"publish","type":"product","link":"https:\/\/abinox-chr-clim.com\/index.php\/product\/bougies-bistro-bolsius-177mm-ivoire-lot-de-45\/","title":{"rendered":"Bougies bistro Bolsius 177mm ivoire (Lot de 45)"},"content":{"rendered":"<p>Bougies Bistro de 177(H) x 21,3(\u00d8)mm pour une atmosph\u00e8re chaleureuse. D\u00e9gagent peu de fum\u00e9e et ne coulent pas.<br \/>Le design blanc et haut pr\u00e9sente un aspect classique et \u00e9l\u00e9gant. Le design classique ajoute une touche de charme aux pr\u00e9sentations de table. La conception anti-goutte emp\u00eache la cire de marquer vos tables. Facilite \u00e9galement le d\u00e9barrassage des tables par le personnel apr\u00e8s le service. Sans fum\u00e9e pour \u00e9viter les irritations. La taille standard convient \u00e0 la plupart des bougeoirs.  Le design blanc et haut pr\u00e9sente un aspect classique et \u00e9l\u00e9gant.<\/p>\n<p>Caract\u00e9ristiques :<br \/>Lot : 45.<br \/> Dimensions : 177(H) x 21,3(\u00d8)mm.<br \/> Mati\u00e8re : Cire.<br \/> Couleur : Ivoire.<\/p>\n","protected":false},"excerpt":{"rendered":"<p>Bougies bistro Bolsius 177mm ivoire (Lot de 45)<\/p>\n","protected":false},"featured_media":100608,"comment_status":"closed","ping_status":"closed","template":"","meta":[],"product_brand":[],"product_cat":[1024,1023,1025,1297],"product_tag":[],"class_list":{"0":"post-64440","1":"product","2":"type-product","3":"status-publish","4":"has-post-thumbnail","6":"product_cat-accessoires-de-table","7":"product_cat-art-de-la-table","8":"product_cat-bougies-et-photophores","9":"product_cat-non-palettisable","10":"product_shipping_class-free-shipping","12":"first","13":"instock","14":"featured","15":"taxable","16":"shipping-taxable","17":"purchasable","18":"product-type-simple"},"_links":{"self":[{"href":"https:\/\/abinox-chr-clim.com\/index.php\/wp-json\/wp\/v2\/product\/64440","targetHints":{"allow":["GET"]}}],"collection":[{"href":"https:\/\/abinox-chr-clim.com\/index.php\/wp-json\/wp\/v2\/product"}],"about":[{"href":"https:\/\/abinox-chr-clim.com\/index.php\/wp-json\/wp\/v2\/types\/product"}],"replies":[{"embeddable":true,"href":"https:\/\/abinox-chr-clim.com\/index.php\/wp-json\/wp\/v2\/comments?post=64440"}],"wp:featuredmedia":[{"embeddable":true,"href":"https:\/\/abinox-chr-clim.com\/index.php\/wp-json\/wp\/v2\/media\/100608"}],"wp:attachment":[{"href":"https:\/\/abinox-chr-clim.com\/index.php\/wp-json\/wp\/v2\/media?parent=64440"}],"wp:term":[{"taxonomy":"product_brand","embeddable":true,"href":"https:\/\/abinox-chr-clim.com\/index.php\/wp-json\/wp\/v2\/product_brand?post=64440"},{"taxonomy":"product_cat","embeddable":true,"href":"https:\/\/abinox-chr-clim.com\/index.php\/wp-json\/wp\/v2\/product_cat?post=64440"},{"taxonomy":"product_tag","embeddable":true,"href":"https:\/\/abinox-chr-clim.com\/index.php\/wp-json\/wp\/v2\/product_tag?post=64440"}],"curies":[{"name":"wp","href":"https:\/\/api.w.org\/{rel}","templated":true}]}}