{"id":64439,"date":"2024-03-22T13:23:04","date_gmt":"2024-03-22T12:23:04","guid":{"rendered":"https:\/\/abinox-chr-clim.com\/index.php\/product\/bougies-bistro-bolsius-177mm-blanches-lot-de-45\/"},"modified":"2026-04-02T09:03:51","modified_gmt":"2026-04-02T07:03:51","slug":"bougies-bistro-bolsius-177mm-blanches-lot-de-45","status":"publish","type":"product","link":"https:\/\/abinox-chr-clim.com\/index.php\/product\/bougies-bistro-bolsius-177mm-blanches-lot-de-45\/","title":{"rendered":"Bougies bistro Bolsius 177mm blanches (Lot de 45)"},"content":{"rendered":"<p>Bougies Bistro pour une atmosph\u00e8re chaleureuse. D\u00e9gagent peu de fum\u00e9e et ne coulent pas. Bo\u00eete de 45. 177(H) x 21,3(\u00d8)mm.<\/p>\n<p>Caract\u00e9ristiques :<br \/>Lot : 45.<br \/> Dimensions : 177mm.<br \/> Mati\u00e8re : 177(H) x 21,3(\u00d8)mm.<br \/> Couleur : Blanc.<\/p>\n","protected":false},"excerpt":{"rendered":"<p>Bougies bistro Bolsius 177mm blanches (Lot de 45)<\/p>\n","protected":false},"featured_media":100600,"comment_status":"closed","ping_status":"closed","template":"","meta":[],"product_brand":[],"product_cat":[1024,1023,1025,1297],"product_tag":[],"class_list":{"0":"post-64439","1":"product","2":"type-product","3":"status-publish","4":"has-post-thumbnail","6":"product_cat-accessoires-de-table","7":"product_cat-art-de-la-table","8":"product_cat-bougies-et-photophores","9":"product_cat-non-palettisable","10":"product_shipping_class-free-shipping","12":"first","13":"instock","14":"featured","15":"taxable","16":"shipping-taxable","17":"purchasable","18":"product-type-simple"},"_links":{"self":[{"href":"https:\/\/abinox-chr-clim.com\/index.php\/wp-json\/wp\/v2\/product\/64439","targetHints":{"allow":["GET"]}}],"collection":[{"href":"https:\/\/abinox-chr-clim.com\/index.php\/wp-json\/wp\/v2\/product"}],"about":[{"href":"https:\/\/abinox-chr-clim.com\/index.php\/wp-json\/wp\/v2\/types\/product"}],"replies":[{"embeddable":true,"href":"https:\/\/abinox-chr-clim.com\/index.php\/wp-json\/wp\/v2\/comments?post=64439"}],"wp:featuredmedia":[{"embeddable":true,"href":"https:\/\/abinox-chr-clim.com\/index.php\/wp-json\/wp\/v2\/media\/100600"}],"wp:attachment":[{"href":"https:\/\/abinox-chr-clim.com\/index.php\/wp-json\/wp\/v2\/media?parent=64439"}],"wp:term":[{"taxonomy":"product_brand","embeddable":true,"href":"https:\/\/abinox-chr-clim.com\/index.php\/wp-json\/wp\/v2\/product_brand?post=64439"},{"taxonomy":"product_cat","embeddable":true,"href":"https:\/\/abinox-chr-clim.com\/index.php\/wp-json\/wp\/v2\/product_cat?post=64439"},{"taxonomy":"product_tag","embeddable":true,"href":"https:\/\/abinox-chr-clim.com\/index.php\/wp-json\/wp\/v2\/product_tag?post=64439"}],"curies":[{"name":"wp","href":"https:\/\/api.w.org\/{rel}","templated":true}]}}