{"id":64436,"date":"2024-03-22T13:23:03","date_gmt":"2024-03-22T12:23:03","guid":{"rendered":"https:\/\/abinox-chr-clim.com\/index.php\/product\/bougies-chauffe-plats-bolsius-4-heures-lot-de-100\/"},"modified":"2026-04-02T09:03:49","modified_gmt":"2026-04-02T07:03:49","slug":"bougies-chauffe-plats-bolsius-4-heures-lot-de-100","status":"publish","type":"product","link":"https:\/\/abinox-chr-clim.com\/index.php\/product\/bougies-chauffe-plats-bolsius-4-heures-lot-de-100\/","title":{"rendered":"Bougies chauffe plats Bolsius 4 heures (Lot de 100)"},"content":{"rendered":"<p>Bougies de 4 heures \u00e0 utiliser avec les chauffe-plats ou pour un \u00e9clairage d&rsquo;ambiance. 40 mm \u00d8.<\/p>\n<p>Caract\u00e9ristiques :<br \/>Lot : 100.<br \/> Dimensions : Diam\u00e8tre: 40mm.<br \/> Mati\u00e8re : Cire<\/p>\n","protected":false},"excerpt":{"rendered":"<p>Bougies chauffe plats Bolsius 4 heures (Lot de 100)<\/p>\n","protected":false},"featured_media":100595,"comment_status":"closed","ping_status":"closed","template":"","meta":[],"product_brand":[],"product_cat":[1024,1023,1025,1297],"product_tag":[],"class_list":{"0":"post-64436","1":"product","2":"type-product","3":"status-publish","4":"has-post-thumbnail","6":"product_cat-accessoires-de-table","7":"product_cat-art-de-la-table","8":"product_cat-bougies-et-photophores","9":"product_cat-non-palettisable","10":"product_shipping_class-free-shipping","12":"first","13":"instock","14":"featured","15":"taxable","16":"shipping-taxable","17":"purchasable","18":"product-type-simple"},"_links":{"self":[{"href":"https:\/\/abinox-chr-clim.com\/index.php\/wp-json\/wp\/v2\/product\/64436","targetHints":{"allow":["GET"]}}],"collection":[{"href":"https:\/\/abinox-chr-clim.com\/index.php\/wp-json\/wp\/v2\/product"}],"about":[{"href":"https:\/\/abinox-chr-clim.com\/index.php\/wp-json\/wp\/v2\/types\/product"}],"replies":[{"embeddable":true,"href":"https:\/\/abinox-chr-clim.com\/index.php\/wp-json\/wp\/v2\/comments?post=64436"}],"wp:featuredmedia":[{"embeddable":true,"href":"https:\/\/abinox-chr-clim.com\/index.php\/wp-json\/wp\/v2\/media\/100595"}],"wp:attachment":[{"href":"https:\/\/abinox-chr-clim.com\/index.php\/wp-json\/wp\/v2\/media?parent=64436"}],"wp:term":[{"taxonomy":"product_brand","embeddable":true,"href":"https:\/\/abinox-chr-clim.com\/index.php\/wp-json\/wp\/v2\/product_brand?post=64436"},{"taxonomy":"product_cat","embeddable":true,"href":"https:\/\/abinox-chr-clim.com\/index.php\/wp-json\/wp\/v2\/product_cat?post=64436"},{"taxonomy":"product_tag","embeddable":true,"href":"https:\/\/abinox-chr-clim.com\/index.php\/wp-json\/wp\/v2\/product_tag?post=64436"}],"curies":[{"name":"wp","href":"https:\/\/api.w.org\/{rel}","templated":true}]}}