{"id":64435,"date":"2024-03-22T13:23:03","date_gmt":"2024-03-22T12:23:03","guid":{"rendered":"https:\/\/abinox-chr-clim.com\/index.php\/product\/photophore-en-verre-transparent-diamant-olympia-75mm-lot-de-6\/"},"modified":"2025-07-24T19:03:19","modified_gmt":"2025-07-24T17:03:19","slug":"photophore-en-verre-transparent-diamant-olympia-75mm-lot-de-6","status":"publish","type":"product","link":"https:\/\/abinox-chr-clim.com\/index.php\/product\/photophore-en-verre-transparent-diamant-olympia-75mm-lot-de-6\/","title":{"rendered":"Photophore en verre transparent diamant Olympia 75mm (Lot de 6)"},"content":{"rendered":"<p>Contient des bougies standards 38(\u00d8)mm. Ouverture 55(\u00d8)mm. Design classique diamant. Contient des bougies standards 38(\u00d8)mm.<\/p>\n<p>Caract\u00e9ristiques :<br \/>Lot : 6.<br \/> Dimensions : 100(H)mm.<br \/> Mati\u00e8re : Verre<\/p>\n","protected":false},"excerpt":{"rendered":"<p>Photophore en verre transparent diamant Olympia 75mm (Lot de 6)<\/p>\n","protected":false},"featured_media":102181,"comment_status":"closed","ping_status":"closed","template":"","meta":[],"product_brand":[],"product_cat":[1024,1023,1025,1297],"product_tag":[],"class_list":{"0":"post-64435","1":"product","2":"type-product","3":"status-publish","4":"has-post-thumbnail","6":"product_cat-accessoires-de-table","7":"product_cat-art-de-la-table","8":"product_cat-bougies-et-photophores","9":"product_cat-non-palettisable","10":"product_shipping_class-free-shipping","12":"first","13":"outofstock","14":"featured","15":"taxable","16":"shipping-taxable","17":"purchasable","18":"product-type-simple"},"_links":{"self":[{"href":"https:\/\/abinox-chr-clim.com\/index.php\/wp-json\/wp\/v2\/product\/64435","targetHints":{"allow":["GET"]}}],"collection":[{"href":"https:\/\/abinox-chr-clim.com\/index.php\/wp-json\/wp\/v2\/product"}],"about":[{"href":"https:\/\/abinox-chr-clim.com\/index.php\/wp-json\/wp\/v2\/types\/product"}],"replies":[{"embeddable":true,"href":"https:\/\/abinox-chr-clim.com\/index.php\/wp-json\/wp\/v2\/comments?post=64435"}],"wp:featuredmedia":[{"embeddable":true,"href":"https:\/\/abinox-chr-clim.com\/index.php\/wp-json\/wp\/v2\/media\/102181"}],"wp:attachment":[{"href":"https:\/\/abinox-chr-clim.com\/index.php\/wp-json\/wp\/v2\/media?parent=64435"}],"wp:term":[{"taxonomy":"product_brand","embeddable":true,"href":"https:\/\/abinox-chr-clim.com\/index.php\/wp-json\/wp\/v2\/product_brand?post=64435"},{"taxonomy":"product_cat","embeddable":true,"href":"https:\/\/abinox-chr-clim.com\/index.php\/wp-json\/wp\/v2\/product_cat?post=64435"},{"taxonomy":"product_tag","embeddable":true,"href":"https:\/\/abinox-chr-clim.com\/index.php\/wp-json\/wp\/v2\/product_tag?post=64435"}],"curies":[{"name":"wp","href":"https:\/\/api.w.org\/{rel}","templated":true}]}}