{"id":64427,"date":"2024-03-22T13:23:01","date_gmt":"2024-03-22T12:23:01","guid":{"rendered":"https:\/\/abinox-chr-clim.com\/index.php\/product\/bougies-chauffe-plat-professionnelles-bolsius-8-heures-lot-de-90\/"},"modified":"2026-04-13T07:40:03","modified_gmt":"2026-04-13T05:40:03","slug":"bougies-chauffe-plat-professionnelles-bolsius-8-heures-lot-de-90","status":"publish","type":"product","link":"https:\/\/abinox-chr-clim.com\/index.php\/product\/bougies-chauffe-plat-professionnelles-bolsius-8-heures-lot-de-90\/","title":{"rendered":"Bougies chauffe-plat professionnelles Bolsius 8 heures (lot de 90)"},"content":{"rendered":"<p>Combustion propre. Sans huile de palme. 0% de graisse animale. Rallumable. Dur\u00e9e de combustion garantie de huit heures. Adapt\u00e9 aux v\u00e9g\u00e9taliens. M\u00e8che en coton. M\u00e9lange de cires v\u00e9g\u00e9tales. Aucun r\u00e9sidu.Combustion propre.<\/p>\n<p>Caract\u00e9ristiques :<br \/>Lot : 90.<br \/> Dimensions : 65(H) x 235(L) x 375(P)mm.<\/p>\n","protected":false},"excerpt":{"rendered":"<p>Bougies chauffe-plat professionnelles Bolsius 8 heures (lot de 90)<\/p>\n","protected":false},"featured_media":90011,"comment_status":"closed","ping_status":"closed","template":"","meta":[],"product_brand":[],"product_cat":[1024,1023,1025,1297],"product_tag":[],"class_list":{"0":"post-64427","1":"product","2":"type-product","3":"status-publish","4":"has-post-thumbnail","6":"product_cat-accessoires-de-table","7":"product_cat-art-de-la-table","8":"product_cat-bougies-et-photophores","9":"product_cat-non-palettisable","10":"product_shipping_class-free-shipping","12":"first","13":"instock","14":"featured","15":"taxable","16":"shipping-taxable","17":"purchasable","18":"product-type-simple"},"_links":{"self":[{"href":"https:\/\/abinox-chr-clim.com\/index.php\/wp-json\/wp\/v2\/product\/64427","targetHints":{"allow":["GET"]}}],"collection":[{"href":"https:\/\/abinox-chr-clim.com\/index.php\/wp-json\/wp\/v2\/product"}],"about":[{"href":"https:\/\/abinox-chr-clim.com\/index.php\/wp-json\/wp\/v2\/types\/product"}],"replies":[{"embeddable":true,"href":"https:\/\/abinox-chr-clim.com\/index.php\/wp-json\/wp\/v2\/comments?post=64427"}],"wp:featuredmedia":[{"embeddable":true,"href":"https:\/\/abinox-chr-clim.com\/index.php\/wp-json\/wp\/v2\/media\/90011"}],"wp:attachment":[{"href":"https:\/\/abinox-chr-clim.com\/index.php\/wp-json\/wp\/v2\/media?parent=64427"}],"wp:term":[{"taxonomy":"product_brand","embeddable":true,"href":"https:\/\/abinox-chr-clim.com\/index.php\/wp-json\/wp\/v2\/product_brand?post=64427"},{"taxonomy":"product_cat","embeddable":true,"href":"https:\/\/abinox-chr-clim.com\/index.php\/wp-json\/wp\/v2\/product_cat?post=64427"},{"taxonomy":"product_tag","embeddable":true,"href":"https:\/\/abinox-chr-clim.com\/index.php\/wp-json\/wp\/v2\/product_tag?post=64427"}],"curies":[{"name":"wp","href":"https:\/\/api.w.org\/{rel}","templated":true}]}}