{"id":64426,"date":"2024-03-22T13:23:01","date_gmt":"2024-03-22T12:23:01","guid":{"rendered":"https:\/\/abinox-chr-clim.com\/index.php\/product\/bougies-chauffe-plat-a-la-citronnelle-eazyzap-lot-de-50\/"},"modified":"2026-04-02T10:06:40","modified_gmt":"2026-04-02T08:06:40","slug":"bougies-chauffe-plat-a-la-citronnelle-eazyzap-lot-de-50","status":"publish","type":"product","link":"https:\/\/abinox-chr-clim.com\/index.php\/product\/bougies-chauffe-plat-a-la-citronnelle-eazyzap-lot-de-50\/","title":{"rendered":"Bougies chauffe-plat \u00e0 la citronnelle Eazyzap (lot de 50)"},"content":{"rendered":"<p>Les bougies chauffe-plat Eazyzap sont id\u00e9ales pour les espaces ext\u00e9rieurs.<br \/>Dur\u00e9e de combustion de 8 heures &#8211; convient \u00e0 la plupart des services du soir.Faciles \u00e0 utiliser et allumer. Fabriqu\u00e9 avec de la v\u00e9ritable huile de citronnelle naturelle (3 % de citronnelle). Convient pour une utilisation en ext\u00e9rieur. Lot de 50 bougies.Dur\u00e9e de combustion de 8 heures &#8211; convient \u00e0 la plupart des services du soir.<\/p>\n<p>Caract\u00e9ristiques :<br \/>Lot : 50.<br \/> Dimensions : 48(H) x 187.5(L) x 187.5(P)mm.<br \/> Mati\u00e8re : .<br \/> Couleur : Jaune.<\/p>\n","protected":false},"excerpt":{"rendered":"<p>Bougies chauffe-plat \u00e0 la citronnelle Eazyzap (lot de 50)<\/p>\n","protected":false},"featured_media":90083,"comment_status":"closed","ping_status":"closed","template":"","meta":[],"product_brand":[],"product_cat":[1024,1023,1025,1297],"product_tag":[],"class_list":{"0":"post-64426","1":"product","2":"type-product","3":"status-publish","4":"has-post-thumbnail","6":"product_cat-accessoires-de-table","7":"product_cat-art-de-la-table","8":"product_cat-bougies-et-photophores","9":"product_cat-non-palettisable","10":"product_shipping_class-free-shipping","12":"first","13":"outofstock","14":"featured","15":"taxable","16":"shipping-taxable","17":"purchasable","18":"product-type-simple"},"_links":{"self":[{"href":"https:\/\/abinox-chr-clim.com\/index.php\/wp-json\/wp\/v2\/product\/64426","targetHints":{"allow":["GET"]}}],"collection":[{"href":"https:\/\/abinox-chr-clim.com\/index.php\/wp-json\/wp\/v2\/product"}],"about":[{"href":"https:\/\/abinox-chr-clim.com\/index.php\/wp-json\/wp\/v2\/types\/product"}],"replies":[{"embeddable":true,"href":"https:\/\/abinox-chr-clim.com\/index.php\/wp-json\/wp\/v2\/comments?post=64426"}],"wp:featuredmedia":[{"embeddable":true,"href":"https:\/\/abinox-chr-clim.com\/index.php\/wp-json\/wp\/v2\/media\/90083"}],"wp:attachment":[{"href":"https:\/\/abinox-chr-clim.com\/index.php\/wp-json\/wp\/v2\/media?parent=64426"}],"wp:term":[{"taxonomy":"product_brand","embeddable":true,"href":"https:\/\/abinox-chr-clim.com\/index.php\/wp-json\/wp\/v2\/product_brand?post=64426"},{"taxonomy":"product_cat","embeddable":true,"href":"https:\/\/abinox-chr-clim.com\/index.php\/wp-json\/wp\/v2\/product_cat?post=64426"},{"taxonomy":"product_tag","embeddable":true,"href":"https:\/\/abinox-chr-clim.com\/index.php\/wp-json\/wp\/v2\/product_tag?post=64426"}],"curies":[{"name":"wp","href":"https:\/\/api.w.org\/{rel}","templated":true}]}}