{"id":64425,"date":"2024-03-22T13:23:01","date_gmt":"2024-03-22T12:23:01","guid":{"rendered":"https:\/\/abinox-chr-clim.com\/index.php\/product\/bougies-hautes-cylindriques-ivoire-bolsius-120mm-lot-de-12\/"},"modified":"2026-04-02T09:57:58","modified_gmt":"2026-04-02T07:57:58","slug":"bougies-hautes-cylindriques-ivoire-bolsius-120mm-lot-de-12","status":"publish","type":"product","link":"https:\/\/abinox-chr-clim.com\/index.php\/product\/bougies-hautes-cylindriques-ivoire-bolsius-120mm-lot-de-12\/","title":{"rendered":"Bougies hautes cylindriques ivoire Bolsius 120mm (lot de 12)"},"content":{"rendered":"<p>Des bougies longue dur\u00e9e de combustion \u00e0 placer o\u00f9 vous le souhaitez. Chaque bougie a une dur\u00e9e de combustion approximative de 39 heures, r\u00e9duisant ainsi le besoin de remplacement. Les m\u00e8ches sont faciles \u00e0 rallumer pour vous donner une flamme vive \u00e0 plusieurs reprises. Cire avec faible d\u00e9gagement de fum\u00e9e pour ne pas incommoder les clients \u00e0 table. Ajoute une lueur r\u00e9confortante et attrayante pour cr\u00e9er une atmosph\u00e8re accueillante.  Des bougies longue dur\u00e9e de combustion \u00e0 placer o\u00f9 vous le souhaitez.<\/p>\n<p>Caract\u00e9ristiques :<br \/>Lot : 12.<br \/> Dimensions : 58(\u00d8) x 120(H)mm.<br \/> Mati\u00e8re : Cire<\/p>\n","protected":false},"excerpt":{"rendered":"<p>Bougies hautes cylindriques ivoire Bolsius 120mm (lot de 12)<\/p>\n","protected":false},"featured_media":87547,"comment_status":"closed","ping_status":"closed","template":"","meta":[],"product_brand":[],"product_cat":[1024,1023,1025,1297],"product_tag":[],"class_list":{"0":"post-64425","1":"product","2":"type-product","3":"status-publish","4":"has-post-thumbnail","6":"product_cat-accessoires-de-table","7":"product_cat-art-de-la-table","8":"product_cat-bougies-et-photophores","9":"product_cat-non-palettisable","10":"product_shipping_class-free-shipping","12":"first","13":"instock","14":"featured","15":"taxable","16":"shipping-taxable","17":"purchasable","18":"product-type-simple"},"_links":{"self":[{"href":"https:\/\/abinox-chr-clim.com\/index.php\/wp-json\/wp\/v2\/product\/64425","targetHints":{"allow":["GET"]}}],"collection":[{"href":"https:\/\/abinox-chr-clim.com\/index.php\/wp-json\/wp\/v2\/product"}],"about":[{"href":"https:\/\/abinox-chr-clim.com\/index.php\/wp-json\/wp\/v2\/types\/product"}],"replies":[{"embeddable":true,"href":"https:\/\/abinox-chr-clim.com\/index.php\/wp-json\/wp\/v2\/comments?post=64425"}],"wp:featuredmedia":[{"embeddable":true,"href":"https:\/\/abinox-chr-clim.com\/index.php\/wp-json\/wp\/v2\/media\/87547"}],"wp:attachment":[{"href":"https:\/\/abinox-chr-clim.com\/index.php\/wp-json\/wp\/v2\/media?parent=64425"}],"wp:term":[{"taxonomy":"product_brand","embeddable":true,"href":"https:\/\/abinox-chr-clim.com\/index.php\/wp-json\/wp\/v2\/product_brand?post=64425"},{"taxonomy":"product_cat","embeddable":true,"href":"https:\/\/abinox-chr-clim.com\/index.php\/wp-json\/wp\/v2\/product_cat?post=64425"},{"taxonomy":"product_tag","embeddable":true,"href":"https:\/\/abinox-chr-clim.com\/index.php\/wp-json\/wp\/v2\/product_tag?post=64425"}],"curies":[{"name":"wp","href":"https:\/\/api.w.org\/{rel}","templated":true}]}}