{"id":64424,"date":"2024-03-22T13:23:01","date_gmt":"2024-03-22T12:23:01","guid":{"rendered":"https:\/\/abinox-chr-clim.com\/index.php\/product\/bougies-cylindriques-ivoire-bolsius-80mm-lot-de-12\/"},"modified":"2026-01-12T08:41:34","modified_gmt":"2026-01-12T07:41:34","slug":"bougies-cylindriques-ivoire-bolsius-80mm-lot-de-12","status":"publish","type":"product","link":"https:\/\/abinox-chr-clim.com\/index.php\/product\/bougies-cylindriques-ivoire-bolsius-80mm-lot-de-12\/","title":{"rendered":"Bougies cylindriques ivoire Bolsius 80mm (lot de 12)"},"content":{"rendered":"<p>Dur\u00e9e de combustion approximative de 22 heures. Faible d\u00e9gagement de fum\u00e9e. Compatible avec le bougeoir 4 en 1 (U995). Compatible avec le support de menu (Y128). Dur\u00e9e de combustion approximative de 22 heures.<\/p>\n<p>Caract\u00e9ristiques :<br \/>Lot : 12.<br \/> Dimensions : 60(\u00d8)x 80(H)mm.<br \/> Mati\u00e8re : Cire<\/p>\n","protected":false},"excerpt":{"rendered":"<p>Bougies cylindriques ivoire Bolsius 80mm (lot de 12)<\/p>\n","protected":false},"featured_media":85583,"comment_status":"closed","ping_status":"closed","template":"","meta":[],"product_brand":[],"product_cat":[1024,1023,1025,1297],"product_tag":[],"class_list":{"0":"post-64424","1":"product","2":"type-product","3":"status-publish","4":"has-post-thumbnail","6":"product_cat-accessoires-de-table","7":"product_cat-art-de-la-table","8":"product_cat-bougies-et-photophores","9":"product_cat-non-palettisable","10":"product_shipping_class-free-shipping","12":"first","13":"outofstock","14":"featured","15":"taxable","16":"shipping-taxable","17":"purchasable","18":"product-type-simple"},"_links":{"self":[{"href":"https:\/\/abinox-chr-clim.com\/index.php\/wp-json\/wp\/v2\/product\/64424","targetHints":{"allow":["GET"]}}],"collection":[{"href":"https:\/\/abinox-chr-clim.com\/index.php\/wp-json\/wp\/v2\/product"}],"about":[{"href":"https:\/\/abinox-chr-clim.com\/index.php\/wp-json\/wp\/v2\/types\/product"}],"replies":[{"embeddable":true,"href":"https:\/\/abinox-chr-clim.com\/index.php\/wp-json\/wp\/v2\/comments?post=64424"}],"wp:featuredmedia":[{"embeddable":true,"href":"https:\/\/abinox-chr-clim.com\/index.php\/wp-json\/wp\/v2\/media\/85583"}],"wp:attachment":[{"href":"https:\/\/abinox-chr-clim.com\/index.php\/wp-json\/wp\/v2\/media?parent=64424"}],"wp:term":[{"taxonomy":"product_brand","embeddable":true,"href":"https:\/\/abinox-chr-clim.com\/index.php\/wp-json\/wp\/v2\/product_brand?post=64424"},{"taxonomy":"product_cat","embeddable":true,"href":"https:\/\/abinox-chr-clim.com\/index.php\/wp-json\/wp\/v2\/product_cat?post=64424"},{"taxonomy":"product_tag","embeddable":true,"href":"https:\/\/abinox-chr-clim.com\/index.php\/wp-json\/wp\/v2\/product_tag?post=64424"}],"curies":[{"name":"wp","href":"https:\/\/api.w.org\/{rel}","templated":true}]}}