{"id":64423,"date":"2024-03-22T13:23:00","date_gmt":"2024-03-22T12:23:00","guid":{"rendered":"https:\/\/abinox-chr-clim.com\/index.php\/product\/photophores-style-lanterne-olympia-lot-de-6\/"},"modified":"2026-04-29T10:45:08","modified_gmt":"2026-04-29T08:45:08","slug":"photophores-style-lanterne-olympia-lot-de-6","status":"publish","type":"product","link":"https:\/\/abinox-chr-clim.com\/index.php\/product\/photophores-style-lanterne-olympia-lot-de-6\/","title":{"rendered":"Photophores style lanterne Olympia (lot de 6)"},"content":{"rendered":"<p>Design verre nervur\u00e9. Support m\u00e9tallique pour bougie chauffe-plat. Adapt\u00e9 aux pubs, bars lounges et restaurants. Facile \u00e0 nettoyer. Support m\u00e9tallique amovible.  Design verre nervur\u00e9.<\/p>\n<p>Caract\u00e9ristiques :<br \/>Lot : 6.<br \/> Dimensions : 105(H) x 110(\u00d8)mm.<br \/> Mati\u00e8re : Verre<\/p>\n","protected":false},"excerpt":{"rendered":"<p>Photophores style lanterne Olympia (lot de 6)<\/p>\n","protected":false},"featured_media":84784,"comment_status":"closed","ping_status":"closed","template":"","meta":[],"product_brand":[],"product_cat":[1024,1023,1025,1297],"product_tag":[],"class_list":{"0":"post-64423","1":"product","2":"type-product","3":"status-publish","4":"has-post-thumbnail","6":"product_cat-accessoires-de-table","7":"product_cat-art-de-la-table","8":"product_cat-bougies-et-photophores","9":"product_cat-non-palettisable","10":"product_shipping_class-free-shipping","12":"first","13":"instock","14":"featured","15":"taxable","16":"shipping-taxable","17":"purchasable","18":"product-type-simple"},"_links":{"self":[{"href":"https:\/\/abinox-chr-clim.com\/index.php\/wp-json\/wp\/v2\/product\/64423","targetHints":{"allow":["GET"]}}],"collection":[{"href":"https:\/\/abinox-chr-clim.com\/index.php\/wp-json\/wp\/v2\/product"}],"about":[{"href":"https:\/\/abinox-chr-clim.com\/index.php\/wp-json\/wp\/v2\/types\/product"}],"replies":[{"embeddable":true,"href":"https:\/\/abinox-chr-clim.com\/index.php\/wp-json\/wp\/v2\/comments?post=64423"}],"wp:featuredmedia":[{"embeddable":true,"href":"https:\/\/abinox-chr-clim.com\/index.php\/wp-json\/wp\/v2\/media\/84784"}],"wp:attachment":[{"href":"https:\/\/abinox-chr-clim.com\/index.php\/wp-json\/wp\/v2\/media?parent=64423"}],"wp:term":[{"taxonomy":"product_brand","embeddable":true,"href":"https:\/\/abinox-chr-clim.com\/index.php\/wp-json\/wp\/v2\/product_brand?post=64423"},{"taxonomy":"product_cat","embeddable":true,"href":"https:\/\/abinox-chr-clim.com\/index.php\/wp-json\/wp\/v2\/product_cat?post=64423"},{"taxonomy":"product_tag","embeddable":true,"href":"https:\/\/abinox-chr-clim.com\/index.php\/wp-json\/wp\/v2\/product_tag?post=64423"}],"curies":[{"name":"wp","href":"https:\/\/api.w.org\/{rel}","templated":true}]}}