{"id":64420,"date":"2024-03-22T13:20:36","date_gmt":"2024-03-22T12:20:36","guid":{"rendered":"https:\/\/abinox-chr-clim.com\/index.php\/product\/chariot-de-chargement-securit-pour-36-lampes-de-table-adapte-a-gr652-gr655-gr656-gr657-gr658\/"},"modified":"2026-04-02T10:11:54","modified_gmt":"2026-04-02T08:11:54","slug":"chariot-de-chargement-securit-pour-36-lampes-de-table-adapte-a-gr652-gr655-gr656-gr657-gr658","status":"publish","type":"product","link":"https:\/\/abinox-chr-clim.com\/index.php\/product\/chariot-de-chargement-securit-pour-36-lampes-de-table-adapte-a-gr652-gr655-gr656-gr657-gr658\/","title":{"rendered":"Chariot de chargement Securit pour 36 lampes de table adapt\u00e9 \u00e0 GR652 GR655 GR656 GR657 GR658"},"content":{"rendered":"<p>Peut charger jusqu&rsquo;\u00e0 36 lampes de table.Charge simultan\u00e9ment tout en m\u00eame temps. Chargement magn\u00e9tique. Le chariot a 4 roues et 2 avec serrures. Facile \u00e0 d\u00e9placer. Peut charger jusqu&rsquo;\u00e0 36 lampes de table.<\/p>\n","protected":false},"excerpt":{"rendered":"<p>Chariot de chargement Securit pour 36 lampes de table adapt\u00e9 \u00e0 GR652 GR655 GR656 GR657 GR658<\/p>\n","protected":false},"featured_media":103710,"comment_status":"closed","ping_status":"closed","template":"","meta":[],"product_brand":[],"product_cat":[1024,1023,1297],"product_tag":[],"class_list":{"0":"post-64420","1":"product","2":"type-product","3":"status-publish","4":"has-post-thumbnail","6":"product_cat-accessoires-de-table","7":"product_cat-art-de-la-table","8":"product_cat-non-palettisable","9":"product_shipping_class-free-shipping","11":"first","12":"outofstock","13":"featured","14":"taxable","15":"shipping-taxable","16":"purchasable","17":"product-type-simple"},"_links":{"self":[{"href":"https:\/\/abinox-chr-clim.com\/index.php\/wp-json\/wp\/v2\/product\/64420","targetHints":{"allow":["GET"]}}],"collection":[{"href":"https:\/\/abinox-chr-clim.com\/index.php\/wp-json\/wp\/v2\/product"}],"about":[{"href":"https:\/\/abinox-chr-clim.com\/index.php\/wp-json\/wp\/v2\/types\/product"}],"replies":[{"embeddable":true,"href":"https:\/\/abinox-chr-clim.com\/index.php\/wp-json\/wp\/v2\/comments?post=64420"}],"wp:featuredmedia":[{"embeddable":true,"href":"https:\/\/abinox-chr-clim.com\/index.php\/wp-json\/wp\/v2\/media\/103710"}],"wp:attachment":[{"href":"https:\/\/abinox-chr-clim.com\/index.php\/wp-json\/wp\/v2\/media?parent=64420"}],"wp:term":[{"taxonomy":"product_brand","embeddable":true,"href":"https:\/\/abinox-chr-clim.com\/index.php\/wp-json\/wp\/v2\/product_brand?post=64420"},{"taxonomy":"product_cat","embeddable":true,"href":"https:\/\/abinox-chr-clim.com\/index.php\/wp-json\/wp\/v2\/product_cat?post=64420"},{"taxonomy":"product_tag","embeddable":true,"href":"https:\/\/abinox-chr-clim.com\/index.php\/wp-json\/wp\/v2\/product_tag?post=64420"}],"curies":[{"name":"wp","href":"https:\/\/api.w.org\/{rel}","templated":true}]}}