{"id":64417,"date":"2024-03-22T13:20:35","date_gmt":"2024-03-22T12:20:35","guid":{"rendered":"https:\/\/abinox-chr-clim.com\/index.php\/product\/lampe-de-table-led-sans-fil-blanche-a-intensite-variable-securit-feline-avec-cable-de-chargement-magnetique\/"},"modified":"2025-06-30T11:55:14","modified_gmt":"2025-06-30T09:55:14","slug":"lampe-de-table-led-sans-fil-blanche-a-intensite-variable-securit-feline-avec-cable-de-chargement-magnetique","status":"publish","type":"product","link":"https:\/\/abinox-chr-clim.com\/index.php\/product\/lampe-de-table-led-sans-fil-blanche-a-intensite-variable-securit-feline-avec-cable-de-chargement-magnetique\/","title":{"rendered":"Lampe de table LED sans fil blanche \u00e0 intensit\u00e9 variable Securit Feline avec c\u00e2ble de chargement magn\u00e9tique"},"content":{"rendered":"<p>Lampe de table LED sans fil avec c\u00e2ble de chargement magn\u00e9tique \u00e0 connexion rapide.R\u00e9sistant \u00e0 l&rsquo;eau. Design moderne et \u00e9l\u00e9gant. M\u00e9tal galvanis\u00e9 robuste. Batterie puissante de 5 200 mAh. Recharge magn\u00e9tique pratique.Lampe de table LED sans fil avec c\u00e2ble de chargement magn\u00e9tique \u00e0 connexion rapide.<\/p>\n","protected":false},"excerpt":{"rendered":"<p>Lampe de table LED sans fil blanche \u00e0 intensit\u00e9 variable Securit Feline avec c\u00e2ble de chargement magn\u00e9tique<\/p>\n","protected":false},"featured_media":103707,"comment_status":"closed","ping_status":"closed","template":"","meta":[],"product_brand":[],"product_cat":[1024,1023,1297],"product_tag":[],"class_list":{"0":"post-64417","1":"product","2":"type-product","3":"status-publish","4":"has-post-thumbnail","6":"product_cat-accessoires-de-table","7":"product_cat-art-de-la-table","8":"product_cat-non-palettisable","9":"product_shipping_class-free-shipping","11":"first","12":"outofstock","13":"featured","14":"taxable","15":"shipping-taxable","16":"purchasable","17":"product-type-simple"},"_links":{"self":[{"href":"https:\/\/abinox-chr-clim.com\/index.php\/wp-json\/wp\/v2\/product\/64417","targetHints":{"allow":["GET"]}}],"collection":[{"href":"https:\/\/abinox-chr-clim.com\/index.php\/wp-json\/wp\/v2\/product"}],"about":[{"href":"https:\/\/abinox-chr-clim.com\/index.php\/wp-json\/wp\/v2\/types\/product"}],"replies":[{"embeddable":true,"href":"https:\/\/abinox-chr-clim.com\/index.php\/wp-json\/wp\/v2\/comments?post=64417"}],"wp:featuredmedia":[{"embeddable":true,"href":"https:\/\/abinox-chr-clim.com\/index.php\/wp-json\/wp\/v2\/media\/103707"}],"wp:attachment":[{"href":"https:\/\/abinox-chr-clim.com\/index.php\/wp-json\/wp\/v2\/media?parent=64417"}],"wp:term":[{"taxonomy":"product_brand","embeddable":true,"href":"https:\/\/abinox-chr-clim.com\/index.php\/wp-json\/wp\/v2\/product_brand?post=64417"},{"taxonomy":"product_cat","embeddable":true,"href":"https:\/\/abinox-chr-clim.com\/index.php\/wp-json\/wp\/v2\/product_cat?post=64417"},{"taxonomy":"product_tag","embeddable":true,"href":"https:\/\/abinox-chr-clim.com\/index.php\/wp-json\/wp\/v2\/product_tag?post=64417"}],"curies":[{"name":"wp","href":"https:\/\/api.w.org\/{rel}","templated":true}]}}