{"id":64412,"date":"2024-03-22T12:16:15","date_gmt":"2024-03-22T11:16:15","guid":{"rendered":"https:\/\/abinox-chr-clim.com\/index.php\/product\/armoire-positive-gn-inox-1-porte-650l-polar-serie-u\/"},"modified":"2026-04-23T08:49:32","modified_gmt":"2026-04-23T06:49:32","slug":"armoire-positive-gn-inox-1-porte-650l-polar-serie-u","status":"publish","type":"product","link":"https:\/\/abinox-chr-clim.com\/index.php\/product\/armoire-positive-gn-inox-1-porte-650l-polar-serie-u\/","title":{"rendered":"Armoire positive GN inox 1 porte 650L Polar S\u00e9rie U"},"content":{"rendered":"<p>Armoires verrouillables pouvant contenir jusqu&rsquo;\u00e0 10 bacs gastronorme 2\/1 de 100 mm de profondeur. Refroidissement rapide et efficace avec contr\u00f4leur enti\u00e8rement automatique et affichage digital constant. D\u00e9givrage semi-automatique avec intervalle de temps et roulettes verrouillables. NB : Pr\u00e9voir imp\u00e9rativement un espace de 50 cm entre l\u00bfappareil et le plafond.<br \/>3 \u00e9tag\u00e8res grises anti basculement et porte r\u00e9versible. Dur\u00e9e maximale de d\u00e9givrage: 20 minutes. D\u00e9givrage par jour: 4 fois. Indicateur digital de temp\u00e9rature et commande facilement accessible.R\u00e9f\u00e9rence soumise \u00e0 une Eco-participation mobilier de 15.59\u20ac par unit\u00e9 vendue. Roulettes verrouillables facilitant le positionnement. Le d\u00e9givrage automatique maximise l&rsquo;efficacit\u00e9 et les performances. Froid ventil\u00e9 pour un refroidissement efficace et un retour rapide en temp\u00e9rature. Int\u00e9rieur compatible GN 2\/1 pour un remplissage et un acc\u00e8s rapides. L&rsquo;installation d&rsquo;une porte r\u00e9versible permet de s&rsquo;adapter au mieux \u00e0 votre pi\u00e8ce et cr\u00e9er plus d&rsquo;espace. Porte verrouillable et r\u00e9versible \u00e0 fermeture automatique. Capacit\u00e9 nette utilisable : 358L. Plage de temp\u00e9rature ambiante : 5\u00b0C \u00e0 43\u00b0C. 3 \u00e9tag\u00e8res grises anti basculement et porte r\u00e9versible.<\/p>\n<p> Caract\u00e9ristiques :<br \/> Capacit\u00e9 : 650 L \/ 0,65 m\u00e8tres cube.<br \/> Dimensions : 2010(H) x 745(L) x 835(P) mm.<br \/> Mati\u00e8re : .<br \/> Isolation : 7 cm.<br \/> Fr\u00e9on : R600a \/ 140g.<br \/> Temp\u00e9rature : -2 \u00b0C \u00e0 5 \u00b0C.<br \/> Voltage : 230V.<br \/> Couleur : Acier inoxydable.<br \/> Puissance : 250 W.<br \/> Temp\u00e9rature ambiante : 43 \u00b0C.<br \/> Classe climatique : 5.<br \/> Classe \u00e9nerg\u00e9tique : C.<br \/> Bac GN : GN 2\/1XY.<\/p>\n","protected":false},"excerpt":{"rendered":"<div><img decoding=\"async\" src=\"https:\/\/abinox-chr-clim.com\/wp-content\/uploads\/2024\/03\/abinox-garantie.webp\" width=\"400px\"\/><\/div>\n<p>Armoire positive GN inox 1 porte 650L Polar S\u00e9rie U<\/p>\n","protected":false},"featured_media":98629,"comment_status":"closed","ping_status":"closed","template":"","meta":[],"product_brand":[],"product_cat":[1250,1249,1296],"product_tag":[],"class_list":{"0":"post-64412","1":"product","2":"type-product","3":"status-publish","4":"has-post-thumbnail","6":"product_cat-armoires-refrigerees","7":"product_cat-froid","8":"product_cat-palettisable","10":"first","11":"outofstock","12":"featured","13":"taxable","14":"shipping-taxable","15":"purchasable","16":"product-type-simple"},"_links":{"self":[{"href":"https:\/\/abinox-chr-clim.com\/index.php\/wp-json\/wp\/v2\/product\/64412","targetHints":{"allow":["GET"]}}],"collection":[{"href":"https:\/\/abinox-chr-clim.com\/index.php\/wp-json\/wp\/v2\/product"}],"about":[{"href":"https:\/\/abinox-chr-clim.com\/index.php\/wp-json\/wp\/v2\/types\/product"}],"replies":[{"embeddable":true,"href":"https:\/\/abinox-chr-clim.com\/index.php\/wp-json\/wp\/v2\/comments?post=64412"}],"wp:featuredmedia":[{"embeddable":true,"href":"https:\/\/abinox-chr-clim.com\/index.php\/wp-json\/wp\/v2\/media\/98629"}],"wp:attachment":[{"href":"https:\/\/abinox-chr-clim.com\/index.php\/wp-json\/wp\/v2\/media?parent=64412"}],"wp:term":[{"taxonomy":"product_brand","embeddable":true,"href":"https:\/\/abinox-chr-clim.com\/index.php\/wp-json\/wp\/v2\/product_brand?post=64412"},{"taxonomy":"product_cat","embeddable":true,"href":"https:\/\/abinox-chr-clim.com\/index.php\/wp-json\/wp\/v2\/product_cat?post=64412"},{"taxonomy":"product_tag","embeddable":true,"href":"https:\/\/abinox-chr-clim.com\/index.php\/wp-json\/wp\/v2\/product_tag?post=64412"}],"curies":[{"name":"wp","href":"https:\/\/api.w.org\/{rel}","templated":true}]}}