{"id":64400,"date":"2024-03-22T12:16:13","date_gmt":"2024-03-22T11:16:13","guid":{"rendered":"https:\/\/abinox-chr-clim.com\/index.php\/product\/assiettes-a-bord-large-olympia-athena-254mm-lot-de-12\/"},"modified":"2026-04-02T08:36:55","modified_gmt":"2026-04-02T06:36:55","slug":"assiettes-a-bord-large-olympia-athena-254mm-lot-de-12","status":"publish","type":"product","link":"https:\/\/abinox-chr-clim.com\/index.php\/product\/assiettes-a-bord-large-olympia-athena-254mm-lot-de-12\/","title":{"rendered":"Assiettes \u00e0 bord large Olympia Athena 254mm (Lot de 12)"},"content":{"rendered":"<p>La fabrication en porcelaine super-vitrifi\u00e9e offre une grande r\u00e9sistance et durabilit\u00e9. Le mat\u00e9riau super-vitrifi\u00e9 rend \u00e9galement les assiettes r\u00e9sistantes aux rayures et aux taches. Les bords roul\u00e9s donnent aux assiettes une excellente r\u00e9sistance aux \u00e9clats. Le lave-vaisselle permet un nettoyage facile. Elles peuvent \u00eatre utilis\u00e9es dans les fours et les micro-ondes pour plus de flexibilit\u00e9 pendant le service. Peut \u00eatre empil\u00e9 en toute s\u00e9curit\u00e9 pour un rangement peu encombrant. Le design \u00e0 large bord cr\u00e9e une pr\u00e9sentation qui met magnifiquement en valeur vos aliments. Le large rebord emp\u00eache \u00e9galement les aliments et les sauces de glisser de l&rsquo;assiette. La couleur blanche offre un fond neutre qui met en valeur vos plats. Cet article b\u00e9n\u00e9ficie de notre garantie \u00e0 vie contre les \u00e9br\u00e9chures.  La fabrication en porcelaine super-vitrifi\u00e9e offre une grande r\u00e9sistance et durabilit\u00e9.<\/p>\n<p> Caract\u00e9ristiques :<br \/>Lot : 12.<br \/> Dimensions : 29(H) x 254(\u00d8) mm.<br \/> Mati\u00e8re : Porcelaine.<br \/> Couleur : Blanc.<\/p>\n","protected":false},"excerpt":{"rendered":"<p>Assiettes \u00e0 bord large Olympia Athena 254mm (Lot de 12)<\/p>\n","protected":false},"featured_media":80869,"comment_status":"closed","ping_status":"closed","template":"","meta":[],"product_brand":[],"product_cat":[1023,1044,1297,1043],"product_tag":[],"class_list":{"0":"post-64400","1":"product","2":"type-product","3":"status-publish","4":"has-post-thumbnail","6":"product_cat-art-de-la-table","7":"product_cat-athena-hotelware","8":"product_cat-non-palettisable","9":"product_cat-vaisselle","10":"product_shipping_class-free-shipping","12":"first","13":"instock","14":"featured","15":"taxable","16":"shipping-taxable","17":"purchasable","18":"product-type-simple"},"_links":{"self":[{"href":"https:\/\/abinox-chr-clim.com\/index.php\/wp-json\/wp\/v2\/product\/64400","targetHints":{"allow":["GET"]}}],"collection":[{"href":"https:\/\/abinox-chr-clim.com\/index.php\/wp-json\/wp\/v2\/product"}],"about":[{"href":"https:\/\/abinox-chr-clim.com\/index.php\/wp-json\/wp\/v2\/types\/product"}],"replies":[{"embeddable":true,"href":"https:\/\/abinox-chr-clim.com\/index.php\/wp-json\/wp\/v2\/comments?post=64400"}],"wp:featuredmedia":[{"embeddable":true,"href":"https:\/\/abinox-chr-clim.com\/index.php\/wp-json\/wp\/v2\/media\/80869"}],"wp:attachment":[{"href":"https:\/\/abinox-chr-clim.com\/index.php\/wp-json\/wp\/v2\/media?parent=64400"}],"wp:term":[{"taxonomy":"product_brand","embeddable":true,"href":"https:\/\/abinox-chr-clim.com\/index.php\/wp-json\/wp\/v2\/product_brand?post=64400"},{"taxonomy":"product_cat","embeddable":true,"href":"https:\/\/abinox-chr-clim.com\/index.php\/wp-json\/wp\/v2\/product_cat?post=64400"},{"taxonomy":"product_tag","embeddable":true,"href":"https:\/\/abinox-chr-clim.com\/index.php\/wp-json\/wp\/v2\/product_tag?post=64400"}],"curies":[{"name":"wp","href":"https:\/\/api.w.org\/{rel}","templated":true}]}}