{"id":64398,"date":"2024-03-22T12:16:12","date_gmt":"2024-03-22T11:16:12","guid":{"rendered":"https:\/\/abinox-chr-clim.com\/index.php\/product\/pantalon-de-cuisine-whites-easyfit-a-petits-carreaux-noirs-xs\/"},"modified":"2026-04-14T10:05:44","modified_gmt":"2026-04-14T08:05:44","slug":"pantalon-de-cuisine-whites-easyfit-a-petits-carreaux-noirs-xs","status":"publish","type":"product","link":"https:\/\/abinox-chr-clim.com\/index.php\/product\/pantalon-de-cuisine-whites-easyfit-a-petits-carreaux-noirs-xs\/","title":{"rendered":"Pantalon de cuisine Whites Easyfit \u00e0 petits carreaux noirs XS"},"content":{"rendered":"<p>Pantalons traditionnels coupe mixte. Ceinture \u00e9lastique pour un ajustement parfait et un confort quotidien en cuisine. Le polyester-coton rev\u00eatu de t\u00e9flon vous offre une protection suppl\u00e9mentaire contre les projections. Poss\u00e8dent une poche arri\u00e8re et deux poches lat\u00e9rales ainsi que des passants en tissu.<br \/>Le rev\u00eatement en t\u00e9flon est antitache. Lavage facile avec temps de s\u00e9chage rapide. Aucun bouton pouvant casser. Ceinture \u00e9lastique pour un ajustement facile et confortable. Passant en tissu permettant d&rsquo;y glisser un torchon.  Le rev\u00eatement en t\u00e9flon est antitache.<\/p>\n<p> Caract\u00e9ristiques :<br \/> Mati\u00e8re : Polyester-coton &#8211; 65% polyester, 35% coton.<br \/> Poids du tissu : 210g\/m\u00b2.<br \/> Couleur : A motifs.<\/p>\n","protected":false},"excerpt":{"rendered":"<p>Pantalon de cuisine Whites Easyfit \u00e0 petits carreaux noirs XS<\/p>\n","protected":false},"featured_media":73246,"comment_status":"closed","ping_status":"closed","template":"","meta":[],"product_brand":[],"product_cat":[1297,1265,1262,1257],"product_tag":[],"class_list":{"0":"post-64398","1":"product","2":"type-product","3":"status-publish","4":"has-post-thumbnail","6":"product_cat-non-palettisable","7":"product_cat-pantalons-de-cuisine","8":"product_cat-tenues-de-cuisine","9":"product_cat-vetements-et-chaussures","10":"product_shipping_class-free-shipping","12":"first","13":"instock","14":"featured","15":"taxable","16":"shipping-taxable","17":"purchasable","18":"product-type-simple"},"_links":{"self":[{"href":"https:\/\/abinox-chr-clim.com\/index.php\/wp-json\/wp\/v2\/product\/64398","targetHints":{"allow":["GET"]}}],"collection":[{"href":"https:\/\/abinox-chr-clim.com\/index.php\/wp-json\/wp\/v2\/product"}],"about":[{"href":"https:\/\/abinox-chr-clim.com\/index.php\/wp-json\/wp\/v2\/types\/product"}],"replies":[{"embeddable":true,"href":"https:\/\/abinox-chr-clim.com\/index.php\/wp-json\/wp\/v2\/comments?post=64398"}],"wp:featuredmedia":[{"embeddable":true,"href":"https:\/\/abinox-chr-clim.com\/index.php\/wp-json\/wp\/v2\/media\/73246"}],"wp:attachment":[{"href":"https:\/\/abinox-chr-clim.com\/index.php\/wp-json\/wp\/v2\/media?parent=64398"}],"wp:term":[{"taxonomy":"product_brand","embeddable":true,"href":"https:\/\/abinox-chr-clim.com\/index.php\/wp-json\/wp\/v2\/product_brand?post=64398"},{"taxonomy":"product_cat","embeddable":true,"href":"https:\/\/abinox-chr-clim.com\/index.php\/wp-json\/wp\/v2\/product_cat?post=64398"},{"taxonomy":"product_tag","embeddable":true,"href":"https:\/\/abinox-chr-clim.com\/index.php\/wp-json\/wp\/v2\/product_tag?post=64398"}],"curies":[{"name":"wp","href":"https:\/\/api.w.org\/{rel}","templated":true}]}}