{"id":111938,"date":"2025-05-29T13:17:37","date_gmt":"2025-05-29T11:17:37","guid":{"rendered":"https:\/\/abinox-chr-clim.com\/index.php\/product\/table-refrigeree-positive-3-portes-polar-serie-u-avec-dosseret-417l\/"},"modified":"2026-04-02T10:40:19","modified_gmt":"2026-04-02T08:40:19","slug":"table-refrigeree-positive-3-portes-polar-serie-u-avec-dosseret-417l","status":"publish","type":"product","link":"https:\/\/abinox-chr-clim.com\/index.php\/product\/table-refrigeree-positive-3-portes-polar-serie-u-avec-dosseret-417l\/","title":{"rendered":"Table r\u00e9frig\u00e9r\u00e9e positive 3 portes Polar S\u00e9rie U avec dosseret 417L"},"content":{"rendered":"<p>Comptoir professionnel en acier inoxydable offrant un plan de travail pratique. D\u00e9givrage enti\u00e8rement automatique et affichage digital. Equip\u00e9 de roulettes verrouillables pour une plus grande manoeuvrabilit\u00e9.<\/p>\n<p>\u2022 3 \u00e9tag\u00e8res robustes r\u00e9glables maximisent la capacit\u00e9<br \/>\u2022 Plage de temp\u00e9rature ambiante : 5\u00b0C \u00e0 43\u00b0C<br \/>\u2022 Les roulettes robustes verrouillables permettent un positionnement facile<br \/>\u2022 Le d\u00e9givrage automatique aide \u00e0 maintenir la performance et l&rsquo;efficacit\u00e9<br \/>\u2022 Le refroidissement assist\u00e9 par ventilateur assure une r\u00e9cup\u00e9ration rapide de la temp\u00e9rature<br \/>\u2022 Une isolation de 50mm r\u00e9duit les co\u00fbts de fonctionnement et am\u00e9liore l&rsquo;efficacit\u00e9<br \/>\u2022 Un dosseret en acier inoxydable de 100mm de haut emp\u00eache les objets de tomber \u00e0 l&rsquo;arri\u00e8re<br \/>\u2022 Construction en acier inoxydable facile \u00e0 nettoyer et permettant de gagner du temps<br \/>\u2022 Commandes num\u00e9riques de temp\u00e9rature et affichage pr\u00e9cis et faciles \u00e0 utiliser<\/p>\n<p><b><u>Caract\u00e9ristiques du produit :<\/u><\/b><br \/>\u2022 Capacit\u00e9 : 417 L<br \/>\u2022 Dim. : 950(H) x 1795(L) x 700(P) mm<br \/>\u2022 Mati\u00e8re : Inox<br \/>\u2022 Fr\u00e9on : R600a \/ GWP 3 \/ 95g<br \/>\u2022 Temp\u00e9rature : -2 \u00b0C \u00e0 8 \u00b0C<br \/>\u2022 Voltage : 220-240V<br \/>\u2022 Poids : 139 kg<br \/>\u2022 Classe \u00e9nerg\u00e9tique : 45831<br \/>\u2022 Classe climatique : 5<br \/>\u2022 Temp\u00e9rature ambiante MAX : 40 \u00b0C<br \/>\u2022 Couleur : Argent.<\/p>\n","protected":false},"excerpt":{"rendered":"<p>350W. Capacit\u00e9 nette utile : 358L. R600a<\/p>\n","protected":false},"featured_media":107521,"comment_status":"open","ping_status":"closed","template":"","meta":[],"product_brand":[],"product_cat":[1249,1296,1255],"product_tag":[],"class_list":{"0":"post-111938","1":"product","2":"type-product","3":"status-publish","4":"has-post-thumbnail","6":"product_cat-froid","7":"product_cat-palettisable","8":"product_cat-tables-refrigerees","9":"product_shipping_class-free-shipping","11":"first","12":"instock","13":"featured","14":"taxable","15":"shipping-taxable","16":"purchasable","17":"product-type-simple"},"_links":{"self":[{"href":"https:\/\/abinox-chr-clim.com\/index.php\/wp-json\/wp\/v2\/product\/111938","targetHints":{"allow":["GET"]}}],"collection":[{"href":"https:\/\/abinox-chr-clim.com\/index.php\/wp-json\/wp\/v2\/product"}],"about":[{"href":"https:\/\/abinox-chr-clim.com\/index.php\/wp-json\/wp\/v2\/types\/product"}],"replies":[{"embeddable":true,"href":"https:\/\/abinox-chr-clim.com\/index.php\/wp-json\/wp\/v2\/comments?post=111938"}],"wp:featuredmedia":[{"embeddable":true,"href":"https:\/\/abinox-chr-clim.com\/index.php\/wp-json\/wp\/v2\/media\/107521"}],"wp:attachment":[{"href":"https:\/\/abinox-chr-clim.com\/index.php\/wp-json\/wp\/v2\/media?parent=111938"}],"wp:term":[{"taxonomy":"product_brand","embeddable":true,"href":"https:\/\/abinox-chr-clim.com\/index.php\/wp-json\/wp\/v2\/product_brand?post=111938"},{"taxonomy":"product_cat","embeddable":true,"href":"https:\/\/abinox-chr-clim.com\/index.php\/wp-json\/wp\/v2\/product_cat?post=111938"},{"taxonomy":"product_tag","embeddable":true,"href":"https:\/\/abinox-chr-clim.com\/index.php\/wp-json\/wp\/v2\/product_tag?post=111938"}],"curies":[{"name":"wp","href":"https:\/\/api.w.org\/{rel}","templated":true}]}}