{"id":111926,"date":"2025-05-29T13:17:16","date_gmt":"2025-05-29T11:17:16","guid":{"rendered":"https:\/\/abinox-chr-clim.com\/index.php\/product\/table-refrigeree-positive-deux-portes-polar-serie-u-282l\/"},"modified":"2026-04-14T11:33:54","modified_gmt":"2026-04-14T09:33:54","slug":"table-refrigeree-positive-deux-portes-polar-serie-u-282l","status":"publish","type":"product","link":"https:\/\/abinox-chr-clim.com\/index.php\/product\/table-refrigeree-positive-deux-portes-polar-serie-u-282l\/","title":{"rendered":"Table r\u00e9frig\u00e9r\u00e9e positive deux portes Polar S\u00e9rie U 282L"},"content":{"rendered":"<p>Pour les cuisines professionnelles o\u00f9 l&rsquo;espace est limit\u00e9, ces mod\u00e8les offrent un espace de stockage r\u00e9frig\u00e9r\u00e9 ainsi qu&rsquo;une surface de travail suppl\u00e9mentaire. D\u00e9givrage enti\u00e8rement automatique avec affichage num\u00e9rique constant de la temp\u00e9rature. Sans CFC. Equip\u00e9s de roulettes blocables pour un d\u00e9placement facile. Les mod\u00e8les 700mm sont compatibles gastronorme.<\/p>\n<p>\u2022 G\u00e9n\u00e9reuse capacit\u00e9 interne utilisable de 190L avec quatre \u00e9tag\u00e8res<br \/>\u2022 Construction solide en acier inoxydable facile \u00e0 nettoyer<br \/>\u2022 D\u00e9givrage automatique qui maximise l&rsquo;efficacit\u00e9 et la performance de refroidissement<br \/>\u2022 Affichage et contr\u00f4les de temp\u00e9rature num\u00e9riques pr\u00e9cis<br \/>\u2022 Portes \u00e0 fermeture automatique qui aident \u00e0 r\u00e9duire les co\u00fbts de fonctionnement et am\u00e9liorent la s\u00e9curit\u00e9 de la cuisine<br \/>\u2022 Syst\u00e8me de r\u00e9frig\u00e9ration puissant par air forc\u00e9 qui maintient une temp\u00e9rature constante dans toute l&rsquo;unit\u00e9<\/p>\n<p><b><u>Caract\u00e9ristiques du produit :<\/u><\/b><br \/>\u2022 Capacit\u00e9 : 282 L<br \/>\u2022 Dim. : 850(H) x 1360(L) x 700(P) mm<br \/>\u2022 Isolation : 50 mm<br \/>\u2022 Mati\u00e8re : Inox<br \/>\u2022 Fr\u00e9on : R600a \/ GWP 3 \/ 95g<br \/>\u2022 Temp\u00e9rature : -2 \u00b0C \u00e0 8 \u00b0C<br \/>\u2022 Voltage : 220-240V<br \/>\u2022 Poids : 98 kg<br \/>\u2022 Classe \u00e9nerg\u00e9tique : 45767<br \/>\u2022 Classe climatique : 5<br \/>\u2022 Temp\u00e9rature ambiante MAX : 40 \u00b0C<br \/>\u2022 Couleur : Argent.<\/p>\n","protected":false},"excerpt":{"rendered":"<p>300W. Capacit\u00e9 utile : 190L. R600a<\/p>\n","protected":false},"featured_media":105896,"comment_status":"open","ping_status":"closed","template":"","meta":[],"product_brand":[],"product_cat":[1249,1296,1255],"product_tag":[],"class_list":{"0":"post-111926","1":"product","2":"type-product","3":"status-publish","4":"has-post-thumbnail","6":"product_cat-froid","7":"product_cat-palettisable","8":"product_cat-tables-refrigerees","9":"product_shipping_class-free-shipping","11":"first","12":"instock","13":"featured","14":"taxable","15":"shipping-taxable","16":"purchasable","17":"product-type-simple"},"_links":{"self":[{"href":"https:\/\/abinox-chr-clim.com\/index.php\/wp-json\/wp\/v2\/product\/111926","targetHints":{"allow":["GET"]}}],"collection":[{"href":"https:\/\/abinox-chr-clim.com\/index.php\/wp-json\/wp\/v2\/product"}],"about":[{"href":"https:\/\/abinox-chr-clim.com\/index.php\/wp-json\/wp\/v2\/types\/product"}],"replies":[{"embeddable":true,"href":"https:\/\/abinox-chr-clim.com\/index.php\/wp-json\/wp\/v2\/comments?post=111926"}],"wp:featuredmedia":[{"embeddable":true,"href":"https:\/\/abinox-chr-clim.com\/index.php\/wp-json\/wp\/v2\/media\/105896"}],"wp:attachment":[{"href":"https:\/\/abinox-chr-clim.com\/index.php\/wp-json\/wp\/v2\/media?parent=111926"}],"wp:term":[{"taxonomy":"product_brand","embeddable":true,"href":"https:\/\/abinox-chr-clim.com\/index.php\/wp-json\/wp\/v2\/product_brand?post=111926"},{"taxonomy":"product_cat","embeddable":true,"href":"https:\/\/abinox-chr-clim.com\/index.php\/wp-json\/wp\/v2\/product_cat?post=111926"},{"taxonomy":"product_tag","embeddable":true,"href":"https:\/\/abinox-chr-clim.com\/index.php\/wp-json\/wp\/v2\/product_tag?post=111926"}],"curies":[{"name":"wp","href":"https:\/\/api.w.org\/{rel}","templated":true}]}}