{"id":111923,"date":"2025-05-29T13:17:11","date_gmt":"2025-05-29T11:17:11","guid":{"rendered":"https:\/\/abinox-chr-clim.com\/index.php\/product\/machine-a-granite-polar-serie-u-1x-12l\/"},"modified":"2026-04-24T11:10:41","modified_gmt":"2026-04-24T09:10:41","slug":"machine-a-granite-polar-serie-u-1x-12l","status":"publish","type":"product","link":"https:\/\/abinox-chr-clim.com\/index.php\/product\/machine-a-granite-polar-serie-u-1x-12l\/","title":{"rendered":"Machine \u00e0 granit\u00e9 Polar S\u00e9rie U 1x 12L"},"content":{"rendered":"<p>Machine \u00e0 granit\u00e9 polyvalente avec lampes LED ind\u00e9pendantes changeant de couleur. Contr\u00f4le num\u00e9rique de la temp\u00e9rature. Contrairement \u00e0 d&rsquo;autres machines, elle peut produire des granit\u00e9s avec une teneur en alcool allant jusqu&rsquo;\u00e0 20 %, ce qui est id\u00e9al pour les cocktails glac\u00e9s.<\/p>\n<p>\u2022 Capacit\u00e9 g\u00e9n\u00e9reuse de 12 litres<br \/>\u2022 Construction robuste en acier inoxydable et plastique APS<br \/>\u2022 Refroidissement puissant par compresseur<br \/>\u2022 D\u00e9givrage automatique<br \/>\u2022 Affichage et commandes num\u00e9riques intuitifs<br \/>\u2022 Peut pr\u00e9parer des boissons contenant jusqu&rsquo;\u00e0 20\u00a0% d&rsquo;alcool<br \/>\u2022 Peut faire des slushs \u00e0 partir de jus de fruits frais<br \/>\u2022 \u00c9clairage LED \u00e0 couleurs changeantes<\/p>\n<p><b><u>Caract\u00e9ristiques du produit :<\/u><\/b><br \/>\u2022 Capacit\u00e9 : 12 L<br \/>\u2022 Dim. : 940(H) x 610(L) x 280(P) mm<br \/>\u2022 Mati\u00e8re : Inox<br \/>\u2022 Temp\u00e9rature : -12 \u00b0C \u00e0 -2 \u00b0C<br \/>\u2022 Voltage : 220-240V<br \/>\u2022 Poids : 35 kg<br \/>\u2022 Temp\u00e9rature ambiante MAX : 32 \u00b0C<br \/>\u2022 Couleur : Noir.<\/p>\n","protected":false},"excerpt":{"rendered":"<p>435W. 1x 12 litres. Num\u00e9rique<\/p>\n","protected":false},"featured_media":109297,"comment_status":"open","ping_status":"closed","template":"","meta":[],"product_brand":[],"product_cat":[1194,1160,1296,1179,1187],"product_tag":[],"class_list":{"0":"post-111923","1":"product","2":"type-product","3":"status-publish","4":"has-post-thumbnail","6":"product_cat-machines-a-glacons","7":"product_cat-materiel-electrique-et-de-cuisson","8":"product_cat-palettisable","9":"product_cat-petit-materiel","10":"product_cat-preparation-des-aliments","12":"first","13":"instock","14":"featured","15":"taxable","16":"shipping-taxable","17":"purchasable","18":"product-type-simple"},"_links":{"self":[{"href":"https:\/\/abinox-chr-clim.com\/index.php\/wp-json\/wp\/v2\/product\/111923","targetHints":{"allow":["GET"]}}],"collection":[{"href":"https:\/\/abinox-chr-clim.com\/index.php\/wp-json\/wp\/v2\/product"}],"about":[{"href":"https:\/\/abinox-chr-clim.com\/index.php\/wp-json\/wp\/v2\/types\/product"}],"replies":[{"embeddable":true,"href":"https:\/\/abinox-chr-clim.com\/index.php\/wp-json\/wp\/v2\/comments?post=111923"}],"wp:featuredmedia":[{"embeddable":true,"href":"https:\/\/abinox-chr-clim.com\/index.php\/wp-json\/wp\/v2\/media\/109297"}],"wp:attachment":[{"href":"https:\/\/abinox-chr-clim.com\/index.php\/wp-json\/wp\/v2\/media?parent=111923"}],"wp:term":[{"taxonomy":"product_brand","embeddable":true,"href":"https:\/\/abinox-chr-clim.com\/index.php\/wp-json\/wp\/v2\/product_brand?post=111923"},{"taxonomy":"product_cat","embeddable":true,"href":"https:\/\/abinox-chr-clim.com\/index.php\/wp-json\/wp\/v2\/product_cat?post=111923"},{"taxonomy":"product_tag","embeddable":true,"href":"https:\/\/abinox-chr-clim.com\/index.php\/wp-json\/wp\/v2\/product_tag?post=111923"}],"curies":[{"name":"wp","href":"https:\/\/api.w.org\/{rel}","templated":true}]}}