{"id":111918,"date":"2025-05-29T13:17:03","date_gmt":"2025-05-29T11:17:03","guid":{"rendered":"https:\/\/abinox-chr-clim.com\/index.php\/product\/machine-a-glacons-de-comptoir-polar-serie-u-avec-uvc-20-kg\/"},"modified":"2026-04-24T11:04:18","modified_gmt":"2026-04-24T09:04:18","slug":"machine-a-glacons-de-comptoir-polar-serie-u-avec-uvc-20-kg","status":"publish","type":"product","link":"https:\/\/abinox-chr-clim.com\/index.php\/product\/machine-a-glacons-de-comptoir-polar-serie-u-avec-uvc-20-kg\/","title":{"rendered":"Machine \u00e0 gla\u00e7ons de comptoir Polar s\u00e9rie U avec UVC 20 kg"},"content":{"rendered":"<p>Machine \u00e0 remplissage automatique par air con\u00e7ue pour la fabrication constante de gla\u00e7ons, id\u00e9ale pour les pubs, les bo\u00eetes de nuit et les bars. Fournie avec une pelle et un kit d&rsquo;installation.<\/p>\n<p>\u2022 Fabrique jusqu&rsquo;\u00e0 20 kg\/jour<br \/>\u2022 La conception du comptoir utilise un syst\u00e8me de drainage par gravit\u00e9<br \/>\u2022 Pompe de vidange optionnelle (AF309) recommand\u00e9e pour les installations plus basses<br \/>\u2022 Deux fonctions de st\u00e9rilisation UVC r\u00e9duisent la prolif\u00e9ration des bact\u00e9ries<br \/>\u2022 Refroidissement puissant par compresseur avec d\u00e9givrage automatique sans souci<br \/>\u2022 Construction en acier inoxydable facile \u00e0 nettoyer et permettant de gagner du temps<br \/>\u2022 La porte solide emp\u00eache la contamination de la glace et bloque l&rsquo;exposition aux rayons UV-C<br \/>\u2022 La capacit\u00e9 de stockage de 4 kg garantit un approvisionnement permanent<br \/>\u2022 Affichage num\u00e9rique intuitif et commandes avec voyants lumineux<br \/>\u2022 Fonction d&rsquo;auto-nettoyage<\/p>\n<p><b><u>Caract\u00e9ristiques du produit :<\/u><\/b><br \/>\u2022 Capacit\u00e9 : 4kg<br \/>\u2022 Dim. : 590(H) x 380(L) x 477(P) mm<br \/>\u2022 Mati\u00e8re : Inox<br \/>\u2022 Fr\u00e9on : R600a \/ GWP 3<br \/>\u2022 Voltage : 220-240V<br \/>\u2022 Poids : 25,4 kg<br \/>\u2022 Temp\u00e9rature ambiante MAX : 43 \u00b0C<br \/>\u2022 Couleur : Argent.<\/p>\n","protected":false},"excerpt":{"rendered":"<p>185W. Jusqu&rsquo;\u00e0 20 kg\/jour. Avec fonction UVC<\/p>\n","protected":false},"featured_media":107293,"comment_status":"open","ping_status":"closed","template":"","meta":[],"product_brand":[],"product_cat":[1249,1253,1297],"product_tag":[],"class_list":{"0":"post-111918","1":"product","2":"type-product","3":"status-publish","4":"has-post-thumbnail","6":"product_cat-froid","7":"product_cat-machines-a-glacons-froid","8":"product_cat-non-palettisable","9":"product_shipping_class-free-shipping","11":"first","12":"instock","13":"featured","14":"taxable","15":"shipping-taxable","16":"purchasable","17":"product-type-simple"},"_links":{"self":[{"href":"https:\/\/abinox-chr-clim.com\/index.php\/wp-json\/wp\/v2\/product\/111918","targetHints":{"allow":["GET"]}}],"collection":[{"href":"https:\/\/abinox-chr-clim.com\/index.php\/wp-json\/wp\/v2\/product"}],"about":[{"href":"https:\/\/abinox-chr-clim.com\/index.php\/wp-json\/wp\/v2\/types\/product"}],"replies":[{"embeddable":true,"href":"https:\/\/abinox-chr-clim.com\/index.php\/wp-json\/wp\/v2\/comments?post=111918"}],"wp:featuredmedia":[{"embeddable":true,"href":"https:\/\/abinox-chr-clim.com\/index.php\/wp-json\/wp\/v2\/media\/107293"}],"wp:attachment":[{"href":"https:\/\/abinox-chr-clim.com\/index.php\/wp-json\/wp\/v2\/media?parent=111918"}],"wp:term":[{"taxonomy":"product_brand","embeddable":true,"href":"https:\/\/abinox-chr-clim.com\/index.php\/wp-json\/wp\/v2\/product_brand?post=111918"},{"taxonomy":"product_cat","embeddable":true,"href":"https:\/\/abinox-chr-clim.com\/index.php\/wp-json\/wp\/v2\/product_cat?post=111918"},{"taxonomy":"product_tag","embeddable":true,"href":"https:\/\/abinox-chr-clim.com\/index.php\/wp-json\/wp\/v2\/product_tag?post=111918"}],"curies":[{"name":"wp","href":"https:\/\/api.w.org\/{rel}","templated":true}]}}