{"id":111917,"date":"2025-05-29T13:17:01","date_gmt":"2025-05-29T11:17:01","guid":{"rendered":"https:\/\/abinox-chr-clim.com\/index.php\/product\/machine-a-creme-glacee-molle-polar-serie-u\/"},"modified":"2026-02-16T09:55:38","modified_gmt":"2026-02-16T08:55:38","slug":"machine-a-creme-glacee-molle-polar-serie-u","status":"publish","type":"product","link":"https:\/\/abinox-chr-clim.com\/index.php\/product\/machine-a-creme-glacee-molle-polar-serie-u\/","title":{"rendered":"Machine \u00e0 cr\u00e8me glac\u00e9e molle Polar s\u00e9rie U"},"content":{"rendered":"<p>Augmentez vos b\u00e9n\u00e9fices gr\u00e2ce \u00e0 une distribution rapide et fiable de cr\u00e8me glac\u00e9e. Dot\u00e9e d&rsquo;un design convivial et de commandes \u00e0 \u00e9cran tactile, cette machine vous permet de choisir entre deux parfums ou un m\u00e9lange des deux en utilisant 2 tr\u00e9mies de 6 litres. Sa pompe \u00e0 air int\u00e9gr\u00e9e a\u00e8re la cr\u00e8me glac\u00e9e, ce qui permet d&rsquo;obtenir une texture plus lisse et plus cr\u00e9meuse.<\/p>\n<p>\u2022 Rendement impressionnant de 20 \u00e0 25 litres\/heure<br \/>\u2022 Construction en acier inoxydable facile \u00e0 nettoyer et permettant de gagner du temps<br \/>\u2022 Commande intuitive par \u00e9cran tactile LCD<br \/>\u2022 2 tr\u00e9mies de 6 litres &#8211; offrent deux saveurs ou maximisent la capacit\u00e9<br \/>\u2022 La pompe \u00e0 air am\u00e9liore les r\u00e9sultats a\u00e9r\u00e9s et moelleux<br \/>\u2022 Le pr\u00e9-refroidissement permet des temps de cong\u00e9lation rapides<br \/>\u2022 Capacit\u00e9 du cylindre de cr\u00e8me glac\u00e9e\u00a0: 1\u00a0600\u00a0ml par cylindre<br \/>\u2022 Temps de r\u00e9cup\u00e9ration : env. 3 minutes \u00e0 26\u00b0C<\/p>\n<p><b><u>Caract\u00e9ristiques du produit :<\/u><\/b><br \/>\u2022 Temp\u00e9rature ambiante MAX : 35 \u00b0C<br \/>\u2022 Couleur : Argent.<\/p>\n","protected":false},"excerpt":{"rendered":"<p>2,2 kW. D\u00e9bit\u00a0: jusqu&rsquo;\u00e0 25\u00a0L\/h<\/p>\n","protected":false},"featured_media":109295,"comment_status":"open","ping_status":"closed","template":"","meta":[],"product_brand":[],"product_cat":[1249,1253,1297],"product_tag":[],"class_list":{"0":"post-111917","1":"product","2":"type-product","3":"status-publish","4":"has-post-thumbnail","6":"product_cat-froid","7":"product_cat-machines-a-glacons-froid","8":"product_cat-non-palettisable","9":"product_shipping_class-free-shipping","11":"first","12":"outofstock","13":"featured","14":"taxable","15":"shipping-taxable","16":"purchasable","17":"product-type-simple"},"_links":{"self":[{"href":"https:\/\/abinox-chr-clim.com\/index.php\/wp-json\/wp\/v2\/product\/111917","targetHints":{"allow":["GET"]}}],"collection":[{"href":"https:\/\/abinox-chr-clim.com\/index.php\/wp-json\/wp\/v2\/product"}],"about":[{"href":"https:\/\/abinox-chr-clim.com\/index.php\/wp-json\/wp\/v2\/types\/product"}],"replies":[{"embeddable":true,"href":"https:\/\/abinox-chr-clim.com\/index.php\/wp-json\/wp\/v2\/comments?post=111917"}],"wp:featuredmedia":[{"embeddable":true,"href":"https:\/\/abinox-chr-clim.com\/index.php\/wp-json\/wp\/v2\/media\/109295"}],"wp:attachment":[{"href":"https:\/\/abinox-chr-clim.com\/index.php\/wp-json\/wp\/v2\/media?parent=111917"}],"wp:term":[{"taxonomy":"product_brand","embeddable":true,"href":"https:\/\/abinox-chr-clim.com\/index.php\/wp-json\/wp\/v2\/product_brand?post=111917"},{"taxonomy":"product_cat","embeddable":true,"href":"https:\/\/abinox-chr-clim.com\/index.php\/wp-json\/wp\/v2\/product_cat?post=111917"},{"taxonomy":"product_tag","embeddable":true,"href":"https:\/\/abinox-chr-clim.com\/index.php\/wp-json\/wp\/v2\/product_tag?post=111917"}],"curies":[{"name":"wp","href":"https:\/\/api.w.org\/{rel}","templated":true}]}}