{"id":111912,"date":"2025-05-29T13:16:47","date_gmt":"2025-05-29T11:16:47","guid":{"rendered":"https:\/\/abinox-chr-clim.com\/index.php\/product\/coffret-de-protege-menus-contemporains-securit-a4-bleus-lot-de-20\/"},"modified":"2026-04-14T09:21:49","modified_gmt":"2026-04-14T07:21:49","slug":"coffret-de-protege-menus-contemporains-securit-a4-bleus-lot-de-20","status":"publish","type":"product","link":"https:\/\/abinox-chr-clim.com\/index.php\/product\/coffret-de-protege-menus-contemporains-securit-a4-bleus-lot-de-20\/","title":{"rendered":"Coffret de prot\u00e8ge-menus contemporains Securit A4 bleus (Lot de 20)"},"content":{"rendered":"<p>Collection de porte-menus contemporains en cuir synth\u00e9tique doux et r\u00e9sistant aux rayures, dot\u00e9s d&rsquo;un feuillet permettant d&rsquo;afficher quatre pages dos \u00e0 dos.  Livr\u00e9 dans une solide bo\u00eete de rangement pour une pr\u00e9sentation ordonn\u00e9e. Lavables \u00e0 l&rsquo;eau savonneuse.<\/p>\n<p>\u2022 Parfait pour une pr\u00e9sentation soign\u00e9e et contemporaine<br \/>\u2022 Lavable \u00e0 l&rsquo;eau et au savon<br \/>\u2022 Anti-rayures et lavable \u00e0 l&rsquo;eau et au savon.<br \/>\u2022 Comprend une pochette permettant de pr\u00e9senter 4 pages dos \u00e0 dos<br \/>\u2022 Inserts suppl\u00e9mentaires disponibles (H600)<\/p>\n<p><b><u>Caract\u00e9ristiques du produit :<\/u><\/b><br \/>\u2022 Lot : 20.0<br \/>\u2022 Dim. : 340(H) x 254(L) x 5(P) mm<br \/>\u2022 Mati\u00e8re : Cuir synth\u00e9tique<br \/>\u2022 Poids : 7,5 kg<br \/>\u2022 Couleur : Bleu.<\/p>\n","protected":false},"excerpt":{"rendered":"<p>A4. Double (4 pages). Quantit\u00e9 : 20 avec bo\u00eete de rangement.<\/p>\n","protected":false},"featured_media":107760,"comment_status":"open","ping_status":"closed","template":"","meta":[],"product_brand":[],"product_cat":[1122,1297,1125,1106],"product_tag":[],"class_list":{"0":"post-111912","1":"product","2":"type-product","3":"status-publish","4":"has-post-thumbnail","6":"product_cat-menus-et-signaletique","7":"product_cat-non-palettisable","8":"product_cat-protege-menus","9":"product_cat-restaurant-bar-et-hotel","10":"product_shipping_class-free-shipping","12":"first","13":"outofstock","14":"featured","15":"taxable","16":"shipping-taxable","17":"purchasable","18":"product-type-simple"},"_links":{"self":[{"href":"https:\/\/abinox-chr-clim.com\/index.php\/wp-json\/wp\/v2\/product\/111912","targetHints":{"allow":["GET"]}}],"collection":[{"href":"https:\/\/abinox-chr-clim.com\/index.php\/wp-json\/wp\/v2\/product"}],"about":[{"href":"https:\/\/abinox-chr-clim.com\/index.php\/wp-json\/wp\/v2\/types\/product"}],"replies":[{"embeddable":true,"href":"https:\/\/abinox-chr-clim.com\/index.php\/wp-json\/wp\/v2\/comments?post=111912"}],"wp:featuredmedia":[{"embeddable":true,"href":"https:\/\/abinox-chr-clim.com\/index.php\/wp-json\/wp\/v2\/media\/107760"}],"wp:attachment":[{"href":"https:\/\/abinox-chr-clim.com\/index.php\/wp-json\/wp\/v2\/media?parent=111912"}],"wp:term":[{"taxonomy":"product_brand","embeddable":true,"href":"https:\/\/abinox-chr-clim.com\/index.php\/wp-json\/wp\/v2\/product_brand?post=111912"},{"taxonomy":"product_cat","embeddable":true,"href":"https:\/\/abinox-chr-clim.com\/index.php\/wp-json\/wp\/v2\/product_cat?post=111912"},{"taxonomy":"product_tag","embeddable":true,"href":"https:\/\/abinox-chr-clim.com\/index.php\/wp-json\/wp\/v2\/product_tag?post=111912"}],"curies":[{"name":"wp","href":"https:\/\/api.w.org\/{rel}","templated":true}]}}