{"id":111910,"date":"2025-05-29T13:16:44","date_gmt":"2025-05-29T11:16:44","guid":{"rendered":"https:\/\/abinox-chr-clim.com\/index.php\/product\/grands-plateaux-repas-a-compartiments-en-polypropylene-olympia-kristallon-bleus-375mm-box-10\/"},"modified":"2026-04-24T09:25:18","modified_gmt":"2026-04-24T07:25:18","slug":"grands-plateaux-repas-a-compartiments-en-polypropylene-olympia-kristallon-bleus-375mm-box-10","status":"publish","type":"product","link":"https:\/\/abinox-chr-clim.com\/index.php\/product\/grands-plateaux-repas-a-compartiments-en-polypropylene-olympia-kristallon-bleus-375mm-box-10\/","title":{"rendered":"Grands plateaux repas \u00e0 compartiments en polypropyl\u00e8ne Olympia Kristallon bleus 375mm (Box 10)"},"content":{"rendered":"<p>Plateaux \u00e0 compartiments en polypropyl\u00e8ne, parfaits pour les \u00e9coles, les h\u00f4pitaux, les \u00e9tablissements pour personnes \u00e2g\u00e9es, etc. Empilables pour un rangement facile. Petit : 20(H) x 321(L) x 235(P)mm, Grand : 25(H) x 375(L) x 276(P)mm.<\/p>\n<p>\u2022 R\u00e9sistant au lave-vaisselle<br \/>\u2022 3 compartiments pour les aliments\/boissons<br \/>\u2022 1 compartiment pour les couverts<br \/>\u2022 Poign\u00e9es faciles \u00e0 tenir<br \/>\u2022 Empilable pour faciliter le rangement<br \/>\u2022 Mat\u00e9riau durable<\/p>\n<p><b><u>Caract\u00e9ristiques du produit :<\/u><\/b><br \/>\u2022 Lot : 10.0<br \/>\u2022 Dim. : 25(H) x 375(L) x 276(P)mm<br \/>\u2022 Mati\u00e8re : Polypropyl\u00e8ne<br \/>\u2022 Poids : 293,6 kg<br \/>\u2022 Couleur : Bleu.<\/p>\n","protected":false},"excerpt":{"rendered":"<p>25(H) x 375(L) x 278(P)mm. Lot de 10<\/p>\n","protected":false},"featured_media":107517,"comment_status":"open","ping_status":"closed","template":"","meta":[],"product_brand":[],"product_cat":[1297,1127,1106],"product_tag":[],"class_list":{"0":"post-111910","1":"product","2":"type-product","3":"status-publish","4":"has-post-thumbnail","6":"product_cat-non-palettisable","7":"product_cat-plateaux-de-service","8":"product_cat-restaurant-bar-et-hotel","9":"product_shipping_class-free-shipping","11":"first","12":"instock","13":"featured","14":"taxable","15":"shipping-taxable","16":"purchasable","17":"product-type-simple"},"_links":{"self":[{"href":"https:\/\/abinox-chr-clim.com\/index.php\/wp-json\/wp\/v2\/product\/111910","targetHints":{"allow":["GET"]}}],"collection":[{"href":"https:\/\/abinox-chr-clim.com\/index.php\/wp-json\/wp\/v2\/product"}],"about":[{"href":"https:\/\/abinox-chr-clim.com\/index.php\/wp-json\/wp\/v2\/types\/product"}],"replies":[{"embeddable":true,"href":"https:\/\/abinox-chr-clim.com\/index.php\/wp-json\/wp\/v2\/comments?post=111910"}],"wp:featuredmedia":[{"embeddable":true,"href":"https:\/\/abinox-chr-clim.com\/index.php\/wp-json\/wp\/v2\/media\/107517"}],"wp:attachment":[{"href":"https:\/\/abinox-chr-clim.com\/index.php\/wp-json\/wp\/v2\/media?parent=111910"}],"wp:term":[{"taxonomy":"product_brand","embeddable":true,"href":"https:\/\/abinox-chr-clim.com\/index.php\/wp-json\/wp\/v2\/product_brand?post=111910"},{"taxonomy":"product_cat","embeddable":true,"href":"https:\/\/abinox-chr-clim.com\/index.php\/wp-json\/wp\/v2\/product_cat?post=111910"},{"taxonomy":"product_tag","embeddable":true,"href":"https:\/\/abinox-chr-clim.com\/index.php\/wp-json\/wp\/v2\/product_tag?post=111910"}],"curies":[{"name":"wp","href":"https:\/\/api.w.org\/{rel}","templated":true}]}}