{"id":111905,"date":"2025-05-29T13:16:33","date_gmt":"2025-05-29T11:16:33","guid":{"rendered":"https:\/\/abinox-chr-clim.com\/index.php\/product\/plaque-de-cuisson-electrique-sur-four-a-convection-buffalo-serie-600\/"},"modified":"2026-04-13T08:25:06","modified_gmt":"2026-04-13T06:25:06","slug":"plaque-de-cuisson-electrique-sur-four-a-convection-buffalo-serie-600","status":"publish","type":"product","link":"https:\/\/abinox-chr-clim.com\/index.php\/product\/plaque-de-cuisson-electrique-sur-four-a-convection-buffalo-serie-600\/","title":{"rendered":"Plaque de cuisson \u00e9lectrique sur four \u00e0 convection Buffalo S\u00e9rie 600"},"content":{"rendered":"<p>Optimisez votre espace de cuisine professionnelle avec la combinaison de gril \u00e9lectrique et de four \u00e0 convection sur pied Buffalo 600 Series. Deux appareils aliment\u00e9s s\u00e9par\u00e9ment, cette station de cuisson incroyablement flexible offre la polyvalence d&rsquo;une plaque chauffante puissante de la s\u00e9rie Buffalo 600 aux c\u00f4t\u00e9s de la capacit\u00e9 et des performances du four \u00e0 convection de la s\u00e9rie Buffalo 600.En haut, la plaque de cuisson de 4,5 kW vous offre beaucoup d&rsquo;espace pour cuisiner des plats favoris sur sa plaque de cuisson en acier doux de 10 mm d&rsquo;\u00e9paisseur et \u00e0 double zone. Rapide \u00e0 chauffer, la plaque dispose d&rsquo;un contr\u00f4le de temp\u00e9rature par cadran ind\u00e9pendant simple pour chaque c\u00f4t\u00e9, vous permettant de cuire d&rsquo;un c\u00f4t\u00e9 tout en maintenant les aliments cuits de l&rsquo;autre c\u00f4t\u00e9.En bas, le four \u00e0 convection peut accueillir jusqu&rsquo;\u00e0 trois bacs gastronormes de taille compl\u00e8te (1\/1 GN) &#8211; amplement de place pour des cuisines occup\u00e9es. Il comprend \u00e9galement une fonction de gril pratique, vous permettant de faire dorer ou de finaliser des plats sans un gril s\u00e9par\u00e9 &#8211; \u00e9conomisant ainsi un espace pr\u00e9cieux dans la cuisine. Et comme le four est assist\u00e9 par ventilateur, le temps de cuisson est r\u00e9duit, vous offrant des temp\u00e9ratures uniformes dans toute la cavit\u00e9, il n&rsquo;est donc pas n\u00e9cessaire de changer les \u00e9tag\u00e8res pour obtenir des temp\u00e9ratures diff\u00e9rentes.La construction en acier inoxydable robuste de la plaque de cuisson et du four rend l&rsquo;ensemble de la station de cuisson tr\u00e8s durable et facile \u00e0 nettoyer.<\/p>\n<p>\u2022 Construction en acier inoxydable robuste et facile \u00e0 nettoyer<br \/>\u2022 Plaque de cuisson double zone &#8211; plage de temp\u00e9rature r\u00e9glable 50-300\u00b0C<br \/>\u2022 Les pare-\u00e9claboussures de la plaque aident \u00e0 maintenir un espace de travail propre<br \/>\u2022 Plaque de cuisson enti\u00e8rement soud\u00e9e \u00e9liminant les pi\u00e8ges \u00e0 salet\u00e9, pour simplifier le nettoyage<br \/>\u2022 Four ventil\u00e9 avec fonction grill<br \/>\u2022 Commandes \u00e0 cadran conviviales pour le four et la plaque de cuisson<br \/>\u2022 Plage de temp\u00e9rature du four : 50-300\u00b0C<br \/>\u2022 Porte du four de 40 mm d&rsquo;\u00e9paisseur \u00e9quip\u00e9e d&rsquo;une poign\u00e9e ergonomique r\u00e9sistante<\/p>\n<p><b><u>Caract\u00e9ristiques du produit :<\/u><\/b><br \/>\u2022 Couleur : Argent.<\/p>\n","protected":false},"excerpt":{"rendered":"<p>Plaque: 4,5 kW. Four: 3 kW. Connexion \u00e9lectrique directe. Largeur: 600 mm<\/p>\n","protected":false},"featured_media":106343,"comment_status":"open","ping_status":"closed","template":"","meta":[],"product_brand":[],"product_cat":[1185,1160,1296,1179],"product_tag":[],"class_list":{"0":"post-111905","1":"product","2":"type-product","3":"status-publish","4":"has-post-thumbnail","6":"product_cat-grils-et-plaques-de-cuisson","7":"product_cat-materiel-electrique-et-de-cuisson","8":"product_cat-palettisable","9":"product_cat-petit-materiel","10":"product_shipping_class-free-shipping","12":"first","13":"instock","14":"featured","15":"taxable","16":"shipping-taxable","17":"purchasable","18":"product-type-simple"},"_links":{"self":[{"href":"https:\/\/abinox-chr-clim.com\/index.php\/wp-json\/wp\/v2\/product\/111905","targetHints":{"allow":["GET"]}}],"collection":[{"href":"https:\/\/abinox-chr-clim.com\/index.php\/wp-json\/wp\/v2\/product"}],"about":[{"href":"https:\/\/abinox-chr-clim.com\/index.php\/wp-json\/wp\/v2\/types\/product"}],"replies":[{"embeddable":true,"href":"https:\/\/abinox-chr-clim.com\/index.php\/wp-json\/wp\/v2\/comments?post=111905"}],"wp:featuredmedia":[{"embeddable":true,"href":"https:\/\/abinox-chr-clim.com\/index.php\/wp-json\/wp\/v2\/media\/106343"}],"wp:attachment":[{"href":"https:\/\/abinox-chr-clim.com\/index.php\/wp-json\/wp\/v2\/media?parent=111905"}],"wp:term":[{"taxonomy":"product_brand","embeddable":true,"href":"https:\/\/abinox-chr-clim.com\/index.php\/wp-json\/wp\/v2\/product_brand?post=111905"},{"taxonomy":"product_cat","embeddable":true,"href":"https:\/\/abinox-chr-clim.com\/index.php\/wp-json\/wp\/v2\/product_cat?post=111905"},{"taxonomy":"product_tag","embeddable":true,"href":"https:\/\/abinox-chr-clim.com\/index.php\/wp-json\/wp\/v2\/product_tag?post=111905"}],"curies":[{"name":"wp","href":"https:\/\/api.w.org\/{rel}","templated":true}]}}