{"id":111891,"date":"2025-05-29T13:16:04","date_gmt":"2025-05-29T11:16:04","guid":{"rendered":"https:\/\/abinox-chr-clim.com\/index.php\/product\/lot-de-3-plats-en-fonte-vogue-rouges\/"},"modified":"2026-04-14T10:48:49","modified_gmt":"2026-04-14T08:48:49","slug":"lot-de-3-plats-en-fonte-vogue-rouges","status":"publish","type":"product","link":"https:\/\/abinox-chr-clim.com\/index.php\/product\/lot-de-3-plats-en-fonte-vogue-rouges\/","title":{"rendered":"Lot de 3 plats en fonte Vogue rouges"},"content":{"rendered":"<p>Batterie de cuisine traditionnelle en fonte avec poign\u00e9es et bouton en acier inoxydable. R\u00e9partition uniforme et excellente r\u00e9tention de la chaleur. Peut \u00e9galement \u00eatre utilis\u00e9e pour la pr\u00e9sentation.<\/p>\n<p>\u2022 Cocottes : Dimensions : 205(\u00d8)mm et 235 (\u00d8)mm. Mat\u00e9riau : Fonte. Compatible avec l&rsquo;induction, conception auto-arrosante<br \/>\u2022 Remarque : int\u00e9rieur \u00e9maill\u00e9 &#8211; \u00e9viter d&rsquo;utiliser des ustensiles m\u00e9talliques qui pourraient rayer\/endommager la surface de cuisson.<br \/>\u2022 Plat \u00e0 gratin rectangulaire en fonte rouge Vogue. Taille : 55(H) x 390(L) x 235(P)mm. Mat\u00e9riau : Fonte. Compatible avec l&rsquo;induction<br \/>\u2022 Coloris rouge \u00e9clatant<br \/>\u2022 La construction en fonte de qualit\u00e9 sup\u00e9rieure permet d&rsquo;am\u00e9liorer la conduction et la conservation de la chaleur.<br \/>\u2022 Int\u00e9rieur \u00e9maill\u00e9 et base enti\u00e8rement \u00e9maill\u00e9e<br \/>\u2022 Lavage \u00e0 la main uniquement &#8211; ne convient pas au lave-vaisselle<br \/>\u2022 Durable pour une longue dur\u00e9e de vie<br \/>\u2022 Produits \u00e9galement vendus individuellement &#8211; GH304,GH305,GH320<\/p>\n<p><b><u>Caract\u00e9ristiques du produit :<\/u><\/b><br \/>\u2022 Couleur : Rouge.<\/p>\n","protected":false},"excerpt":{"rendered":"<p>Lot de 3 plats de cuisson &#8211; Rouge<\/p>\n","protected":false},"featured_media":109282,"comment_status":"open","ping_status":"closed","template":"","meta":[],"product_brand":[],"product_cat":[1277,1297],"product_tag":[],"class_list":{"0":"post-111891","1":"product","2":"type-product","3":"status-publish","4":"has-post-thumbnail","6":"product_cat-divers-principal","7":"product_cat-non-palettisable","8":"product_shipping_class-free-shipping","10":"first","11":"outofstock","12":"featured","13":"taxable","14":"shipping-taxable","15":"purchasable","16":"product-type-simple"},"_links":{"self":[{"href":"https:\/\/abinox-chr-clim.com\/index.php\/wp-json\/wp\/v2\/product\/111891","targetHints":{"allow":["GET"]}}],"collection":[{"href":"https:\/\/abinox-chr-clim.com\/index.php\/wp-json\/wp\/v2\/product"}],"about":[{"href":"https:\/\/abinox-chr-clim.com\/index.php\/wp-json\/wp\/v2\/types\/product"}],"replies":[{"embeddable":true,"href":"https:\/\/abinox-chr-clim.com\/index.php\/wp-json\/wp\/v2\/comments?post=111891"}],"wp:featuredmedia":[{"embeddable":true,"href":"https:\/\/abinox-chr-clim.com\/index.php\/wp-json\/wp\/v2\/media\/109282"}],"wp:attachment":[{"href":"https:\/\/abinox-chr-clim.com\/index.php\/wp-json\/wp\/v2\/media?parent=111891"}],"wp:term":[{"taxonomy":"product_brand","embeddable":true,"href":"https:\/\/abinox-chr-clim.com\/index.php\/wp-json\/wp\/v2\/product_brand?post=111891"},{"taxonomy":"product_cat","embeddable":true,"href":"https:\/\/abinox-chr-clim.com\/index.php\/wp-json\/wp\/v2\/product_cat?post=111891"},{"taxonomy":"product_tag","embeddable":true,"href":"https:\/\/abinox-chr-clim.com\/index.php\/wp-json\/wp\/v2\/product_tag?post=111891"}],"curies":[{"name":"wp","href":"https:\/\/api.w.org\/{rel}","templated":true}]}}