{"id":111890,"date":"2025-05-29T13:16:02","date_gmt":"2025-05-29T11:16:02","guid":{"rendered":"https:\/\/abinox-chr-clim.com\/index.php\/product\/ensemble-de-bocaux-a-biscuits-en-verre-olympia-6350ml-et-3800ml\/"},"modified":"2026-04-02T10:14:50","modified_gmt":"2026-04-02T08:14:50","slug":"ensemble-de-bocaux-a-biscuits-en-verre-olympia-6350ml-et-3800ml","status":"publish","type":"product","link":"https:\/\/abinox-chr-clim.com\/index.php\/product\/ensemble-de-bocaux-a-biscuits-en-verre-olympia-6350ml-et-3800ml\/","title":{"rendered":"Ensemble de bocaux \u00e0 biscuits en verre Olympia 6350ml et 3800ml"},"content":{"rendered":"<p>Bocal en verre pour conserver et pr\u00e9senter de fa\u00e7on attrayante biscuits et bonbons. Lavable au lave-verres. Livr\u00e9 avec couvercle. Vendu \u00e0 l&rsquo;unit\u00e9.<\/p>\n<p>\u2022 Grands bocaux de 6350ml et 3800ml<br \/>\u2022 Passent au lave-verres pour un nettoyage facile<br \/>\u2022 Pots transparents pour identifier facilement le contenu<br \/>\u2022 Le couvercle garde le contenu frais plus longtemps<br \/>\u2022 Le design vintage apporte du style \u00e0 votre pr\u00e9sentation <\/p>\n","protected":false},"excerpt":{"rendered":"<p>Grands bocaux de 6350ml et 3800ml<\/p>\n","protected":false},"featured_media":106341,"comment_status":"open","ping_status":"closed","template":"","meta":[],"product_brand":[],"product_cat":[1072,1280,1064,1297],"product_tag":[],"class_list":{"0":"post-111890","1":"product","2":"type-product","3":"status-publish","4":"has-post-thumbnail","6":"product_cat-conteneurs-a-ingredients","7":"product_cat-conteneurs-alimentaires-et-bacs-gastronorme-cuisine","8":"product_cat-cuisine","9":"product_cat-non-palettisable","10":"product_shipping_class-free-shipping","12":"first","13":"instock","14":"featured","15":"taxable","16":"shipping-taxable","17":"purchasable","18":"product-type-simple"},"_links":{"self":[{"href":"https:\/\/abinox-chr-clim.com\/index.php\/wp-json\/wp\/v2\/product\/111890","targetHints":{"allow":["GET"]}}],"collection":[{"href":"https:\/\/abinox-chr-clim.com\/index.php\/wp-json\/wp\/v2\/product"}],"about":[{"href":"https:\/\/abinox-chr-clim.com\/index.php\/wp-json\/wp\/v2\/types\/product"}],"replies":[{"embeddable":true,"href":"https:\/\/abinox-chr-clim.com\/index.php\/wp-json\/wp\/v2\/comments?post=111890"}],"wp:featuredmedia":[{"embeddable":true,"href":"https:\/\/abinox-chr-clim.com\/index.php\/wp-json\/wp\/v2\/media\/106341"}],"wp:attachment":[{"href":"https:\/\/abinox-chr-clim.com\/index.php\/wp-json\/wp\/v2\/media?parent=111890"}],"wp:term":[{"taxonomy":"product_brand","embeddable":true,"href":"https:\/\/abinox-chr-clim.com\/index.php\/wp-json\/wp\/v2\/product_brand?post=111890"},{"taxonomy":"product_cat","embeddable":true,"href":"https:\/\/abinox-chr-clim.com\/index.php\/wp-json\/wp\/v2\/product_cat?post=111890"},{"taxonomy":"product_tag","embeddable":true,"href":"https:\/\/abinox-chr-clim.com\/index.php\/wp-json\/wp\/v2\/product_tag?post=111890"}],"curies":[{"name":"wp","href":"https:\/\/api.w.org\/{rel}","templated":true}]}}