{"id":111889,"date":"2025-05-29T13:16:00","date_gmt":"2025-05-29T11:16:00","guid":{"rendered":"https:\/\/abinox-chr-clim.com\/index.php\/product\/batterie-de-cuisine-5-pieces-nisbets-essentials-cook-like-a-pro\/"},"modified":"2026-04-14T11:42:06","modified_gmt":"2026-04-14T09:42:06","slug":"batterie-de-cuisine-5-pieces-nisbets-essentials-cook-like-a-pro","status":"publish","type":"product","link":"https:\/\/abinox-chr-clim.com\/index.php\/product\/batterie-de-cuisine-5-pieces-nisbets-essentials-cook-like-a-pro\/","title":{"rendered":"Batterie de cuisine 5 pi\u00e8ces Nisbets Essentials Cook Like A Pro"},"content":{"rendered":"<p>Vous voulez des casseroles et po\u00eales de qualit\u00e9 restaurant pour moins cher &#63; Alors cet ensemble de batterie de cuisine de cinq pi\u00e8ces Nisbets Essentials est un incontournable ! L&rsquo;ensemble contient une po\u00eale \u00e0 frire antiadh\u00e9sive en aluminium de 240(\u00d8)mm, une marmite en acier inoxydable de 5,6 litres avec couvercle, et trois casseroles en acier inoxydable (900ml, 1,5Litre et 3Litre) avec couvercles assortis. Cela vous donne toute la batterie de cuisine dont vous avez besoin pour frire, bouillir, mijoter et cuire vos plats pr\u00e9f\u00e9r\u00e9s comme les pros !Parce qu&rsquo;elles sont fabriqu\u00e9es en acier inoxydable avec un c\u0153ur en aluminium, les casseroles et la marmite incluses offrent d&rsquo;excellentes qualit\u00e9s de r\u00e9tention thermique et garantissent un chauffage rapide et uniforme &#8211; le tout sans zones chaudes. Le r\u00e9sultat &#63; Une cuisson rapide et constante \u00e0 chaque fois ! Le mat\u00e9riau en acier inoxydable rend \u00e9galement la marmite et les casseroles compatibles avec l&rsquo;induction, elles peuvent donc \u00eatre utilis\u00e9es sur tout type de plaque de cuisson (Veuillez noter que la po\u00eale \u00e0 frire n&rsquo;est pas compatible avec l&rsquo;induction).Le rev\u00eatement antiadh\u00e9sif de la po\u00eale \u00e0 frire en aluminium incluse garantit une cuisson et un nettoyage sans tracas, le tout sans avoir besoin d&rsquo;huiles ou graisses malsaines.<\/p>\n<p>\u2022 Contient : 1 x casserole et couvercle Nisbets Essentials inox de 900 ml (DF669), casserole et couvercle inox de 1,5 litre (DF670), casserole et couvercle inox de 3 litres (DF671), faitout et couvercle inox de 5,6 litres (DB254) et po\u00eale en aluminium antiadh\u00e9sive de 240(\u00d8)mm (DG165)<br \/>\u2022 Le corps en acier inoxydable rend \u00e9galement le faitout et les casseroles tr\u00e8s durables.<br \/>\u2022 Les poign\u00e9es froides au toucher des casseroles et des faitouts vous permettent de ne pas vous br\u00fbler<br \/>\u2022 Le rev\u00eatement antiadh\u00e9sif de la po\u00eale garantit une cuisson et un nettoyage faciles<br \/>\u2022 La construction en aluminium de la po\u00eale garantit une chauffe rapide et uniforme<br \/>\u2022 La po\u00eale ne convient pas aux plaques \u00e0 induction<br \/>\u2022 Les trous de suspension des casseroles permettent un rangement peu encombrant<br \/>\u2022 Les casseroles et les faitouts passent au lave-vaisselle pour un nettoyage simple<\/p>\n<p><b><u>Caract\u00e9ristiques du produit :<\/u><\/b><br \/>\u2022 Lot : 5.0<br \/>\u2022 Couleur : Argent.<\/p>\n","protected":false},"excerpt":{"rendered":"<p>Contient : 1 x casserole et couvercle inox de 900 ml, casserole et couvercle inox de 1,5 L, casserole et couvercle inox de 3 L, faitout et couvercle inox de 5,6 L et po\u00eale aluminium antiadh\u00e9sive de 240(\u00d8)mm. Mat\u00e9riaux : inox et aluminium<\/p>\n","protected":false},"featured_media":107290,"comment_status":"open","ping_status":"closed","template":"","meta":[],"product_brand":[],"product_cat":[1277,1297],"product_tag":[],"class_list":{"0":"post-111889","1":"product","2":"type-product","3":"status-publish","4":"has-post-thumbnail","6":"product_cat-divers-principal","7":"product_cat-non-palettisable","8":"product_shipping_class-free-shipping","10":"first","11":"instock","12":"featured","13":"taxable","14":"shipping-taxable","15":"purchasable","16":"product-type-simple"},"_links":{"self":[{"href":"https:\/\/abinox-chr-clim.com\/index.php\/wp-json\/wp\/v2\/product\/111889","targetHints":{"allow":["GET"]}}],"collection":[{"href":"https:\/\/abinox-chr-clim.com\/index.php\/wp-json\/wp\/v2\/product"}],"about":[{"href":"https:\/\/abinox-chr-clim.com\/index.php\/wp-json\/wp\/v2\/types\/product"}],"replies":[{"embeddable":true,"href":"https:\/\/abinox-chr-clim.com\/index.php\/wp-json\/wp\/v2\/comments?post=111889"}],"wp:featuredmedia":[{"embeddable":true,"href":"https:\/\/abinox-chr-clim.com\/index.php\/wp-json\/wp\/v2\/media\/107290"}],"wp:attachment":[{"href":"https:\/\/abinox-chr-clim.com\/index.php\/wp-json\/wp\/v2\/media?parent=111889"}],"wp:term":[{"taxonomy":"product_brand","embeddable":true,"href":"https:\/\/abinox-chr-clim.com\/index.php\/wp-json\/wp\/v2\/product_brand?post=111889"},{"taxonomy":"product_cat","embeddable":true,"href":"https:\/\/abinox-chr-clim.com\/index.php\/wp-json\/wp\/v2\/product_cat?post=111889"},{"taxonomy":"product_tag","embeddable":true,"href":"https:\/\/abinox-chr-clim.com\/index.php\/wp-json\/wp\/v2\/product_tag?post=111889"}],"curies":[{"name":"wp","href":"https:\/\/api.w.org\/{rel}","templated":true}]}}