{"id":111888,"date":"2025-05-29T13:15:58","date_gmt":"2025-05-29T11:15:58","guid":{"rendered":"https:\/\/abinox-chr-clim.com\/index.php\/product\/ensemble-4-pieces-casseroles-avec-couvercles-et-poele-nisbets-essentials-cook-like-a-pro\/"},"modified":"2026-04-14T11:42:05","modified_gmt":"2026-04-14T09:42:05","slug":"ensemble-4-pieces-casseroles-avec-couvercles-et-poele-nisbets-essentials-cook-like-a-pro","status":"publish","type":"product","link":"https:\/\/abinox-chr-clim.com\/index.php\/product\/ensemble-4-pieces-casseroles-avec-couvercles-et-poele-nisbets-essentials-cook-like-a-pro\/","title":{"rendered":"Ensemble 4 pi\u00e8ces casseroles avec couvercles et po\u00eale Nisbets Essentials Cook Like A Pro"},"content":{"rendered":"<p>Vous souhaitez renouveler votre collection de batteries de cuisine avec des \u00e9quipements de qualit\u00e9 professionnelle &#63; Et tout cela sans vous ruiner &#63; Alors cet ensemble de quatre pi\u00e8ces de casseroles et po\u00eales de Nisbets Essentials est le choix parfait pour vous ! Contenant une po\u00eale \u00e0 frire en aluminium antiadh\u00e9sive de 240 mm (\u00d8) et trois casseroles en inox (900 ml, 1,5 L et 3 L) avec couvercles assortis, cet ensemble de batterie de cuisine de qualit\u00e9 professionnelle contient tout ce dont vous avez besoin pour frire, bouillir et mijoter vos recettes pr\u00e9f\u00e9r\u00e9es comme un chef.La construction en acier inoxydable des casseroles offre d&rsquo;excellentes qualit\u00e9s de r\u00e9tention thermique, tandis qu&rsquo;un noyau en aluminium garantit un chauffage rapide et uniforme sans points chauds. Ces caract\u00e9ristiques se combinent pour vous donner des r\u00e9sultats de cuisson rapides dignes d&rsquo;un restaurant, \u00e0 chaque fois ! Le mat\u00e9riau en acier inoxydable rend \u00e9galement les casseroles compatibles avec l&rsquo;induction, ce qui signifie qu&rsquo;elles peuvent \u00eatre utilis\u00e9es sur tout type de plaque de cuisson de votre choix.Et gr\u00e2ce \u00e0 son rev\u00eatement antiadh\u00e9sif, la po\u00eale \u00e0 frire en aluminium incluse garantit une cuisson et un nettoyage sans tracas &#8211; r\u00e9duisant le besoin d&rsquo;huiles et de graisses.<\/p>\n<p>\u2022 Contient : 1 x casserole et couvercle Nisbets Essentials en acier inoxydable de 900 ml (DF669), casserole et couvercle de 1,5 litre (DF670), casserole et couvercle de 3 litres (DF671) et po\u00eale \u00e0 frire en aluminium antiadh\u00e9sive de 240 (\u00d8) mm (DG165)<br \/>\u2022 La base en aluminium de la casserole assure un chauffage rapide et uniforme<br \/>\u2022 Le corps en acier inoxydable rend \u00e9galement les casseroles tr\u00e8s durables<br \/>\u2022 Les poign\u00e9es froides au toucher de la casserole vous permettent de rester \u00e0 l&rsquo;aise lorsque la chaleur est allum\u00e9e<br \/>\u2022 Le rev\u00eatement antiadh\u00e9sif de la po\u00eale \u00e0 frire garantit une cuisson et un nettoyage sans tracas<br \/>\u2022 La construction en aluminium de la po\u00eale \u00e0 frire garantit un chauffage rapide et uniforme<br \/>\u2022 La po\u00eale ne convient pas aux plaques \u00e0 induction<br \/>\u2022 Les trous de suspension permettent un stockage peu encombrant<br \/>\u2022 Les casseroles vont au lave-vaisselle pour un nettoyage simple<br \/>\u2022 La po\u00eale \u00e0 frire ne convient pas au lave-vaisselle<\/p>\n<p><b><u>Caract\u00e9ristiques du produit :<\/u><\/b><br \/>\u2022 Lot : 4.0<br \/>\u2022 Couleur : Argent.<\/p>\n","protected":false},"excerpt":{"rendered":"<p>Contient : 1 x casserole et couvercle Nisbets Essentials en acier inoxydable de 900 ml, casserole et couvercle de 1,5 litre, casserole et couvercle de 3 litres et po\u00eale antiadh\u00e9sive de 240 (\u00d8) mm<\/p>\n","protected":false},"featured_media":106632,"comment_status":"open","ping_status":"closed","template":"","meta":[],"product_brand":[],"product_cat":[1277,1297],"product_tag":[],"class_list":{"0":"post-111888","1":"product","2":"type-product","3":"status-publish","4":"has-post-thumbnail","6":"product_cat-divers-principal","7":"product_cat-non-palettisable","8":"product_shipping_class-free-shipping","10":"first","11":"instock","12":"featured","13":"taxable","14":"shipping-taxable","15":"purchasable","16":"product-type-simple"},"_links":{"self":[{"href":"https:\/\/abinox-chr-clim.com\/index.php\/wp-json\/wp\/v2\/product\/111888","targetHints":{"allow":["GET"]}}],"collection":[{"href":"https:\/\/abinox-chr-clim.com\/index.php\/wp-json\/wp\/v2\/product"}],"about":[{"href":"https:\/\/abinox-chr-clim.com\/index.php\/wp-json\/wp\/v2\/types\/product"}],"replies":[{"embeddable":true,"href":"https:\/\/abinox-chr-clim.com\/index.php\/wp-json\/wp\/v2\/comments?post=111888"}],"wp:featuredmedia":[{"embeddable":true,"href":"https:\/\/abinox-chr-clim.com\/index.php\/wp-json\/wp\/v2\/media\/106632"}],"wp:attachment":[{"href":"https:\/\/abinox-chr-clim.com\/index.php\/wp-json\/wp\/v2\/media?parent=111888"}],"wp:term":[{"taxonomy":"product_brand","embeddable":true,"href":"https:\/\/abinox-chr-clim.com\/index.php\/wp-json\/wp\/v2\/product_brand?post=111888"},{"taxonomy":"product_cat","embeddable":true,"href":"https:\/\/abinox-chr-clim.com\/index.php\/wp-json\/wp\/v2\/product_cat?post=111888"},{"taxonomy":"product_tag","embeddable":true,"href":"https:\/\/abinox-chr-clim.com\/index.php\/wp-json\/wp\/v2\/product_tag?post=111888"}],"curies":[{"name":"wp","href":"https:\/\/api.w.org\/{rel}","templated":true}]}}