{"id":111870,"date":"2025-05-29T13:15:25","date_gmt":"2025-05-29T11:15:25","guid":{"rendered":"https:\/\/abinox-chr-clim.com\/index.php\/product\/ardoise-de-table-securit-finition-acajou-280-x-200mm\/"},"modified":"2026-04-24T09:21:44","modified_gmt":"2026-04-24T07:21:44","slug":"ardoise-de-table-securit-finition-acajou-280-x-200mm","status":"publish","type":"product","link":"https:\/\/abinox-chr-clim.com\/index.php\/product\/ardoise-de-table-securit-finition-acajou-280-x-200mm\/","title":{"rendered":"Ardoise de table Securit finition acajou 280 x 200mm"},"content":{"rendered":"<p>Ces tableaux \u00e9l\u00e9gants, simples mais efficaces, se posent sur la table ou sur le bar et sont id\u00e9aux pour afficher les sp\u00e9cialit\u00e9s. Supports en h\u00eatre avec une finition couleur acajou. L&rsquo;ardoise se retire facilement du support pour \u00e9crire des deux c\u00f4t\u00e9s.<\/p>\n<p>\u2022 Bois de h\u00eatre massif avec une finition couleur acajou<br \/>\u2022 Disponible en format 150 mm (P485) et 300 mm (P487).<br \/>\u2022 Les ardoises s&rsquo;enl\u00e8vent facilement de leur support pour \u00e9crire des deux c\u00f4t\u00e9s<br \/>\u2022 Parfaite pour une utilisation sur table<br \/>\u2022 \u00c9galement disponible avec une finition teck (Y869)<\/p>\n<p><b><u>Caract\u00e9ristiques du produit :<\/u><\/b><br \/>\u2022 Dim. : 280(H) x 200(L) mm<br \/>\u2022 Mati\u00e8re : Polypropyl\u00e8ne<br \/>\u2022 Poids : 260 g<br \/>\u2022 Couleur : Marron.<\/p>\n","protected":false},"excerpt":{"rendered":"<p>Taille : M | Surface d&rsquo;\u00e9criture : 210 x 150 mm<\/p>\n","protected":false},"featured_media":105949,"comment_status":"open","ping_status":"closed","template":"","meta":[],"product_brand":[],"product_cat":[1122,1297,1106],"product_tag":[],"class_list":{"0":"post-111870","1":"product","2":"type-product","3":"status-publish","4":"has-post-thumbnail","6":"product_cat-menus-et-signaletique","7":"product_cat-non-palettisable","8":"product_cat-restaurant-bar-et-hotel","9":"product_shipping_class-free-shipping","11":"first","12":"instock","13":"featured","14":"taxable","15":"shipping-taxable","16":"purchasable","17":"product-type-simple"},"_links":{"self":[{"href":"https:\/\/abinox-chr-clim.com\/index.php\/wp-json\/wp\/v2\/product\/111870","targetHints":{"allow":["GET"]}}],"collection":[{"href":"https:\/\/abinox-chr-clim.com\/index.php\/wp-json\/wp\/v2\/product"}],"about":[{"href":"https:\/\/abinox-chr-clim.com\/index.php\/wp-json\/wp\/v2\/types\/product"}],"replies":[{"embeddable":true,"href":"https:\/\/abinox-chr-clim.com\/index.php\/wp-json\/wp\/v2\/comments?post=111870"}],"wp:featuredmedia":[{"embeddable":true,"href":"https:\/\/abinox-chr-clim.com\/index.php\/wp-json\/wp\/v2\/media\/105949"}],"wp:attachment":[{"href":"https:\/\/abinox-chr-clim.com\/index.php\/wp-json\/wp\/v2\/media?parent=111870"}],"wp:term":[{"taxonomy":"product_brand","embeddable":true,"href":"https:\/\/abinox-chr-clim.com\/index.php\/wp-json\/wp\/v2\/product_brand?post=111870"},{"taxonomy":"product_cat","embeddable":true,"href":"https:\/\/abinox-chr-clim.com\/index.php\/wp-json\/wp\/v2\/product_cat?post=111870"},{"taxonomy":"product_tag","embeddable":true,"href":"https:\/\/abinox-chr-clim.com\/index.php\/wp-json\/wp\/v2\/product_tag?post=111870"}],"curies":[{"name":"wp","href":"https:\/\/api.w.org\/{rel}","templated":true}]}}