{"id":111869,"date":"2025-05-29T13:15:23","date_gmt":"2025-05-29T11:15:23","guid":{"rendered":"https:\/\/abinox-chr-clim.com\/index.php\/product\/moulin-a-poivre-en-bois-fonce-peugeot-127mm\/"},"modified":"2025-06-17T09:49:47","modified_gmt":"2025-06-17T07:49:47","slug":"moulin-a-poivre-en-bois-fonce-peugeot-127mm","status":"publish","type":"product","link":"https:\/\/abinox-chr-clim.com\/index.php\/product\/moulin-a-poivre-en-bois-fonce-peugeot-127mm\/","title":{"rendered":"Moulin \u00e0 poivre en bois fonc\u00e9 Peugeot 127mm"},"content":{"rendered":"<p>Gamme de premi\u00e8re qualit\u00e9 de moulins \u00e0 sel et poivre \u00e9l\u00e9gants en bois fonc\u00e9, dot\u00e9 du fameux m\u00e9canisme en acier inoxydable Peugeot de renomm\u00e9e mondiale. Garantie \u00e0 vie contre les d\u00e9fauts de fabrication. Possibilit\u00e9 de r\u00e9gler le m\u00e9canisme pour obtenir une mouture grossi\u00e8re \u00e0  tr\u00e8s fine.<\/p>\n<p>\u2022 M\u00e9canisme robuste permettant de moudre facilement les grains de poivre entiers<br \/>\u2022 R\u00e9glable de grossier \u00e0 extra-fin<br \/>\u2022 Le bois fonc\u00e9 ajoute une touche d&rsquo;\u00e9l\u00e9gance \u00e0 la table<br \/>\u2022 Le moulin est facile \u00e0 ouvrir pour permettre au personnel de le remplir rapidement<br \/>\u2022 Poign\u00e9e confortable pour une distribution sans effort<\/p>\n<p><b><u>Caract\u00e9ristiques du produit :<\/u><\/b><br \/>\u2022 Dim. : 127(H) mm<br \/>\u2022 Mati\u00e8re : Bois<br \/>\u2022 Poids : 180 g<br \/>\u2022 Couleur : Marron.<\/p>\n","protected":false},"excerpt":{"rendered":"<p>127(H)mm. Vendu \u00e0 l unit\u00e9.<\/p>\n","protected":false},"featured_media":109269,"comment_status":"open","ping_status":"closed","template":"","meta":[],"product_brand":[],"product_cat":[1024,1023,1297,1030],"product_tag":[],"class_list":{"0":"post-111869","1":"product","2":"type-product","3":"status-publish","4":"has-post-thumbnail","6":"product_cat-accessoires-de-table","7":"product_cat-art-de-la-table","8":"product_cat-non-palettisable","9":"product_cat-sel-et-poivre","10":"product_shipping_class-free-shipping","12":"first","13":"outofstock","14":"featured","15":"taxable","16":"shipping-taxable","17":"purchasable","18":"product-type-simple"},"_links":{"self":[{"href":"https:\/\/abinox-chr-clim.com\/index.php\/wp-json\/wp\/v2\/product\/111869","targetHints":{"allow":["GET"]}}],"collection":[{"href":"https:\/\/abinox-chr-clim.com\/index.php\/wp-json\/wp\/v2\/product"}],"about":[{"href":"https:\/\/abinox-chr-clim.com\/index.php\/wp-json\/wp\/v2\/types\/product"}],"replies":[{"embeddable":true,"href":"https:\/\/abinox-chr-clim.com\/index.php\/wp-json\/wp\/v2\/comments?post=111869"}],"wp:featuredmedia":[{"embeddable":true,"href":"https:\/\/abinox-chr-clim.com\/index.php\/wp-json\/wp\/v2\/media\/109269"}],"wp:attachment":[{"href":"https:\/\/abinox-chr-clim.com\/index.php\/wp-json\/wp\/v2\/media?parent=111869"}],"wp:term":[{"taxonomy":"product_brand","embeddable":true,"href":"https:\/\/abinox-chr-clim.com\/index.php\/wp-json\/wp\/v2\/product_brand?post=111869"},{"taxonomy":"product_cat","embeddable":true,"href":"https:\/\/abinox-chr-clim.com\/index.php\/wp-json\/wp\/v2\/product_cat?post=111869"},{"taxonomy":"product_tag","embeddable":true,"href":"https:\/\/abinox-chr-clim.com\/index.php\/wp-json\/wp\/v2\/product_tag?post=111869"}],"curies":[{"name":"wp","href":"https:\/\/api.w.org\/{rel}","templated":true}]}}