{"id":111859,"date":"2025-05-29T13:15:03","date_gmt":"2025-05-29T11:15:03","guid":{"rendered":"https:\/\/abinox-chr-clim.com\/index.php\/product\/couverture-antifeu-120cm\/"},"modified":"2025-06-17T09:48:21","modified_gmt":"2025-06-17T07:48:21","slug":"couverture-antifeu-120cm","status":"publish","type":"product","link":"https:\/\/abinox-chr-clim.com\/index.php\/product\/couverture-antifeu-120cm\/","title":{"rendered":"Couverture antifeu 120cm"},"content":{"rendered":"<p>Montage mural, bo\u00eetier mince. Recommand\u00e9e pour les feux d&rsquo;huile et de graisse.<\/p>\n<p>\u2022 Peut \u00eatre fix\u00e9 au mur<br \/>\u2022 D\u00e9blocage rapide<br \/>\u2022 Facile \u00e0 utiliser, ne n\u00e9cessite aucune formation<br \/>\u2022 Peut \u00eatre enroul\u00e9 autour du corps pour permettre d&rsquo;\u00e9chapper \u00e0 l&rsquo;incendie<br \/>\u2022 Extr\u00eamement fiable<\/p>\n<p><b><u>Caract\u00e9ristiques du produit :<\/u><\/b><br \/>\u2022 Dim. : 1,2(L) x 1,2(P)m<br \/>\u2022 Poids : 640 g.<\/p>\n","protected":false},"excerpt":{"rendered":"<p>120x120cm.<\/p>\n","protected":false},"featured_media":107748,"comment_status":"open","ping_status":"closed","template":"","meta":[],"product_brand":[],"product_cat":[1297,1137,1134,1106],"product_tag":[],"class_list":{"0":"post-111859","1":"product","2":"type-product","3":"status-publish","4":"has-post-thumbnail","6":"product_cat-non-palettisable","7":"product_cat-reception","8":"product_cat-reception-hotellerie","9":"product_cat-restaurant-bar-et-hotel","10":"product_shipping_class-free-shipping","12":"first","13":"outofstock","14":"featured","15":"taxable","16":"shipping-taxable","17":"purchasable","18":"product-type-simple"},"_links":{"self":[{"href":"https:\/\/abinox-chr-clim.com\/index.php\/wp-json\/wp\/v2\/product\/111859","targetHints":{"allow":["GET"]}}],"collection":[{"href":"https:\/\/abinox-chr-clim.com\/index.php\/wp-json\/wp\/v2\/product"}],"about":[{"href":"https:\/\/abinox-chr-clim.com\/index.php\/wp-json\/wp\/v2\/types\/product"}],"replies":[{"embeddable":true,"href":"https:\/\/abinox-chr-clim.com\/index.php\/wp-json\/wp\/v2\/comments?post=111859"}],"wp:featuredmedia":[{"embeddable":true,"href":"https:\/\/abinox-chr-clim.com\/index.php\/wp-json\/wp\/v2\/media\/107748"}],"wp:attachment":[{"href":"https:\/\/abinox-chr-clim.com\/index.php\/wp-json\/wp\/v2\/media?parent=111859"}],"wp:term":[{"taxonomy":"product_brand","embeddable":true,"href":"https:\/\/abinox-chr-clim.com\/index.php\/wp-json\/wp\/v2\/product_brand?post=111859"},{"taxonomy":"product_cat","embeddable":true,"href":"https:\/\/abinox-chr-clim.com\/index.php\/wp-json\/wp\/v2\/product_cat?post=111859"},{"taxonomy":"product_tag","embeddable":true,"href":"https:\/\/abinox-chr-clim.com\/index.php\/wp-json\/wp\/v2\/product_tag?post=111859"}],"curies":[{"name":"wp","href":"https:\/\/api.w.org\/{rel}","templated":true}]}}