{"id":111858,"date":"2025-05-29T13:15:01","date_gmt":"2025-05-29T11:15:01","guid":{"rendered":"https:\/\/abinox-chr-clim.com\/index.php\/product\/tete-de-chalumeau-vogue-quick-fit\/"},"modified":"2026-04-14T09:15:01","modified_gmt":"2026-04-14T07:15:01","slug":"tete-de-chalumeau-vogue-quick-fit","status":"publish","type":"product","link":"https:\/\/abinox-chr-clim.com\/index.php\/product\/tete-de-chalumeau-vogue-quick-fit\/","title":{"rendered":"T\u00eate de chalumeau Vogue Quick Fit"},"content":{"rendered":"<p>Puissantes, simples \u00e0 installer, les t\u00eates de chalumeau sont dot\u00e9es d&rsquo;un allumage automatique. Peuvent \u00eatre utilis\u00e9es dans tous les angles. Fonctionne avec une recharge de butane de 224 ml (vendue s\u00e9par\u00e9ment).  Recharge non livrable en Corse et dans les \u00eeles.<\/p>\n<p>\u2022 S&rsquo;adapte directement sur les cartouches de butane &#8211; fonctionnement sur 360\u00b0<br \/>\u2022 S&rsquo;utilise avec une cartouche de butane 8oz (vendue s\u00e9par\u00e9ment)<br \/>\u2022 Simple d&rsquo;utilisation<br \/>\u2022 Acc\u00e9l\u00e8re le temps de pr\u00e9paration<br \/>\u2022 Allumage automatique<\/p>\n<p><b><u>Caract\u00e9ristiques du produit :<\/u><\/b><br \/>\u2022 Poids : 230 g<br \/>\u2022 Couleur : Noir.<\/p>\n","protected":false},"excerpt":{"rendered":"<p>Avec allumage automatique.<\/p>\n","protected":false},"featured_media":109248,"comment_status":"open","ping_status":"closed","template":"","meta":[],"product_brand":[],"product_cat":[1064,1297,1087,1093],"product_tag":[],"class_list":{"0":"post-111858","1":"product","2":"type-product","3":"status-publish","4":"has-post-thumbnail","6":"product_cat-cuisine","7":"product_cat-non-palettisable","8":"product_cat-patisserie","9":"product_cat-ustensiles","10":"product_shipping_class-free-shipping","12":"first","13":"instock","14":"featured","15":"taxable","16":"shipping-taxable","17":"purchasable","18":"product-type-simple"},"_links":{"self":[{"href":"https:\/\/abinox-chr-clim.com\/index.php\/wp-json\/wp\/v2\/product\/111858","targetHints":{"allow":["GET"]}}],"collection":[{"href":"https:\/\/abinox-chr-clim.com\/index.php\/wp-json\/wp\/v2\/product"}],"about":[{"href":"https:\/\/abinox-chr-clim.com\/index.php\/wp-json\/wp\/v2\/types\/product"}],"replies":[{"embeddable":true,"href":"https:\/\/abinox-chr-clim.com\/index.php\/wp-json\/wp\/v2\/comments?post=111858"}],"wp:featuredmedia":[{"embeddable":true,"href":"https:\/\/abinox-chr-clim.com\/index.php\/wp-json\/wp\/v2\/media\/109248"}],"wp:attachment":[{"href":"https:\/\/abinox-chr-clim.com\/index.php\/wp-json\/wp\/v2\/media?parent=111858"}],"wp:term":[{"taxonomy":"product_brand","embeddable":true,"href":"https:\/\/abinox-chr-clim.com\/index.php\/wp-json\/wp\/v2\/product_brand?post=111858"},{"taxonomy":"product_cat","embeddable":true,"href":"https:\/\/abinox-chr-clim.com\/index.php\/wp-json\/wp\/v2\/product_cat?post=111858"},{"taxonomy":"product_tag","embeddable":true,"href":"https:\/\/abinox-chr-clim.com\/index.php\/wp-json\/wp\/v2\/product_tag?post=111858"}],"curies":[{"name":"wp","href":"https:\/\/api.w.org\/{rel}","templated":true}]}}