{"id":111856,"date":"2025-05-29T13:14:57","date_gmt":"2025-05-29T11:14:57","guid":{"rendered":"https:\/\/abinox-chr-clim.com\/index.php\/product\/mini-chalumeau-de-cuisine-vogue\/"},"modified":"2026-04-14T09:14:38","modified_gmt":"2026-04-14T07:14:38","slug":"mini-chalumeau-de-cuisine-vogue","status":"publish","type":"product","link":"https:\/\/abinox-chr-clim.com\/index.php\/product\/mini-chalumeau-de-cuisine-vogue\/","title":{"rendered":"Mini chalumeau de cuisine Vogue"},"content":{"rendered":"<p>Puissants chalumeaux \u00e0 allumage automatique et socle amovible.  Se rechargent \u00e0 gaz.  Le chalumeau Pro fournit une flamme extra large tr\u00e8s puissante pour une finition rapide et parfaite. Combustible vendu s\u00e9par\u00e9ment.  Recharge non livrable en Corse et dans les \u00eeles.<\/p>\n<p>\u2022 La version mini est compacte et pratique<br \/>\u2022 Comprend un mini support pour un refroidissement s\u00fbr apr\u00e8s de longues p\u00e9riodes d&rsquo;utilisation<br \/>\u2022 Flamme r\u00e9glable &#8211; brunissement doux ou intense<br \/>\u2022 Diam\u00e8tre du manche : 33,5 mm<br \/>\u2022 Butane autonome &#8211; l\u00e9ger<br \/>\u2022 Allumage automatique pour plus d&rsquo;efficacit\u00e9<br \/>\u2022 Puissante flamme \u00e0 haute temp\u00e9rature &#8211; pour brunir avec pr\u00e9cision les petites surfaces<\/p>\n<p><b><u>Caract\u00e9ristiques du produit :<\/u><\/b><br \/>\u2022 Dim. : 158(H) x 46(\u00d8) mm<br \/>\u2022 Mati\u00e8re : Plastique<br \/>\u2022 Poids : 140 g<br \/>\u2022 Couleur : Noir.<\/p>\n","protected":false},"excerpt":{"rendered":"<p>Equip\u00e9 d un allumage automatique et un d un socle amovible.<\/p>\n","protected":false},"featured_media":106332,"comment_status":"open","ping_status":"closed","template":"","meta":[],"product_brand":[],"product_cat":[1064,1297,1087,1093],"product_tag":[],"class_list":{"0":"post-111856","1":"product","2":"type-product","3":"status-publish","4":"has-post-thumbnail","6":"product_cat-cuisine","7":"product_cat-non-palettisable","8":"product_cat-patisserie","9":"product_cat-ustensiles","10":"product_shipping_class-free-shipping","12":"first","13":"outofstock","14":"featured","15":"taxable","16":"shipping-taxable","17":"purchasable","18":"product-type-simple"},"_links":{"self":[{"href":"https:\/\/abinox-chr-clim.com\/index.php\/wp-json\/wp\/v2\/product\/111856","targetHints":{"allow":["GET"]}}],"collection":[{"href":"https:\/\/abinox-chr-clim.com\/index.php\/wp-json\/wp\/v2\/product"}],"about":[{"href":"https:\/\/abinox-chr-clim.com\/index.php\/wp-json\/wp\/v2\/types\/product"}],"replies":[{"embeddable":true,"href":"https:\/\/abinox-chr-clim.com\/index.php\/wp-json\/wp\/v2\/comments?post=111856"}],"wp:featuredmedia":[{"embeddable":true,"href":"https:\/\/abinox-chr-clim.com\/index.php\/wp-json\/wp\/v2\/media\/106332"}],"wp:attachment":[{"href":"https:\/\/abinox-chr-clim.com\/index.php\/wp-json\/wp\/v2\/media?parent=111856"}],"wp:term":[{"taxonomy":"product_brand","embeddable":true,"href":"https:\/\/abinox-chr-clim.com\/index.php\/wp-json\/wp\/v2\/product_brand?post=111856"},{"taxonomy":"product_cat","embeddable":true,"href":"https:\/\/abinox-chr-clim.com\/index.php\/wp-json\/wp\/v2\/product_cat?post=111856"},{"taxonomy":"product_tag","embeddable":true,"href":"https:\/\/abinox-chr-clim.com\/index.php\/wp-json\/wp\/v2\/product_tag?post=111856"}],"curies":[{"name":"wp","href":"https:\/\/api.w.org\/{rel}","templated":true}]}}