{"id":111855,"date":"2025-05-29T13:14:54","date_gmt":"2025-05-29T11:14:54","guid":{"rendered":"https:\/\/abinox-chr-clim.com\/index.php\/product\/tete-de-chalumeau-encliquetable-avec-manche-vogue\/"},"modified":"2026-04-14T09:14:37","modified_gmt":"2026-04-14T07:14:37","slug":"tete-de-chalumeau-encliquetable-avec-manche-vogue","status":"publish","type":"product","link":"https:\/\/abinox-chr-clim.com\/index.php\/product\/tete-de-chalumeau-encliquetable-avec-manche-vogue\/","title":{"rendered":"T\u00eate de chalumeau encliquetable avec manche Vogue"},"content":{"rendered":"<p>Puissantes, simples \u00e0 installer, les t\u00eates de chalumeau sont dot\u00e9es d&rsquo;un allumage automatique. Peuvent \u00eatre utilis\u00e9es dans tous les angles. Fonctionne avec une recharge de butane de 224 ml (vendue s\u00e9par\u00e9ment).  Recharge non livrable en Corse et dans les \u00eeles.<\/p>\n<p>\u2022 Allumage automatique pour un allumage sans effort<br \/>\u2022 Facile \u00e0 fixer et \u00e0 utiliser pour une utilisation s\u00fbre par le personnel<br \/>\u2022 Compatible avec la cartouche de butane K980 (vendue s\u00e9par\u00e9ment)<br \/>\u2022 Poign\u00e9e pour la stabilit\u00e9 &#8211; garantit un contr\u00f4le optimal<\/p>\n<p><b><u>Caract\u00e9ristiques du produit :<\/u><\/b><br \/>\u2022 Dim. : 185(H) x 62(L) x 260(P) mm<br \/>\u2022 Mati\u00e8re : Plastique<br \/>\u2022 Poids : 363 g.<\/p>\n","protected":false},"excerpt":{"rendered":"<p>Comprend un allumage automatique et une poign\u00e9e<\/p>\n","protected":false},"featured_media":106833,"comment_status":"open","ping_status":"closed","template":"","meta":[],"product_brand":[],"product_cat":[1064,1297,1087,1093],"product_tag":[],"class_list":{"0":"post-111855","1":"product","2":"type-product","3":"status-publish","4":"has-post-thumbnail","6":"product_cat-cuisine","7":"product_cat-non-palettisable","8":"product_cat-patisserie","9":"product_cat-ustensiles","10":"product_shipping_class-free-shipping","12":"first","13":"outofstock","14":"featured","15":"taxable","16":"shipping-taxable","17":"purchasable","18":"product-type-simple"},"_links":{"self":[{"href":"https:\/\/abinox-chr-clim.com\/index.php\/wp-json\/wp\/v2\/product\/111855","targetHints":{"allow":["GET"]}}],"collection":[{"href":"https:\/\/abinox-chr-clim.com\/index.php\/wp-json\/wp\/v2\/product"}],"about":[{"href":"https:\/\/abinox-chr-clim.com\/index.php\/wp-json\/wp\/v2\/types\/product"}],"replies":[{"embeddable":true,"href":"https:\/\/abinox-chr-clim.com\/index.php\/wp-json\/wp\/v2\/comments?post=111855"}],"wp:featuredmedia":[{"embeddable":true,"href":"https:\/\/abinox-chr-clim.com\/index.php\/wp-json\/wp\/v2\/media\/106833"}],"wp:attachment":[{"href":"https:\/\/abinox-chr-clim.com\/index.php\/wp-json\/wp\/v2\/media?parent=111855"}],"wp:term":[{"taxonomy":"product_brand","embeddable":true,"href":"https:\/\/abinox-chr-clim.com\/index.php\/wp-json\/wp\/v2\/product_brand?post=111855"},{"taxonomy":"product_cat","embeddable":true,"href":"https:\/\/abinox-chr-clim.com\/index.php\/wp-json\/wp\/v2\/product_cat?post=111855"},{"taxonomy":"product_tag","embeddable":true,"href":"https:\/\/abinox-chr-clim.com\/index.php\/wp-json\/wp\/v2\/product_tag?post=111855"}],"curies":[{"name":"wp","href":"https:\/\/api.w.org\/{rel}","templated":true}]}}