{"id":111853,"date":"2025-05-29T13:14:50","date_gmt":"2025-05-29T11:14:50","guid":{"rendered":"https:\/\/abinox-chr-clim.com\/index.php\/product\/aspirateur-james-numatic-jvp-180-11\/"},"modified":"2026-04-14T09:13:51","modified_gmt":"2026-04-14T07:13:51","slug":"aspirateur-james-numatic-jvp-180-11","status":"publish","type":"product","link":"https:\/\/abinox-chr-clim.com\/index.php\/product\/aspirateur-james-numatic-jvp-180-11\/","title":{"rendered":"Aspirateur James Numatic JVP 180-11"},"content":{"rendered":"<p>Puissant aspirateur commercial \u00e0 sec avec filtre \u00e0 poussi\u00e8re haute efficacit\u00e9. Stabilit\u00e9 sur quatre roues. Peut \u00eatre utilis\u00e9 avec ou sans sac. Kit d&rsquo;accessoires pour les tapis, les sols, les rideaux et les tissus d&rsquo;ameublement. Moteur de 620 W \u00e0 faible consommation d&rsquo;\u00e9nergie.<\/p>\n<p>\u2022 Stabilit\u00e9 sur quatre roues<br \/>\u2022 Filtres g\u00e9ants avec sac \u00e0 poussi\u00e8re microflo \u00e0 2 \u00e9tages<br \/>\u2022 Livr\u00e9 avec un kit de 9 accessoires pour les tapis, les sols, les rideaux et les tissus d&rsquo;ameublement<br \/>\u2022 En raison du co\u00fbt \u00e9lev\u00e9 des frais de port et de manutention, des frais de restockage pouvant aller jusqu&rsquo;\u00e0 25 % sont appliqu\u00e9s \u00e0 ce produit s&rsquo;il est renvoy\u00e9.<br \/>\u2022 D\u00e9bit d&rsquo;air : 30L\/sec<br \/>\u2022 Aspiration : 2000\/ 1300mm<br \/>\u2022 Port\u00e9e de nettoyage 26,8m<br \/>\u2022 Classe d&rsquo;\u00e9nergie : A<\/p>\n<p><b><u>Caract\u00e9ristiques du produit :<\/u><\/b><br \/>\u2022 Capacit\u00e9 : 8L<br \/>\u2022 Dim. : 340(H) x 340(L) x 340(P) mm<br \/>\u2022 Puissance : 0.62 kW<br \/>\u2022 Voltage : 230V<br \/>\u2022 Poids : 5,5 kg<br \/>\u2022 Type : 620W<br \/>\u2022 Couleur : Jaune.<\/p>\n","protected":false},"excerpt":{"rendered":"<p>James. 620W. Capacit\u00e9 8L<\/p>\n","protected":false},"featured_media":107284,"comment_status":"open","ping_status":"closed","template":"","meta":[],"product_brand":[],"product_cat":[1228,1227,1297,1216],"product_tag":[],"class_list":{"0":"post-111853","1":"product","2":"type-product","3":"status-publish","4":"has-post-thumbnail","6":"product_cat-aspirateurs","7":"product_cat-nettoyage","8":"product_cat-non-palettisable","9":"product_cat-usage-unique-et-entretien","10":"product_shipping_class-free-shipping","12":"first","13":"outofstock","14":"featured","15":"taxable","16":"shipping-taxable","17":"purchasable","18":"product-type-simple"},"_links":{"self":[{"href":"https:\/\/abinox-chr-clim.com\/index.php\/wp-json\/wp\/v2\/product\/111853","targetHints":{"allow":["GET"]}}],"collection":[{"href":"https:\/\/abinox-chr-clim.com\/index.php\/wp-json\/wp\/v2\/product"}],"about":[{"href":"https:\/\/abinox-chr-clim.com\/index.php\/wp-json\/wp\/v2\/types\/product"}],"replies":[{"embeddable":true,"href":"https:\/\/abinox-chr-clim.com\/index.php\/wp-json\/wp\/v2\/comments?post=111853"}],"wp:featuredmedia":[{"embeddable":true,"href":"https:\/\/abinox-chr-clim.com\/index.php\/wp-json\/wp\/v2\/media\/107284"}],"wp:attachment":[{"href":"https:\/\/abinox-chr-clim.com\/index.php\/wp-json\/wp\/v2\/media?parent=111853"}],"wp:term":[{"taxonomy":"product_brand","embeddable":true,"href":"https:\/\/abinox-chr-clim.com\/index.php\/wp-json\/wp\/v2\/product_brand?post=111853"},{"taxonomy":"product_cat","embeddable":true,"href":"https:\/\/abinox-chr-clim.com\/index.php\/wp-json\/wp\/v2\/product_cat?post=111853"},{"taxonomy":"product_tag","embeddable":true,"href":"https:\/\/abinox-chr-clim.com\/index.php\/wp-json\/wp\/v2\/product_tag?post=111853"}],"curies":[{"name":"wp","href":"https:\/\/api.w.org\/{rel}","templated":true}]}}