{"id":111850,"date":"2025-05-29T13:14:44","date_gmt":"2025-05-29T11:14:44","guid":{"rendered":"https:\/\/abinox-chr-clim.com\/index.php\/product\/recharge-de-gaz-butane-et-propane-220g-lot-de-12\/"},"modified":"2026-04-14T09:12:33","modified_gmt":"2026-04-14T07:12:33","slug":"recharge-de-gaz-butane-et-propane-220g-lot-de-12","status":"publish","type":"product","link":"https:\/\/abinox-chr-clim.com\/index.php\/product\/recharge-de-gaz-butane-et-propane-220g-lot-de-12\/","title":{"rendered":"Recharge de gaz butane et propane 220g (lot de 12)"},"content":{"rendered":"<p>Id\u00e9al pour une utilisation en int\u00e9rieur, comme en ext\u00e9rieur.<\/p>\n<p>\u2022 Produit jusqu&rsquo;\u00e0 2 kW de chaleur lorsqu&rsquo;il est install\u00e9 sur un appareil compatible.<br \/>\u2022 Id\u00e9al pour le camping ou la restauration mobile<br \/>\u2022 Arr\u00eat automatique de s\u00e9curit\u00e9<br \/>\u2022 Jusqu&rsquo;\u00e0 2 heures d&rsquo;autonomie par appareil compatible<br \/>\u2022 Tr\u00e8s portable &#8211; pas besoin de brancher des c\u00e2bles d&rsquo;alimentation ou de gaz<br \/>\u2022 Remarque : en raison de la r\u00e9glementation relative \u00e0 la livraison de produits dangereux, cet article ne peut \u00eatre retourn\u00e9.<\/p>\n<p><b><u>Caract\u00e9ristiques du produit :<\/u><\/b><br \/>\u2022 Lot : 12.0<br \/>\u2022 Puissance : 2 kW<br \/>\u2022 Poids : 220 g.<\/p>\n","protected":false},"excerpt":{"rendered":"<p>220g<\/p>\n","protected":false},"featured_media":107281,"comment_status":"open","ping_status":"closed","template":"","meta":[],"product_brand":[],"product_cat":[1064,1297,1087,1093],"product_tag":[],"class_list":{"0":"post-111850","1":"product","2":"type-product","3":"status-publish","4":"has-post-thumbnail","6":"product_cat-cuisine","7":"product_cat-non-palettisable","8":"product_cat-patisserie","9":"product_cat-ustensiles","10":"product_shipping_class-free-shipping","12":"first","13":"instock","14":"featured","15":"taxable","16":"shipping-taxable","17":"purchasable","18":"product-type-simple"},"_links":{"self":[{"href":"https:\/\/abinox-chr-clim.com\/index.php\/wp-json\/wp\/v2\/product\/111850","targetHints":{"allow":["GET"]}}],"collection":[{"href":"https:\/\/abinox-chr-clim.com\/index.php\/wp-json\/wp\/v2\/product"}],"about":[{"href":"https:\/\/abinox-chr-clim.com\/index.php\/wp-json\/wp\/v2\/types\/product"}],"replies":[{"embeddable":true,"href":"https:\/\/abinox-chr-clim.com\/index.php\/wp-json\/wp\/v2\/comments?post=111850"}],"wp:featuredmedia":[{"embeddable":true,"href":"https:\/\/abinox-chr-clim.com\/index.php\/wp-json\/wp\/v2\/media\/107281"}],"wp:attachment":[{"href":"https:\/\/abinox-chr-clim.com\/index.php\/wp-json\/wp\/v2\/media?parent=111850"}],"wp:term":[{"taxonomy":"product_brand","embeddable":true,"href":"https:\/\/abinox-chr-clim.com\/index.php\/wp-json\/wp\/v2\/product_brand?post=111850"},{"taxonomy":"product_cat","embeddable":true,"href":"https:\/\/abinox-chr-clim.com\/index.php\/wp-json\/wp\/v2\/product_cat?post=111850"},{"taxonomy":"product_tag","embeddable":true,"href":"https:\/\/abinox-chr-clim.com\/index.php\/wp-json\/wp\/v2\/product_tag?post=111850"}],"curies":[{"name":"wp","href":"https:\/\/api.w.org\/{rel}","templated":true}]}}