{"id":111848,"date":"2025-05-29T13:14:40","date_gmt":"2025-05-29T11:14:40","guid":{"rendered":"https:\/\/abinox-chr-clim.com\/index.php\/product\/machine-a-pates-imperia-ipasta-classica-t-2-65mm\/"},"modified":"2026-04-02T10:30:44","modified_gmt":"2026-04-02T08:30:44","slug":"machine-a-pates-imperia-ipasta-classica-t-2-65mm","status":"publish","type":"product","link":"https:\/\/abinox-chr-clim.com\/index.php\/product\/machine-a-pates-imperia-ipasta-classica-t-2-65mm\/","title":{"rendered":"Machine \u00e0 p\u00e2tes Imperia iPasta Classica T.2\/6,5mm"},"content":{"rendered":"<p>Machine \u00e0 rouleaux tout en acier, pour des feuilles de p\u00e2tes de 23cm de large en 10 \u00e9paisseurs diff\u00e9rentes avec une \u00e9paisseur maximale de 10mm. 3 accessoires vendus s\u00e9par\u00e9ment. Accessoires disponibles en largeur de 2mm et 6,5mm. Disponible en version manuelle ou \u00e9lectrique.<\/p>\n<p>\u2022 Machine \u00e0 p\u00e2tes fabriqu\u00e9e en Italie, con\u00e7ue en acier chrom\u00e9<br \/>\u2022 Permet de r\u00e9aliser \u00e0 la fois des tagliatelles et des fettuccine<br \/>\u2022 Rouleaux r\u00e9glables avec 6 r\u00e9glages d&rsquo;\u00e9paisseur<br \/>\u2022 Comprend une pince de plan de travail et une tr\u00e9mie pour faciliter l&rsquo;utilisation<\/p>\n<p><b><u>Caract\u00e9ristiques du produit :<\/u><\/b><br \/>\u2022 Couleur : Argent.<\/p>\n","protected":false},"excerpt":{"rendered":"<p>Mat\u00e9riau : Acier chrom\u00e9. 6 r\u00e9glages d&rsquo;\u00e9paisseur<\/p>\n","protected":false},"featured_media":109241,"comment_status":"open","ping_status":"closed","template":"","meta":[],"product_brand":[],"product_cat":[1191,1160,1297,1179,1187],"product_tag":[],"class_list":{"0":"post-111848","1":"product","2":"type-product","3":"status-publish","4":"has-post-thumbnail","6":"product_cat-divers-petit-materiel","7":"product_cat-materiel-electrique-et-de-cuisson","8":"product_cat-non-palettisable","9":"product_cat-petit-materiel","10":"product_cat-preparation-des-aliments","11":"product_shipping_class-free-shipping","13":"first","14":"instock","15":"featured","16":"taxable","17":"shipping-taxable","18":"purchasable","19":"product-type-simple"},"_links":{"self":[{"href":"https:\/\/abinox-chr-clim.com\/index.php\/wp-json\/wp\/v2\/product\/111848","targetHints":{"allow":["GET"]}}],"collection":[{"href":"https:\/\/abinox-chr-clim.com\/index.php\/wp-json\/wp\/v2\/product"}],"about":[{"href":"https:\/\/abinox-chr-clim.com\/index.php\/wp-json\/wp\/v2\/types\/product"}],"replies":[{"embeddable":true,"href":"https:\/\/abinox-chr-clim.com\/index.php\/wp-json\/wp\/v2\/comments?post=111848"}],"wp:featuredmedia":[{"embeddable":true,"href":"https:\/\/abinox-chr-clim.com\/index.php\/wp-json\/wp\/v2\/media\/109241"}],"wp:attachment":[{"href":"https:\/\/abinox-chr-clim.com\/index.php\/wp-json\/wp\/v2\/media?parent=111848"}],"wp:term":[{"taxonomy":"product_brand","embeddable":true,"href":"https:\/\/abinox-chr-clim.com\/index.php\/wp-json\/wp\/v2\/product_brand?post=111848"},{"taxonomy":"product_cat","embeddable":true,"href":"https:\/\/abinox-chr-clim.com\/index.php\/wp-json\/wp\/v2\/product_cat?post=111848"},{"taxonomy":"product_tag","embeddable":true,"href":"https:\/\/abinox-chr-clim.com\/index.php\/wp-json\/wp\/v2\/product_tag?post=111848"}],"curies":[{"name":"wp","href":"https:\/\/api.w.org\/{rel}","templated":true}]}}