{"id":111847,"date":"2025-05-29T13:14:39","date_gmt":"2025-05-29T11:14:39","guid":{"rendered":"https:\/\/abinox-chr-clim.com\/index.php\/product\/theiere-inox-olympia-cosmos-14l\/"},"modified":"2026-04-24T09:12:36","modified_gmt":"2026-04-24T07:12:36","slug":"theiere-inox-olympia-cosmos-14l","status":"publish","type":"product","link":"https:\/\/abinox-chr-clim.com\/index.php\/product\/theiere-inox-olympia-cosmos-14l\/","title":{"rendered":"Th\u00e9i\u00e8re inox Olympia Cosmos 1,4L"},"content":{"rendered":"<p>Gamme contemporaine en acier inoxydable hautement poli tr\u00e8s r\u00e9sistant. Bec verseur anti goutte, poign\u00e9e r\u00e9fractaire \u00e0 la chaleur et support pour le pouce pour verser.<\/p>\n<p>\u2022 Finition miroir hautement polie offrant un look \u00e9l\u00e9gant<br \/>\u2022 Poign\u00e9e r\u00e9sistante \u00e0 la chaleur pour ne pas se br\u00fbler les mains<br \/>\u2022 Grand bec verseur anti-goutte garantissant un versement de pr\u00e9cision<br \/>\u2022 Mat\u00e9riau lavable au lave-vaisselle pour un nettoyage simple<br \/>\u2022 Le mat\u00e9riau en acier inoxydable donne au pot une bonne r\u00e9sistance et est anti-corrosion<br \/>\u2022 Le mod\u00e8le \u00e0 charni\u00e8re maintient le couvercle rattach\u00e9 de mani\u00e8re s\u00fbre \u00e0 la th\u00e9i\u00e8re<br \/>\u2022 Le couvercle retient \u00e9galement la chaleur pour garder les boissons plus chaudes plus longtemps<br \/>\u2022 Une large ouverture assure un remplissage simple<br \/>\u2022 Le mod\u00e8le compact permet de gagner de l&rsquo;espace de rangement<\/p>\n<p><b><u>Caract\u00e9ristiques du produit :<\/u><\/b><br \/>\u2022 Dim. : 177(H) x 220(L) x 133(P)mm<br \/>\u2022 Mati\u00e8re : Inox<br \/>\u2022 Poids : 680 g<br \/>\u2022 Couleur : Argent.<\/p>\n","protected":false},"excerpt":{"rendered":"<p>1,4L<\/p>\n","protected":false},"featured_media":109239,"comment_status":"open","ping_status":"closed","template":"","meta":[],"product_brand":[],"product_cat":[1297,1106,1140,1145],"product_tag":[],"class_list":{"0":"post-111847","1":"product","2":"type-product","3":"status-publish","4":"has-post-thumbnail","6":"product_cat-non-palettisable","7":"product_cat-restaurant-bar-et-hotel","8":"product_cat-service-boissons","9":"product_cat-theieres-et-cafetieres","10":"product_shipping_class-free-shipping","12":"first","13":"instock","14":"featured","15":"taxable","16":"shipping-taxable","17":"purchasable","18":"product-type-simple"},"_links":{"self":[{"href":"https:\/\/abinox-chr-clim.com\/index.php\/wp-json\/wp\/v2\/product\/111847","targetHints":{"allow":["GET"]}}],"collection":[{"href":"https:\/\/abinox-chr-clim.com\/index.php\/wp-json\/wp\/v2\/product"}],"about":[{"href":"https:\/\/abinox-chr-clim.com\/index.php\/wp-json\/wp\/v2\/types\/product"}],"replies":[{"embeddable":true,"href":"https:\/\/abinox-chr-clim.com\/index.php\/wp-json\/wp\/v2\/comments?post=111847"}],"wp:featuredmedia":[{"embeddable":true,"href":"https:\/\/abinox-chr-clim.com\/index.php\/wp-json\/wp\/v2\/media\/109239"}],"wp:attachment":[{"href":"https:\/\/abinox-chr-clim.com\/index.php\/wp-json\/wp\/v2\/media?parent=111847"}],"wp:term":[{"taxonomy":"product_brand","embeddable":true,"href":"https:\/\/abinox-chr-clim.com\/index.php\/wp-json\/wp\/v2\/product_brand?post=111847"},{"taxonomy":"product_cat","embeddable":true,"href":"https:\/\/abinox-chr-clim.com\/index.php\/wp-json\/wp\/v2\/product_cat?post=111847"},{"taxonomy":"product_tag","embeddable":true,"href":"https:\/\/abinox-chr-clim.com\/index.php\/wp-json\/wp\/v2\/product_tag?post=111847"}],"curies":[{"name":"wp","href":"https:\/\/api.w.org\/{rel}","templated":true}]}}